{"id":748,"date":"2022-04-06T07:56:03","date_gmt":"2022-04-06T07:56:03","guid":{"rendered":"https:\/\/www.siderlandet.no\/?page_id=748"},"modified":"2024-02-06T12:39:05","modified_gmt":"2024-02-06T12:39:05","slug":"om-oss","status":"publish","type":"page","link":"https:\/\/www.siderlandet.no\/nl\/om-oss\/","title":{"rendered":"Om oss"},"content":{"rendered":"<img loading=\"lazy\" decoding=\"async\" src=\"https:\/\/www.siderlandet.no\/wp-content\/uploads\/2022\/04\/hanen-logo.png\" alt=\"hanen logo\" itemprop=\"image\" height=\"200\" width=\"200\" title=\"hanen logo\" onerror=\"this.style.display='none'\"  \/>\n\tDe website Siderlandet is het complete overzicht van de Noorse cider- en fruitwijnsector en bevat alle Noorse producenten van cider en fruitwijn.\nDe website is opgericht en wordt beheerd door <a href=\"https:\/\/www.hanen.no\/\">HANEN &#8211; n\u00e6ringsorganisasjon for g\u00e5rdsmat og bygdeturisme i Norge.<\/a> HANEN vertegenwoordigt Noorse cider- en fruitwijnproducenten en werkt nauw samen met hun producentengroepen.\n<p>Siderlandet biedt niet alleen een overzicht van alle producenten en hun producten, maar ook van aanbevolen toepassingen van cider en fruitwijn, evenals smakelijke combinaties met eten.\nBoerderijwinkels en horecagelegenheden met een goed aanbod aan Noorse ciders en fruitwijnen worden ook op de kaart weergegeven.\n\nDe geschiedenis van Noorse cider en fruitwijn, en hun plaats binnen de Noorse fruitwijntraditie, is boeiend leesmateriaal en vormt de achtergrond voor de innovatieve ontwikkeling van vandaag.\nWe hebben een smaakwiel voor Noorse cider en fruitwijn ontwikkeld om mensen te helpen hun eigen favorieten te ontdekken.<\/p>\n<p>We hopen dat je de website waardeert en dat die bijdraagt aan het vergroten van de bekendheid en interesse in Noorse cider en fruitwijn!<\/p>","protected":false},"excerpt":{"rendered":"<p>Nettstedet Siderlandet er den norske sidern\u00e6ringens og fruktvinbransjens helhetlige oversikt over alle norske sider- og fruktvinprodusenter. Nettstedet er etablert og eies av HANEN &#8211; n\u00e6ringsorganisasjon for g\u00e5rdsmat og bygdeturisme i Norge. HANEN organiserer norske sider- og fruktvinprodusenter og samarbeider n\u00e6rt med deres produsentlag. Nettstedet Siderlandet gir en oversikt, ikke bare over alle produsentene og deres&hellip;<\/p>","protected":false},"author":1,"featured_media":1279,"parent":0,"menu_order":0,"comment_status":"closed","ping_status":"closed","template":"","meta":{"_acf_changed":false,"footnotes":""},"class_list":["post-748","page","type-page","status-publish","has-post-thumbnail","hentry"],"acf":[],"yoast_head":"<!-- This site is optimized with the Yoast SEO plugin v25.9 - https:\/\/yoast.com\/wordpress\/plugins\/seo\/ -->\n<title>Om oss - Siderlandet<\/title>\n<meta name=\"robots\" content=\"index, follow, max-snippet:-1, max-image-preview:large, max-video-preview:-1\" \/>\n<link rel=\"canonical\" href=\"https:\/\/www.siderlandet.no\/nl\/om-oss\/\" \/>\n<meta property=\"og:locale\" content=\"nl_NL\" \/>\n<meta property=\"og:type\" content=\"article\" \/>\n<meta property=\"og:title\" content=\"Om oss - Siderlandet\" \/>\n<meta property=\"og:description\" content=\"Nettstedet Siderlandet er den norske sidern\u00e6ringens og fruktvinbransjens helhetlige oversikt over alle norske sider- og fruktvinprodusenter. Nettstedet er etablert og eies av HANEN &#8211; n\u00e6ringsorganisasjon for g\u00e5rdsmat og bygdeturisme i Norge. HANEN organiserer norske sider- og fruktvinprodusenter og samarbeider n\u00e6rt med deres produsentlag. Nettstedet Siderlandet gir en oversikt, ikke bare over alle produsentene og deres&hellip;\" \/>\n<meta property=\"og:url\" content=\"https:\/\/www.siderlandet.no\/nl\/om-oss\/\" \/>\n<meta property=\"og:site_name\" content=\"Siderlandet\" \/>\n<meta property=\"article:publisher\" content=\"https:\/\/www.facebook.com\/siderlandetnorge\/\" \/>\n<meta property=\"article:modified_time\" content=\"2024-02-06T12:39:05+00:00\" \/>\n<meta property=\"og:image\" content=\"https:\/\/www.siderlandet.no\/wp-content\/uploads\/2022\/04\/hanen-logo.png\" \/>\n\t<meta property=\"og:image:width\" content=\"200\" \/>\n\t<meta property=\"og:image:height\" content=\"200\" \/>\n\t<meta property=\"og:image:type\" content=\"image\/png\" \/>\n<meta name=\"twitter:card\" content=\"summary_large_image\" \/>\n<meta name=\"twitter:label1\" content=\"Verwachte leestijd\" \/>\n\t<meta name=\"twitter:data1\" content=\"1 minuut\" \/>\n<script type=\"application\/ld+json\" class=\"yoast-schema-graph\">{\"@context\":\"https:\/\/schema.org\",\"@graph\":[{\"@type\":\"WebPage\",\"@id\":\"https:\/\/www.siderlandet.no\/om-oss\/\",\"url\":\"https:\/\/www.siderlandet.no\/om-oss\/\",\"name\":\"Om oss - Siderlandet\",\"isPartOf\":{\"@id\":\"https:\/\/www.siderlandet.no\/#website\"},\"primaryImageOfPage\":{\"@id\":\"https:\/\/www.siderlandet.no\/om-oss\/#primaryimage\"},\"image\":{\"@id\":\"https:\/\/www.siderlandet.no\/om-oss\/#primaryimage\"},\"thumbnailUrl\":\"https:\/\/www.siderlandet.no\/wp-content\/uploads\/2022\/04\/hanen-logo.png\",\"datePublished\":\"2022-04-06T07:56:03+00:00\",\"dateModified\":\"2024-02-06T12:39:05+00:00\",\"breadcrumb\":{\"@id\":\"https:\/\/www.siderlandet.no\/om-oss\/#breadcrumb\"},\"inLanguage\":\"nl-NL\",\"potentialAction\":[{\"@type\":\"ReadAction\",\"target\":[\"https:\/\/www.siderlandet.no\/om-oss\/\"]}]},{\"@type\":\"ImageObject\",\"inLanguage\":\"nl-NL\",\"@id\":\"https:\/\/www.siderlandet.no\/om-oss\/#primaryimage\",\"url\":\"https:\/\/www.siderlandet.no\/wp-content\/uploads\/2022\/04\/hanen-logo.png\",\"contentUrl\":\"https:\/\/www.siderlandet.no\/wp-content\/uploads\/2022\/04\/hanen-logo.png\",\"width\":200,\"height\":200},{\"@type\":\"BreadcrumbList\",\"@id\":\"https:\/\/www.siderlandet.no\/om-oss\/#breadcrumb\",\"itemListElement\":[{\"@type\":\"ListItem\",\"position\":1,\"name\":\"Hjem\",\"item\":\"https:\/\/www.siderlandet.no\/\"},{\"@type\":\"ListItem\",\"position\":2,\"name\":\"Om oss\"}]},{\"@type\":\"WebSite\",\"@id\":\"https:\/\/www.siderlandet.no\/#website\",\"url\":\"https:\/\/www.siderlandet.no\/\",\"name\":\"Siderlandet Norge\",\"description\":\"All norsk sider p\u00e5 ett sted\",\"publisher\":{\"@id\":\"https:\/\/www.siderlandet.no\/#organization\"},\"potentialAction\":[{\"@type\":\"SearchAction\",\"target\":{\"@type\":\"EntryPoint\",\"urlTemplate\":\"https:\/\/www.siderlandet.no\/?s={search_term_string}\"},\"query-input\":{\"@type\":\"PropertyValueSpecification\",\"valueRequired\":true,\"valueName\":\"search_term_string\"}}],\"inLanguage\":\"nl-NL\"},{\"@type\":\"Organization\",\"@id\":\"https:\/\/www.siderlandet.no\/#organization\",\"name\":\"Siderlandet Norge\",\"url\":\"https:\/\/www.siderlandet.no\/\",\"logo\":{\"@type\":\"ImageObject\",\"inLanguage\":\"nl-NL\",\"@id\":\"https:\/\/www.siderlandet.no\/#\/schema\/logo\/image\/\",\"url\":\"https:\/\/www.siderlandet.no\/wp-content\/uploads\/2023\/02\/Siderlandet_Staende_sort.png\",\"contentUrl\":\"https:\/\/www.siderlandet.no\/wp-content\/uploads\/2023\/02\/Siderlandet_Staende_sort.png\",\"width\":1867,\"height\":1372,\"caption\":\"Siderlandet Norge\"},\"image\":{\"@id\":\"https:\/\/www.siderlandet.no\/#\/schema\/logo\/image\/\"},\"sameAs\":[\"https:\/\/www.facebook.com\/siderlandetnorge\/\",\"https:\/\/www.instagram.com\/siderlandet\/\"]}]}<\/script>\n<!-- \/ Yoast SEO plugin. -->","yoast_head_json":{"title":"Om oss - Siderlandet","robots":{"index":"index","follow":"follow","max-snippet":"max-snippet:-1","max-image-preview":"max-image-preview:large","max-video-preview":"max-video-preview:-1"},"canonical":"https:\/\/www.siderlandet.no\/nl\/om-oss\/","og_locale":"nl_NL","og_type":"article","og_title":"Om oss - Siderlandet","og_description":"Nettstedet Siderlandet er den norske sidern\u00e6ringens og fruktvinbransjens helhetlige oversikt over alle norske sider- og fruktvinprodusenter. Nettstedet er etablert og eies av HANEN &#8211; n\u00e6ringsorganisasjon for g\u00e5rdsmat og bygdeturisme i Norge. HANEN organiserer norske sider- og fruktvinprodusenter og samarbeider n\u00e6rt med deres produsentlag. Nettstedet Siderlandet gir en oversikt, ikke bare over alle produsentene og deres&hellip;","og_url":"https:\/\/www.siderlandet.no\/nl\/om-oss\/","og_site_name":"Siderlandet","article_publisher":"https:\/\/www.facebook.com\/siderlandetnorge\/","article_modified_time":"2024-02-06T12:39:05+00:00","og_image":[{"width":200,"height":200,"url":"https:\/\/www.siderlandet.no\/wp-content\/uploads\/2022\/04\/hanen-logo.png","type":"image\/png"}],"twitter_card":"summary_large_image","twitter_misc":{"Verwachte leestijd":"1 minuut"},"schema":{"@context":"https:\/\/schema.org","@graph":[{"@type":"WebPage","@id":"https:\/\/www.siderlandet.no\/om-oss\/","url":"https:\/\/www.siderlandet.no\/om-oss\/","name":"Om oss - Siderlandet","isPartOf":{"@id":"https:\/\/www.siderlandet.no\/#website"},"primaryImageOfPage":{"@id":"https:\/\/www.siderlandet.no\/om-oss\/#primaryimage"},"image":{"@id":"https:\/\/www.siderlandet.no\/om-oss\/#primaryimage"},"thumbnailUrl":"https:\/\/www.siderlandet.no\/wp-content\/uploads\/2022\/04\/hanen-logo.png","datePublished":"2022-04-06T07:56:03+00:00","dateModified":"2024-02-06T12:39:05+00:00","breadcrumb":{"@id":"https:\/\/www.siderlandet.no\/om-oss\/#breadcrumb"},"inLanguage":"nl-NL","potentialAction":[{"@type":"ReadAction","target":["https:\/\/www.siderlandet.no\/om-oss\/"]}]},{"@type":"ImageObject","inLanguage":"nl-NL","@id":"https:\/\/www.siderlandet.no\/om-oss\/#primaryimage","url":"https:\/\/www.siderlandet.no\/wp-content\/uploads\/2022\/04\/hanen-logo.png","contentUrl":"https:\/\/www.siderlandet.no\/wp-content\/uploads\/2022\/04\/hanen-logo.png","width":200,"height":200},{"@type":"BreadcrumbList","@id":"https:\/\/www.siderlandet.no\/om-oss\/#breadcrumb","itemListElement":[{"@type":"ListItem","position":1,"name":"Hjem","item":"https:\/\/www.siderlandet.no\/"},{"@type":"ListItem","position":2,"name":"Om oss"}]},{"@type":"WebSite","@id":"https:\/\/www.siderlandet.no\/#website","url":"https:\/\/www.siderlandet.no\/","name":"Siderlandet Norge","description":"All norsk sider p\u00e5 ett sted","publisher":{"@id":"https:\/\/www.siderlandet.no\/#organization"},"potentialAction":[{"@type":"SearchAction","target":{"@type":"EntryPoint","urlTemplate":"https:\/\/www.siderlandet.no\/?s={search_term_string}"},"query-input":{"@type":"PropertyValueSpecification","valueRequired":true,"valueName":"search_term_string"}}],"inLanguage":"nl-NL"},{"@type":"Organization","@id":"https:\/\/www.siderlandet.no\/#organization","name":"Siderlandet Norge","url":"https:\/\/www.siderlandet.no\/","logo":{"@type":"ImageObject","inLanguage":"nl-NL","@id":"https:\/\/www.siderlandet.no\/#\/schema\/logo\/image\/","url":"https:\/\/www.siderlandet.no\/wp-content\/uploads\/2023\/02\/Siderlandet_Staende_sort.png","contentUrl":"https:\/\/www.siderlandet.no\/wp-content\/uploads\/2023\/02\/Siderlandet_Staende_sort.png","width":1867,"height":1372,"caption":"Siderlandet Norge"},"image":{"@id":"https:\/\/www.siderlandet.no\/#\/schema\/logo\/image\/"},"sameAs":["https:\/\/www.facebook.com\/siderlandetnorge\/","https:\/\/www.instagram.com\/siderlandet\/"]}]}},"_links":{"self":[{"href":"https:\/\/www.siderlandet.no\/nl\/wp-json\/wp\/v2\/pages\/748","targetHints":{"allow":["GET"]}}],"collection":[{"href":"https:\/\/www.siderlandet.no\/nl\/wp-json\/wp\/v2\/pages"}],"about":[{"href":"https:\/\/www.siderlandet.no\/nl\/wp-json\/wp\/v2\/types\/page"}],"author":[{"embeddable":true,"href":"https:\/\/www.siderlandet.no\/nl\/wp-json\/wp\/v2\/users\/1"}],"replies":[{"embeddable":true,"href":"https:\/\/www.siderlandet.no\/nl\/wp-json\/wp\/v2\/comments?post=748"}],"version-history":[{"count":8,"href":"https:\/\/www.siderlandet.no\/nl\/wp-json\/wp\/v2\/pages\/748\/revisions"}],"predecessor-version":[{"id":6422,"href":"https:\/\/www.siderlandet.no\/nl\/wp-json\/wp\/v2\/pages\/748\/revisions\/6422"}],"wp:featuredmedia":[{"embeddable":true,"href":"https:\/\/www.siderlandet.no\/nl\/wp-json\/wp\/v2\/media\/1279"}],"wp:attachment":[{"href":"https:\/\/www.siderlandet.no\/nl\/wp-json\/wp\/v2\/media?parent=748"}],"curies":[{"name":"wp","href":"https:\/\/api.w.org\/{rel}","templated":true}]}}