{"id":133,"date":"2022-02-11T12:41:27","date_gmt":"2022-02-11T12:41:27","guid":{"rendered":"https:\/\/www.siderlandet.no\/?page_id=133"},"modified":"2026-02-09T12:56:40","modified_gmt":"2026-02-09T12:56:40","slug":"siderlandet-norge","status":"publish","type":"page","link":"https:\/\/www.siderlandet.no\/nl\/","title":{"rendered":"Hjem"},"content":{"rendered":"<a href=\"https:\/\/www.siderlandet.no\/nl\/kategori\/produsent\/\" target=\"_self\">\n\t\t\t\t\t\t\tPRODUSENTER\n\t\t\t\t\t<\/a>\n\t\t\t<a href=\"https:\/\/www.siderlandet.no\/nl\/kategori\/produktkategorier\/\" target=\"_self\">\n\t\t\t\t\t\t\tPRODUKTER\n\t\t\t\t\t<\/a>\n\t\t\t\t<a href=\"https:\/\/www.siderlandet.no\/nl\/den-norske-siderruta-vestlandet\/\"  target=\"_self\" itemprop=\"url\">\n\t\t\t\t<img loading=\"lazy\" decoding=\"async\" src=\"https:\/\/www.siderlandet.no\/wp-content\/uploads\/2024\/06\/red-stamp-297x300.png\" alt=\"red stamp\" itemprop=\"image\" height=\"300\" width=\"297\" title=\"red stamp\" onerror=\"this.style.display='none'\"  \/>\n\t\t\t\t<\/a>\n\t<p>Opplev Vestlandets unike siderkultur med Den Norske Siderruta! Utforsk sjarmerende siderg\u00e5rder, smak p\u00e5 prisvinnende sider, og nyt spektakul\u00e6r natur langs denne spennende ruten. Perfekt for siderentusiaster og eventyrlystne reisende som \u00f8nsker \u00e5 oppleve det beste av lokal matkultur og landskap. Bli med p\u00e5 en smakfull reise gjennom vakre Vestlandet og oppdag nye favoritter blant de mange sidervariantene.<\/p>\n<p><a href=\"https:\/\/www.siderlandet.no\/nl\/den-norske-siderruta-vestlandet\/\">Les mer om siderruta p\u00e5 Vestlandet her<\/a><\/p>\n<h2>\n\t\tAKTUELT\n\t<\/h2>\n\t\t\t<a href=\"https:\/\/www.siderlandet.no\/nl\/aktuelt\/\" target=\"_self\">\n\t\t\t\t\t\t\tFlere aktuelle saker her\n\t\t\t\t\t<\/a>\n\t\t\t\t<a href=\"https:\/\/www.hanen.no\/fra-epletre-pa-vestlandet-til-sushi-i-japan\/\"  target=\"_self\" itemprop=\"url\">\n\t\t\t\t<img loading=\"lazy\" decoding=\"async\" src=\"https:\/\/www.siderlandet.no\/wp-content\/uploads\/2026\/02\/att.aozxelD5Qw9RWRJfmBK1beDxB5vDsGLYDl5bXEHVBYU.jpg\" alt=\"Apal Sideri og OmCider satser i Japan\" itemprop=\"image\" height=\"963\" width=\"1536\" title=\"Apal Sideri og OmCider satser i Japan\" onerror=\"this.style.display='none'\"  \/>\n\t\t\t\t<\/a>\n<h2>\n\t\t<a href=\"https:\/\/www.hanen.no\/fra-epletre-pa-vestlandet-til-sushi-i-japan\/\" title=\"Norsk sider p\u00e5 vei ut i verden\"  target=\"_self\">\n\t\tNorsk sider p\u00e5 vei ut i verden\n\t\t<\/a>\n\t<\/h2>\n\t\t\t\t<a href=\"https:\/\/www.siderlandet.no\/nl\/nordre-bergan-gard\/\"  target=\"_self\" itemprop=\"url\">\n\t\t\t\t<img loading=\"lazy\" decoding=\"async\" src=\"https:\/\/www.siderlandet.no\/wp-content\/uploads\/2025\/02\/Norde-Bergan-gard-Mikkel-Stokke-Tomine-Vikse--768x1024.jpg\" alt=\"Norde Bergan g\u00e5rd, Mikkel Stokke, Tomine Vikse\" itemprop=\"image\" height=\"1024\" width=\"768\" title=\"Norde Bergan g\u00e5rd, Mikkel Stokke, Tomine Vikse\" onerror=\"this.style.display='none'\"  \/>\n\t\t\t\t<\/a>\n<h2>\n\t\t<a href=\"https:\/\/www.siderlandet.no\/nl\/nordre-bergan-gard\/\" title=\"Dr\u00f8mmen om et liv p\u00e5 landet\"  target=\"_self\">\n\t\tDr\u00f8mmen om et liv p\u00e5 landet\n\t\t<\/a>\n\t<\/h2>\n\t\t\t\t<a href=\"https:\/\/www.siderlandet.no\/nl\/mat-og-sider-i-kombinasjon\/\"  target=\"_self\" itemprop=\"url\">\n\t\t\t\t<img loading=\"lazy\" decoding=\"async\" src=\"https:\/\/www.siderlandet.no\/wp-content\/uploads\/2022\/03\/Siderbord-886x1024.jpg\" alt=\"Siderbord\" itemprop=\"image\" height=\"1024\" width=\"886\" title=\"Siderbord\" onerror=\"this.style.display='none'\"  \/>\n\t\t\t\t<\/a>\n<h2>\n\t\t<a href=\"https:\/\/www.siderlandet.no\/nl\/mat-og-sider-i-kombinasjon\/\" title=\"Norsk sider og mat\"  target=\"_self\">\n\t\tNorsk sider og mat\n\t\t<\/a>\n\t<\/h2>\n\t\t\t\t<a href=\"https:\/\/www.siderlandet.no\/nl\/tingvoll-sider-med-pasjon-for-gamle-eplesorter\/\"  target=\"_self\" itemprop=\"url\">\n\t\t\t\t<img loading=\"lazy\" decoding=\"async\" src=\"https:\/\/www.siderlandet.no\/wp-content\/uploads\/2024\/07\/Tingvoll-Sider-Silje-i-lysthuset-Trude-Elisabeth-Henrichsen-683x1024.jpg\" alt=\"Tingvoll Sider, Silje i lysthuset Trude Elisabeth Henrichsen\" itemprop=\"image\" height=\"1024\" width=\"683\" title=\"Tingvoll Sider, Silje i lysthuset Trude Elisabeth Henrichsen\" onerror=\"this.style.display='none'\"  \/>\n\t\t\t\t<\/a>\n<h2>\n\t\t<a href=\"https:\/\/www.siderlandet.no\/nl\/tingvoll-sider-med-pasjon-for-gamle-eplesorter\/\" title=\"Med pasjon for gamle eplesorter\"  target=\"_self\">\n\t\tMed pasjon for gamle eplesorter\n\t\t<\/a>\n\t<\/h2>\n\t\t\t\t<a href=\"https:\/\/www.siderlandet.no\/nl\/alkoholfri-sider-til-17-mai\/\"  target=\"_self\" itemprop=\"url\">\n\t\t\t\t<img loading=\"lazy\" decoding=\"async\" src=\"https:\/\/www.siderlandet.no\/wp-content\/uploads\/2022\/06\/cider-tasting-foto-David-Zaid-300x200.jpg\" alt=\"cider tasting foto David Zaid\" itemprop=\"image\" height=\"200\" width=\"300\" title=\"cider tasting foto David Zaid\" onerror=\"this.style.display='none'\"  \/>\n\t\t\t\t<\/a>\n<h2>\n\t\t<a href=\"https:\/\/www.siderlandet.no\/nl\/norske-siderstiler\/\" title=\"Norske siderstiler\"  target=\"_self\">\n\t\tNorske siderstiler\n\t\t<\/a>\n\t<\/h2>\n\t\t\t\t<a href=\"https:\/\/www.siderlandet.no\/nl\/sider-og-ost\/\"  target=\"_self\" itemprop=\"url\">\n\t\t\t\t<img loading=\"lazy\" decoding=\"async\" src=\"https:\/\/www.siderlandet.no\/wp-content\/uploads\/2022\/03\/Sider-ogost.png\" alt=\"Sider ogost\" itemprop=\"image\" height=\"703\" width=\"1015\" title=\"Sider ogost\" onerror=\"this.style.display='none'\"  \/>\n\t\t\t\t<\/a>\n<h2>\n\t\t<a href=\"https:\/\/www.siderlandet.no\/nl\/sider-og-ost\/\" title=\"Sider og ost\"  target=\"_self\">\n\t\tSider og ost\n\t\t<\/a>\n\t<\/h2>\n\t\t\t\t<a href=\"https:\/\/www.siderlandet.no\/nl\/om-sider\/\"  target=\"_self\" itemprop=\"url\">\n\t\t\t\t<img loading=\"lazy\" decoding=\"async\" src=\"https:\/\/www.siderlandet.no\/wp-content\/uploads\/2022\/03\/Siderlandet_Illustrasjon_4-1024x576.jpg\" alt=\"Dronebilde over N\u00e5 i Vikebygd (mars, 2022). De r\u00f8de bygninger nede til venstre er Edel Sideri og den fine, hvite bygningen som ligger ytterst p\u00e5 kaiplassen er fine dining restauranten Siderhuset Ola K. Droneansvarlig: Thor Oddvar Havn.\" itemprop=\"image\" height=\"576\" width=\"1024\" title=\"Siderlandet_Illustrasjon_4\" onerror=\"this.style.display='none'\"  \/>\n\t\t\t\t<\/a>\n<h2>\n\t\t<a href=\"https:\/\/www.siderlandet.no\/nl\/om-sider\/\" title=\"Siderhistorie\"  target=\"_self\">\n\t\tSiderhistorie\n\t\t<\/a>\n\t<\/h2>\n<h2>\n\t\tRegistrering p\u00e5 nettsiden\n\t<\/h2>\n\t<p>Er du siderprodusent eller har du et rikt utvalg av Norsk sider i restauranten eller g\u00e5rdsutsalget ditt?<\/p>\n<p>Og er du ikke synlig p\u00e5 Siderlandet Norge?<\/p>\n<p>Fyll ut skjema(ene) under for \u00e5 bli synlig her p\u00e5 denne nettsiden med oversikt over Norsk sider og Norske siderprodusenter.<\/p>\n<p><img loading=\"lazy\" decoding=\"async\" src=\"https:\/\/www.siderlandet.no\/wp-content\/uploads\/2023\/02\/Siderlandet_Staende_sort-300x220.png\" alt=\"\" width=\"70\" height=\"51\" \/><\/p>\n<p><a href=\"https:\/\/hanenno.wufoo.com\/forms\/m2f5a8o027pqrk\/\">Fyll inn informasjon om bedriften din her<\/a><\/p>\n<p><a href=\"https:\/\/hanenno.wufoo.com\/forms\/mnnwd831fw9wvb\/\">Fyll inn informasjon om sideren(e) din(e) her<\/a><\/p>\n<p><a href=\"https:\/\/hanenno.wufoo.com\/forms\/m1cex8qk0b8dybr\/\">Fyll inn informasjon om bedriften din hvis du er en &laquo;god sideradresse&raquo; med godt utvalg av norsk sider her<\/a><\/p>\n<h3>\n\t\tAnsvarlig nytelse\n\t<\/h3>\n\tDet er viktig\u00a0\u00e5 v\u00e6re oppmerksom p\u00e5 de potensielle helsemessige konsekvensene ved overforbruk av alkohol.\nVi oppfordrer til ansvarlig alkoholkonsum. Mer om skadevirkninger av overdrevet bruk av alkohol kan du lese her:\u00a0<a href=\"https:\/\/www.helsenorge.no\/alkohol\/alkohol-og-helse\" target=\"_blank\" rel=\"noopener\" data-saferedirecturl=\"https:\/\/www.google.com\/url?q=https:\/\/www.helsenorge.no\/alkohol\/alkohol-og-helse&amp;source=gmail&amp;ust=1678780372985000&amp;usg=AOvVaw0I4P-cXQX2--InAxw8mSCV\">https:\/\/www.helsenorge.no\/<wbr \/>alkohol\/alkohol-og-helse<\/a>","protected":false},"excerpt":{"rendered":"<p>PRODUSENTER PRODUKTER Opplev Vestlandets unike siderkultur med Den Norske Siderruta! Utforsk sjarmerende siderg\u00e5rder, smak p\u00e5 prisvinnende sider, og nyt spektakul\u00e6r natur langs denne spennende ruten. Perfekt for siderentusiaster og eventyrlystne reisende som \u00f8nsker \u00e5 oppleve det beste av lokal matkultur og landskap. Bli med p\u00e5 en smakfull reise gjennom vakre Vestlandet og oppdag nye favoritter&hellip;<\/p>","protected":false},"author":1,"featured_media":144,"parent":0,"menu_order":0,"comment_status":"closed","ping_status":"closed","template":"","meta":{"_acf_changed":false,"footnotes":""},"class_list":["post-133","page","type-page","status-publish","has-post-thumbnail","hentry"],"acf":[],"yoast_head":"<!-- This site is optimized with the Yoast SEO plugin v25.9 - https:\/\/yoast.com\/wordpress\/plugins\/seo\/ -->\n<title>Hjem - Siderlandet Norge - Oversikt over all norsk sider<\/title>\n<meta name=\"description\" content=\"Siderlandet Norge tilbyr en full oversikt over alle siderprodusenter og produktene deres. Se hvor de holder til og hvor produktene selges.\" \/>\n<meta name=\"robots\" content=\"index, follow, max-snippet:-1, max-image-preview:large, max-video-preview:-1\" \/>\n<link rel=\"canonical\" href=\"https:\/\/www.siderlandet.no\/nl\/\" \/>\n<meta property=\"og:locale\" content=\"nl_NL\" \/>\n<meta property=\"og:type\" content=\"article\" \/>\n<meta property=\"og:title\" content=\"Siderlandet Norge\" \/>\n<meta property=\"og:description\" content=\"En nettside med oversikt over norske siderprodusenter og deres produkter\" \/>\n<meta property=\"og:url\" content=\"https:\/\/www.siderlandet.no\/nl\/\" \/>\n<meta property=\"og:site_name\" content=\"Siderlandet\" \/>\n<meta property=\"article:publisher\" content=\"https:\/\/www.facebook.com\/siderlandetnorge\/\" \/>\n<meta property=\"article:modified_time\" content=\"2026-02-09T12:56:40+00:00\" \/>\n<meta property=\"og:image\" content=\"https:\/\/www.siderlandet.no\/wp-content\/uploads\/2023\/06\/356185002_962038145005116_2411904346865333745_n.jpg\" \/>\n\t<meta property=\"og:image:width\" content=\"1170\" \/>\n\t<meta property=\"og:image:height\" content=\"1560\" \/>\n\t<meta property=\"og:image:type\" content=\"image\/jpeg\" \/>\n<meta name=\"twitter:card\" content=\"summary_large_image\" \/>\n<meta name=\"twitter:label1\" content=\"Verwachte leestijd\" \/>\n\t<meta name=\"twitter:data1\" content=\"7 minuten\" \/>\n<script type=\"application\/ld+json\" class=\"yoast-schema-graph\">{\"@context\":\"https:\/\/schema.org\",\"@graph\":[{\"@type\":\"WebPage\",\"@id\":\"https:\/\/www.siderlandet.no\/\",\"url\":\"https:\/\/www.siderlandet.no\/\",\"name\":\"Hjem - Siderlandet Norge - Oversikt over all norsk sider\",\"isPartOf\":{\"@id\":\"https:\/\/www.siderlandet.no\/#website\"},\"primaryImageOfPage\":{\"@id\":\"https:\/\/www.siderlandet.no\/#primaryimage\"},\"image\":{\"@id\":\"https:\/\/www.siderlandet.no\/#primaryimage\"},\"thumbnailUrl\":\"https:\/\/www.siderlandet.no\/wp-content\/uploads\/2022\/02\/Siderlandet_Liggende_positiv-1.png\",\"datePublished\":\"2022-02-11T12:41:27+00:00\",\"dateModified\":\"2026-02-09T12:56:40+00:00\",\"description\":\"Siderlandet Norge tilbyr en full oversikt over alle siderprodusenter og produktene deres. Se hvor de holder til og hvor produktene selges.\",\"breadcrumb\":{\"@id\":\"https:\/\/www.siderlandet.no\/#breadcrumb\"},\"inLanguage\":\"nl-NL\",\"potentialAction\":[{\"@type\":\"ReadAction\",\"target\":[\"https:\/\/www.siderlandet.no\/\"]}]},{\"@type\":\"ImageObject\",\"inLanguage\":\"nl-NL\",\"@id\":\"https:\/\/www.siderlandet.no\/#primaryimage\",\"url\":\"https:\/\/www.siderlandet.no\/wp-content\/uploads\/2022\/02\/Siderlandet_Liggende_positiv-1.png\",\"contentUrl\":\"https:\/\/www.siderlandet.no\/wp-content\/uploads\/2022\/02\/Siderlandet_Liggende_positiv-1.png\",\"width\":2481,\"height\":805},{\"@type\":\"BreadcrumbList\",\"@id\":\"https:\/\/www.siderlandet.no\/#breadcrumb\",\"itemListElement\":[{\"@type\":\"ListItem\",\"position\":1,\"name\":\"Hjem\",\"item\":\"https:\/\/www.siderlandet.no\/\"},{\"@type\":\"ListItem\",\"position\":2,\"name\":\"Hjem\"}]},{\"@type\":\"WebSite\",\"@id\":\"https:\/\/www.siderlandet.no\/#website\",\"url\":\"https:\/\/www.siderlandet.no\/\",\"name\":\"Siderlandet Norge\",\"description\":\"All norsk sider p\u00e5 ett sted\",\"publisher\":{\"@id\":\"https:\/\/www.siderlandet.no\/#organization\"},\"potentialAction\":[{\"@type\":\"SearchAction\",\"target\":{\"@type\":\"EntryPoint\",\"urlTemplate\":\"https:\/\/www.siderlandet.no\/?s={search_term_string}\"},\"query-input\":{\"@type\":\"PropertyValueSpecification\",\"valueRequired\":true,\"valueName\":\"search_term_string\"}}],\"inLanguage\":\"nl-NL\"},{\"@type\":\"Organization\",\"@id\":\"https:\/\/www.siderlandet.no\/#organization\",\"name\":\"Siderlandet Norge\",\"url\":\"https:\/\/www.siderlandet.no\/\",\"logo\":{\"@type\":\"ImageObject\",\"inLanguage\":\"nl-NL\",\"@id\":\"https:\/\/www.siderlandet.no\/#\/schema\/logo\/image\/\",\"url\":\"https:\/\/www.siderlandet.no\/wp-content\/uploads\/2023\/02\/Siderlandet_Staende_sort.png\",\"contentUrl\":\"https:\/\/www.siderlandet.no\/wp-content\/uploads\/2023\/02\/Siderlandet_Staende_sort.png\",\"width\":1867,\"height\":1372,\"caption\":\"Siderlandet Norge\"},\"image\":{\"@id\":\"https:\/\/www.siderlandet.no\/#\/schema\/logo\/image\/\"},\"sameAs\":[\"https:\/\/www.facebook.com\/siderlandetnorge\/\",\"https:\/\/www.instagram.com\/siderlandet\/\"]}]}<\/script>\n<!-- \/ Yoast SEO plugin. -->","yoast_head_json":{"title":"Hjem - Siderlandet Norge - Oversikt over all norsk sider","description":"Siderlandet Norge tilbyr en full oversikt over alle siderprodusenter og produktene deres. Se hvor de holder til og hvor produktene selges.","robots":{"index":"index","follow":"follow","max-snippet":"max-snippet:-1","max-image-preview":"max-image-preview:large","max-video-preview":"max-video-preview:-1"},"canonical":"https:\/\/www.siderlandet.no\/nl\/","og_locale":"nl_NL","og_type":"article","og_title":"Siderlandet Norge","og_description":"En nettside med oversikt over norske siderprodusenter og deres produkter","og_url":"https:\/\/www.siderlandet.no\/nl\/","og_site_name":"Siderlandet","article_publisher":"https:\/\/www.facebook.com\/siderlandetnorge\/","article_modified_time":"2026-02-09T12:56:40+00:00","og_image":[{"width":1170,"height":1560,"url":"https:\/\/www.siderlandet.no\/wp-content\/uploads\/2023\/06\/356185002_962038145005116_2411904346865333745_n.jpg","type":"image\/jpeg"}],"twitter_card":"summary_large_image","twitter_misc":{"Verwachte leestijd":"7 minuten"},"schema":{"@context":"https:\/\/schema.org","@graph":[{"@type":"WebPage","@id":"https:\/\/www.siderlandet.no\/","url":"https:\/\/www.siderlandet.no\/","name":"Hjem - Siderlandet Norge - Oversikt over all norsk sider","isPartOf":{"@id":"https:\/\/www.siderlandet.no\/#website"},"primaryImageOfPage":{"@id":"https:\/\/www.siderlandet.no\/#primaryimage"},"image":{"@id":"https:\/\/www.siderlandet.no\/#primaryimage"},"thumbnailUrl":"https:\/\/www.siderlandet.no\/wp-content\/uploads\/2022\/02\/Siderlandet_Liggende_positiv-1.png","datePublished":"2022-02-11T12:41:27+00:00","dateModified":"2026-02-09T12:56:40+00:00","description":"Siderlandet Norge tilbyr en full oversikt over alle siderprodusenter og produktene deres. Se hvor de holder til og hvor produktene selges.","breadcrumb":{"@id":"https:\/\/www.siderlandet.no\/#breadcrumb"},"inLanguage":"nl-NL","potentialAction":[{"@type":"ReadAction","target":["https:\/\/www.siderlandet.no\/"]}]},{"@type":"ImageObject","inLanguage":"nl-NL","@id":"https:\/\/www.siderlandet.no\/#primaryimage","url":"https:\/\/www.siderlandet.no\/wp-content\/uploads\/2022\/02\/Siderlandet_Liggende_positiv-1.png","contentUrl":"https:\/\/www.siderlandet.no\/wp-content\/uploads\/2022\/02\/Siderlandet_Liggende_positiv-1.png","width":2481,"height":805},{"@type":"BreadcrumbList","@id":"https:\/\/www.siderlandet.no\/#breadcrumb","itemListElement":[{"@type":"ListItem","position":1,"name":"Hjem","item":"https:\/\/www.siderlandet.no\/"},{"@type":"ListItem","position":2,"name":"Hjem"}]},{"@type":"WebSite","@id":"https:\/\/www.siderlandet.no\/#website","url":"https:\/\/www.siderlandet.no\/","name":"Siderlandet Norge","description":"All norsk sider p\u00e5 ett sted","publisher":{"@id":"https:\/\/www.siderlandet.no\/#organization"},"potentialAction":[{"@type":"SearchAction","target":{"@type":"EntryPoint","urlTemplate":"https:\/\/www.siderlandet.no\/?s={search_term_string}"},"query-input":{"@type":"PropertyValueSpecification","valueRequired":true,"valueName":"search_term_string"}}],"inLanguage":"nl-NL"},{"@type":"Organization","@id":"https:\/\/www.siderlandet.no\/#organization","name":"Siderlandet Norge","url":"https:\/\/www.siderlandet.no\/","logo":{"@type":"ImageObject","inLanguage":"nl-NL","@id":"https:\/\/www.siderlandet.no\/#\/schema\/logo\/image\/","url":"https:\/\/www.siderlandet.no\/wp-content\/uploads\/2023\/02\/Siderlandet_Staende_sort.png","contentUrl":"https:\/\/www.siderlandet.no\/wp-content\/uploads\/2023\/02\/Siderlandet_Staende_sort.png","width":1867,"height":1372,"caption":"Siderlandet Norge"},"image":{"@id":"https:\/\/www.siderlandet.no\/#\/schema\/logo\/image\/"},"sameAs":["https:\/\/www.facebook.com\/siderlandetnorge\/","https:\/\/www.instagram.com\/siderlandet\/"]}]}},"_links":{"self":[{"href":"https:\/\/www.siderlandet.no\/nl\/wp-json\/wp\/v2\/pages\/133","targetHints":{"allow":["GET"]}}],"collection":[{"href":"https:\/\/www.siderlandet.no\/nl\/wp-json\/wp\/v2\/pages"}],"about":[{"href":"https:\/\/www.siderlandet.no\/nl\/wp-json\/wp\/v2\/types\/page"}],"author":[{"embeddable":true,"href":"https:\/\/www.siderlandet.no\/nl\/wp-json\/wp\/v2\/users\/1"}],"replies":[{"embeddable":true,"href":"https:\/\/www.siderlandet.no\/nl\/wp-json\/wp\/v2\/comments?post=133"}],"version-history":[{"count":170,"href":"https:\/\/www.siderlandet.no\/nl\/wp-json\/wp\/v2\/pages\/133\/revisions"}],"predecessor-version":[{"id":7633,"href":"https:\/\/www.siderlandet.no\/nl\/wp-json\/wp\/v2\/pages\/133\/revisions\/7633"}],"wp:featuredmedia":[{"embeddable":true,"href":"https:\/\/www.siderlandet.no\/nl\/wp-json\/wp\/v2\/media\/144"}],"wp:attachment":[{"href":"https:\/\/www.siderlandet.no\/nl\/wp-json\/wp\/v2\/media?parent=133"}],"curies":[{"name":"wp","href":"https:\/\/api.w.org\/{rel}","templated":true}]}}