{"id":1178,"date":"2022-04-13T15:37:46","date_gmt":"2022-04-13T15:37:46","guid":{"rendered":"https:\/\/www.siderlandet.no\/?page_id=1178"},"modified":"2026-02-10T12:54:37","modified_gmt":"2026-02-10T12:54:37","slug":"smakshjul","status":"publish","type":"page","link":"https:\/\/www.siderlandet.no\/nl\/smakshjul\/","title":{"rendered":"SMAKSHJUL"},"content":{"rendered":"<img loading=\"lazy\" decoding=\"async\" src=\"https:\/\/www.siderlandet.no\/wp-content\/uploads\/2022\/10\/Siderhjul_vannmerke31.jpg\" alt=\"Siderhjul_vannmerke3[1]\" itemprop=\"image\" height=\"1000\" width=\"1000\" title=\"Siderhjul_vannmerke3[1]\" onerror=\"this.style.display='none'\"  \/>\n<h2>\n\t\tSMAAKWIEL VOOR NOORSE CIDER\n\t<\/h2>\n\t<p>HANEN heeft een cider-smaakwiel gelanceerd voor het brede publiek.\nHet doel van het smaakwiel is om de diversiteit van Noorse cider te tonen en de consument te helpen een rijker smaak- en geurtaal te ontdekken binnen de wereld van cider.<\/p>\n\tNorsk sider, p\u00e5 lik linje med \u00f8l og vin og brennevin er et rikt og mangfoldig produkt og fortjener et folkelig aromahjul som kan hjelpe folk flest \u00e5 finne ut av hva en sider smaker og lukter p\u00e5 en underholdene og leken m\u00e5te. Hjulet er utarbeidet av Pommelier, \u00f8l-og vinssommerlier Hans Tryggvason, og designer June Grodatter. &#8211; Vi startet med \u00e5 samle alle aromabeskrivelser vi kunne finne om norsk sider, b\u00e5de hos Vinmonopolet, produsenter og anmeldelser. Prosessen videre var \u00e5 intervjue ulike produsenter, Vinmonopolet og eksperter for \u00e5 f\u00e5 en forst\u00e5else av produksjonsmetoder og r\u00e5varene. &#8211; Det har v\u00e6rt en spennende reise og vi ser p\u00e5 dette hjulet som versjon 1. Vi tror norsk sider er i bevegelse og at det vil komme mye spennende sider i fremtiden som krever en oppdatering av hjulet. &#8211; Vi h\u00e5per dette kan til v\u00e6re til hjelp og inspirere folk til \u00e5 smake mer p\u00e5 norsk sider,<br \/>\nzegt Hans Tryggvason.\n<h2>\n\t\tHoe gebruik je het smaakwiel voor cider\n\t<\/h2>\n<h4>\n\t\t1. Leer de productiemethoden kennen\n\t<\/h4>\n\t<p>Op de achterkant van het wiel vind je informatie over het productieproces. We hebben de belangrijkste kenmerken van de Noorse ciderproductie kort toegelicht, maar houd er rekening mee dat elke producent zijn cider op zijn eigen unieke manier maakt. Met dit wiel willen we laten zien dat verschillende processen bijdragen aan de uiteenlopende smaken van cider. Verschillende appelsoorten en variaties in fermentatie- en opslagmethoden zijn bepalend voor de geur en smaak van de cider.<\/p>\n<h4>\n\t\t2. Snelle analyse\n\t<\/h4>\n\t<p>We hebben vaak al een mening over een product voordat we het proeven. Daarom moedigen we iedereen aan om cider blind te proeven en je zintuigen het werk te laten doen. In het midden van het wiel vind je een glas voor een snelle analyse. Dit helpt je om je zintuigen op te warmen en bewuster te worden van wat er in je glas zit.<\/p>\n<h4>\n\t\t3. Herken geuren en smaken\n\t<\/h4>\n<h2>\n\t\tHer kan du kj\u00f8pe aromahjul for sider:\n\t<\/h2>\n\t\t\t<a href=\"https:\/\/buy.stripe.com\/eVqdR9dbaf6P8Y81TAdZ60a\" target=\"_self\">\n\t\t\t\t\t\t\tAromahjul sider\n\t\t\t\t\t<\/a>\n\t\t\t<a href=\"https:\/\/buy.stripe.com\/bJe00j6MM2k32zK1TAdZ60c\" target=\"_self\">\n\t\t\t\t\t\t\tAromahjul sider 10-pack \n\t\t\t\t\t<\/a>\n\t\t\t<a href=\"https:\/\/buy.stripe.com\/6oUfZhgnm4sb8Y88hYdZ60e\" target=\"_self\">\n\t\t\t\t\t\t\tAromahjul sider engelsk\n\t\t\t\t\t<\/a>\n\t<p>PS: Vi har ogs\u00e5 aromahjul for norsk fruktvin, \u00f8l, honning og ost. Kontakt oss p\u00e5 post@hanen.no dersom du \u00f8nsker andre kombinasjoner, antall eller har andre sp\u00f8rsm\u00e5l.<\/p>\n<h2>\n\t\tKanskje du ogs\u00e5 er interessert i&#8230;\n\t<\/h2>","protected":false},"excerpt":{"rendered":"<p>SMAKSHJUL NORSK SIDER HANEN har lansert et siderhjul for folk flest. Form\u00e5let med siderhjulet er \u00e5 vise mangfoldet i norsk sider og hjelpe forbruker \u00e5 oppdage et rikere spr\u00e5k innenfor siderens smaker og aroma. Norsk sider, p\u00e5 lik linje med \u00f8l og vin og brennevin er et rikt og mangfoldig produkt og fortjener et folkelig&hellip;<\/p>","protected":false},"author":1,"featured_media":0,"parent":0,"menu_order":0,"comment_status":"closed","ping_status":"closed","template":"","meta":{"_acf_changed":false,"footnotes":""},"class_list":["post-1178","page","type-page","status-publish","hentry"],"acf":[],"yoast_head":"<!-- This site is optimized with the Yoast SEO plugin v25.9 - https:\/\/yoast.com\/wordpress\/plugins\/seo\/ -->\n<title>SMAKSHJUL - Siderlandet<\/title>\n<meta name=\"robots\" content=\"index, follow, max-snippet:-1, max-image-preview:large, max-video-preview:-1\" \/>\n<link rel=\"canonical\" href=\"https:\/\/www.siderlandet.no\/nl\/smakshjul\/\" \/>\n<meta property=\"og:locale\" content=\"nl_NL\" \/>\n<meta property=\"og:type\" content=\"article\" \/>\n<meta property=\"og:title\" content=\"SMAKSHJUL - Siderlandet\" \/>\n<meta property=\"og:description\" content=\"SMAKSHJUL NORSK SIDER HANEN har lansert et siderhjul for folk flest. Form\u00e5let med siderhjulet er \u00e5 vise mangfoldet i norsk sider og hjelpe forbruker \u00e5 oppdage et rikere spr\u00e5k innenfor siderens smaker og aroma. Norsk sider, p\u00e5 lik linje med \u00f8l og vin og brennevin er et rikt og mangfoldig produkt og fortjener et folkelig&hellip;\" \/>\n<meta property=\"og:url\" content=\"https:\/\/www.siderlandet.no\/nl\/smakshjul\/\" \/>\n<meta property=\"og:site_name\" content=\"Siderlandet\" \/>\n<meta property=\"article:publisher\" content=\"https:\/\/www.facebook.com\/siderlandetnorge\/\" \/>\n<meta property=\"article:modified_time\" content=\"2026-02-10T12:54:37+00:00\" \/>\n<meta property=\"og:image\" content=\"https:\/\/www.siderlandet.no\/wp-content\/uploads\/2022\/10\/Siderhjul_vannmerke31.jpg\" \/>\n<meta name=\"twitter:card\" content=\"summary_large_image\" \/>\n<meta name=\"twitter:label1\" content=\"Verwachte leestijd\" \/>\n\t<meta name=\"twitter:data1\" content=\"3 minuten\" \/>\n<script type=\"application\/ld+json\" class=\"yoast-schema-graph\">{\"@context\":\"https:\/\/schema.org\",\"@graph\":[{\"@type\":\"WebPage\",\"@id\":\"https:\/\/www.siderlandet.no\/smakshjul\/\",\"url\":\"https:\/\/www.siderlandet.no\/smakshjul\/\",\"name\":\"SMAKSHJUL - Siderlandet\",\"isPartOf\":{\"@id\":\"https:\/\/www.siderlandet.no\/#website\"},\"primaryImageOfPage\":{\"@id\":\"https:\/\/www.siderlandet.no\/smakshjul\/#primaryimage\"},\"image\":{\"@id\":\"https:\/\/www.siderlandet.no\/smakshjul\/#primaryimage\"},\"thumbnailUrl\":\"https:\/\/www.siderlandet.no\/wp-content\/uploads\/2022\/10\/Siderhjul_vannmerke31.jpg\",\"datePublished\":\"2022-04-13T15:37:46+00:00\",\"dateModified\":\"2026-02-10T12:54:37+00:00\",\"breadcrumb\":{\"@id\":\"https:\/\/www.siderlandet.no\/smakshjul\/#breadcrumb\"},\"inLanguage\":\"nl-NL\",\"potentialAction\":[{\"@type\":\"ReadAction\",\"target\":[\"https:\/\/www.siderlandet.no\/smakshjul\/\"]}]},{\"@type\":\"ImageObject\",\"inLanguage\":\"nl-NL\",\"@id\":\"https:\/\/www.siderlandet.no\/smakshjul\/#primaryimage\",\"url\":\"https:\/\/www.siderlandet.no\/wp-content\/uploads\/2022\/10\/Siderhjul_vannmerke31.jpg\",\"contentUrl\":\"https:\/\/www.siderlandet.no\/wp-content\/uploads\/2022\/10\/Siderhjul_vannmerke31.jpg\"},{\"@type\":\"BreadcrumbList\",\"@id\":\"https:\/\/www.siderlandet.no\/smakshjul\/#breadcrumb\",\"itemListElement\":[{\"@type\":\"ListItem\",\"position\":1,\"name\":\"Hjem\",\"item\":\"https:\/\/www.siderlandet.no\/\"},{\"@type\":\"ListItem\",\"position\":2,\"name\":\"SMAKSHJUL\"}]},{\"@type\":\"WebSite\",\"@id\":\"https:\/\/www.siderlandet.no\/#website\",\"url\":\"https:\/\/www.siderlandet.no\/\",\"name\":\"Siderlandet Norge\",\"description\":\"All norsk sider p\u00e5 ett sted\",\"publisher\":{\"@id\":\"https:\/\/www.siderlandet.no\/#organization\"},\"potentialAction\":[{\"@type\":\"SearchAction\",\"target\":{\"@type\":\"EntryPoint\",\"urlTemplate\":\"https:\/\/www.siderlandet.no\/?s={search_term_string}\"},\"query-input\":{\"@type\":\"PropertyValueSpecification\",\"valueRequired\":true,\"valueName\":\"search_term_string\"}}],\"inLanguage\":\"nl-NL\"},{\"@type\":\"Organization\",\"@id\":\"https:\/\/www.siderlandet.no\/#organization\",\"name\":\"Siderlandet Norge\",\"url\":\"https:\/\/www.siderlandet.no\/\",\"logo\":{\"@type\":\"ImageObject\",\"inLanguage\":\"nl-NL\",\"@id\":\"https:\/\/www.siderlandet.no\/#\/schema\/logo\/image\/\",\"url\":\"https:\/\/www.siderlandet.no\/wp-content\/uploads\/2023\/02\/Siderlandet_Staende_sort.png\",\"contentUrl\":\"https:\/\/www.siderlandet.no\/wp-content\/uploads\/2023\/02\/Siderlandet_Staende_sort.png\",\"width\":1867,\"height\":1372,\"caption\":\"Siderlandet Norge\"},\"image\":{\"@id\":\"https:\/\/www.siderlandet.no\/#\/schema\/logo\/image\/\"},\"sameAs\":[\"https:\/\/www.facebook.com\/siderlandetnorge\/\",\"https:\/\/www.instagram.com\/siderlandet\/\"]}]}<\/script>\n<!-- \/ Yoast SEO plugin. -->","yoast_head_json":{"title":"SMAKSHJUL - Siderlandet","robots":{"index":"index","follow":"follow","max-snippet":"max-snippet:-1","max-image-preview":"max-image-preview:large","max-video-preview":"max-video-preview:-1"},"canonical":"https:\/\/www.siderlandet.no\/nl\/smakshjul\/","og_locale":"nl_NL","og_type":"article","og_title":"SMAKSHJUL - Siderlandet","og_description":"SMAKSHJUL NORSK SIDER HANEN har lansert et siderhjul for folk flest. Form\u00e5let med siderhjulet er \u00e5 vise mangfoldet i norsk sider og hjelpe forbruker \u00e5 oppdage et rikere spr\u00e5k innenfor siderens smaker og aroma. Norsk sider, p\u00e5 lik linje med \u00f8l og vin og brennevin er et rikt og mangfoldig produkt og fortjener et folkelig&hellip;","og_url":"https:\/\/www.siderlandet.no\/nl\/smakshjul\/","og_site_name":"Siderlandet","article_publisher":"https:\/\/www.facebook.com\/siderlandetnorge\/","article_modified_time":"2026-02-10T12:54:37+00:00","og_image":[{"url":"https:\/\/www.siderlandet.no\/wp-content\/uploads\/2022\/10\/Siderhjul_vannmerke31.jpg","type":"","width":"","height":""}],"twitter_card":"summary_large_image","twitter_misc":{"Verwachte leestijd":"3 minuten"},"schema":{"@context":"https:\/\/schema.org","@graph":[{"@type":"WebPage","@id":"https:\/\/www.siderlandet.no\/smakshjul\/","url":"https:\/\/www.siderlandet.no\/smakshjul\/","name":"SMAKSHJUL - Siderlandet","isPartOf":{"@id":"https:\/\/www.siderlandet.no\/#website"},"primaryImageOfPage":{"@id":"https:\/\/www.siderlandet.no\/smakshjul\/#primaryimage"},"image":{"@id":"https:\/\/www.siderlandet.no\/smakshjul\/#primaryimage"},"thumbnailUrl":"https:\/\/www.siderlandet.no\/wp-content\/uploads\/2022\/10\/Siderhjul_vannmerke31.jpg","datePublished":"2022-04-13T15:37:46+00:00","dateModified":"2026-02-10T12:54:37+00:00","breadcrumb":{"@id":"https:\/\/www.siderlandet.no\/smakshjul\/#breadcrumb"},"inLanguage":"nl-NL","potentialAction":[{"@type":"ReadAction","target":["https:\/\/www.siderlandet.no\/smakshjul\/"]}]},{"@type":"ImageObject","inLanguage":"nl-NL","@id":"https:\/\/www.siderlandet.no\/smakshjul\/#primaryimage","url":"https:\/\/www.siderlandet.no\/wp-content\/uploads\/2022\/10\/Siderhjul_vannmerke31.jpg","contentUrl":"https:\/\/www.siderlandet.no\/wp-content\/uploads\/2022\/10\/Siderhjul_vannmerke31.jpg"},{"@type":"BreadcrumbList","@id":"https:\/\/www.siderlandet.no\/smakshjul\/#breadcrumb","itemListElement":[{"@type":"ListItem","position":1,"name":"Hjem","item":"https:\/\/www.siderlandet.no\/"},{"@type":"ListItem","position":2,"name":"SMAKSHJUL"}]},{"@type":"WebSite","@id":"https:\/\/www.siderlandet.no\/#website","url":"https:\/\/www.siderlandet.no\/","name":"Siderlandet Norge","description":"All norsk sider p\u00e5 ett sted","publisher":{"@id":"https:\/\/www.siderlandet.no\/#organization"},"potentialAction":[{"@type":"SearchAction","target":{"@type":"EntryPoint","urlTemplate":"https:\/\/www.siderlandet.no\/?s={search_term_string}"},"query-input":{"@type":"PropertyValueSpecification","valueRequired":true,"valueName":"search_term_string"}}],"inLanguage":"nl-NL"},{"@type":"Organization","@id":"https:\/\/www.siderlandet.no\/#organization","name":"Siderlandet Norge","url":"https:\/\/www.siderlandet.no\/","logo":{"@type":"ImageObject","inLanguage":"nl-NL","@id":"https:\/\/www.siderlandet.no\/#\/schema\/logo\/image\/","url":"https:\/\/www.siderlandet.no\/wp-content\/uploads\/2023\/02\/Siderlandet_Staende_sort.png","contentUrl":"https:\/\/www.siderlandet.no\/wp-content\/uploads\/2023\/02\/Siderlandet_Staende_sort.png","width":1867,"height":1372,"caption":"Siderlandet Norge"},"image":{"@id":"https:\/\/www.siderlandet.no\/#\/schema\/logo\/image\/"},"sameAs":["https:\/\/www.facebook.com\/siderlandetnorge\/","https:\/\/www.instagram.com\/siderlandet\/"]}]}},"_links":{"self":[{"href":"https:\/\/www.siderlandet.no\/nl\/wp-json\/wp\/v2\/pages\/1178","targetHints":{"allow":["GET"]}}],"collection":[{"href":"https:\/\/www.siderlandet.no\/nl\/wp-json\/wp\/v2\/pages"}],"about":[{"href":"https:\/\/www.siderlandet.no\/nl\/wp-json\/wp\/v2\/types\/page"}],"author":[{"embeddable":true,"href":"https:\/\/www.siderlandet.no\/nl\/wp-json\/wp\/v2\/users\/1"}],"replies":[{"embeddable":true,"href":"https:\/\/www.siderlandet.no\/nl\/wp-json\/wp\/v2\/comments?post=1178"}],"version-history":[{"count":14,"href":"https:\/\/www.siderlandet.no\/nl\/wp-json\/wp\/v2\/pages\/1178\/revisions"}],"predecessor-version":[{"id":7637,"href":"https:\/\/www.siderlandet.no\/nl\/wp-json\/wp\/v2\/pages\/1178\/revisions\/7637"}],"wp:attachment":[{"href":"https:\/\/www.siderlandet.no\/nl\/wp-json\/wp\/v2\/media?parent=1178"}],"curies":[{"name":"wp","href":"https:\/\/api.w.org\/{rel}","templated":true}]}}