{"id":7046,"date":"2024-09-25T13:59:15","date_gmt":"2024-09-25T13:59:15","guid":{"rendered":"https:\/\/www.siderlandet.no\/?page_id=7046"},"modified":"2024-09-30T11:24:56","modified_gmt":"2024-09-30T11:24:56","slug":"fagstoff","status":"publish","type":"page","link":"https:\/\/www.siderlandet.no\/fr\/fagstoff\/","title":{"rendered":"Fagstoff"},"content":{"rendered":"<h2>\n\t\tFagstoff\n\t<\/h2>\n\t<p>For \u00e5 lese innholdet her m\u00e5 du ha betalt medlemsavgift p\u00e5 siderlandet.<\/p>\n<p>Ta kontakt p\u00e5 post@hanen.no dersom du har sp\u00f8rsm\u00e5l om medlemskap<\/p>","protected":false},"excerpt":{"rendered":"<p>Fagstoff For \u00e5 lese innholdet her m\u00e5 du ha betalt medlemsavgift p\u00e5 siderlandet. Ta kontakt p\u00e5 post@hanen.no dersom du har sp\u00f8rsm\u00e5l om medlemskap<\/p>","protected":false},"author":1,"featured_media":0,"parent":0,"menu_order":0,"comment_status":"closed","ping_status":"closed","template":"","meta":{"_acf_changed":false,"footnotes":""},"class_list":["post-7046","page","type-page","status-publish","hentry"],"acf":[],"yoast_head":"<!-- This site is optimized with the Yoast SEO plugin v25.9 - https:\/\/yoast.com\/wordpress\/plugins\/seo\/ -->\n<title>Fagstoff - Siderlandet<\/title>\n<meta name=\"description\" content=\"Dette er en side med innhold som er eksklusivt for deg som har betalt medlemskap i siderlandet\" \/>\n<meta name=\"robots\" content=\"index, follow, max-snippet:-1, max-image-preview:large, max-video-preview:-1\" \/>\n<link rel=\"canonical\" href=\"https:\/\/www.siderlandet.no\/fr\/fagstoff\/\" \/>\n<meta property=\"og:locale\" content=\"fr_FR\" \/>\n<meta property=\"og:type\" content=\"article\" \/>\n<meta property=\"og:title\" content=\"Fagstoff - Siderlandet\" \/>\n<meta property=\"og:description\" content=\"Dette er en side med innhold som er eksklusivt for deg som har betalt medlemskap i siderlandet\" \/>\n<meta property=\"og:url\" content=\"https:\/\/www.siderlandet.no\/fr\/fagstoff\/\" \/>\n<meta property=\"og:site_name\" content=\"Siderlandet\" \/>\n<meta property=\"article:publisher\" content=\"https:\/\/www.facebook.com\/siderlandetnorge\/\" \/>\n<meta property=\"article:modified_time\" content=\"2024-09-30T11:24:56+00:00\" \/>\n<meta name=\"twitter:card\" content=\"summary_large_image\" \/>\n<meta name=\"twitter:label1\" content=\"Dur\u00e9e de lecture estim\u00e9e\" \/>\n\t<meta name=\"twitter:data1\" content=\"1 minute\" \/>\n<script type=\"application\/ld+json\" class=\"yoast-schema-graph\">{\"@context\":\"https:\/\/schema.org\",\"@graph\":[{\"@type\":\"WebPage\",\"@id\":\"https:\/\/www.siderlandet.no\/fagstoff\/\",\"url\":\"https:\/\/www.siderlandet.no\/fagstoff\/\",\"name\":\"Fagstoff - Siderlandet\",\"isPartOf\":{\"@id\":\"https:\/\/www.siderlandet.no\/#website\"},\"datePublished\":\"2024-09-25T13:59:15+00:00\",\"dateModified\":\"2024-09-30T11:24:56+00:00\",\"description\":\"Dette er en side med innhold som er eksklusivt for deg som har betalt medlemskap i siderlandet\",\"breadcrumb\":{\"@id\":\"https:\/\/www.siderlandet.no\/fagstoff\/#breadcrumb\"},\"inLanguage\":\"fr-FR\",\"potentialAction\":[{\"@type\":\"ReadAction\",\"target\":[\"https:\/\/www.siderlandet.no\/fagstoff\/\"]}]},{\"@type\":\"BreadcrumbList\",\"@id\":\"https:\/\/www.siderlandet.no\/fagstoff\/#breadcrumb\",\"itemListElement\":[{\"@type\":\"ListItem\",\"position\":1,\"name\":\"Hjem\",\"item\":\"https:\/\/www.siderlandet.no\/\"},{\"@type\":\"ListItem\",\"position\":2,\"name\":\"Fagstoff\"}]},{\"@type\":\"WebSite\",\"@id\":\"https:\/\/www.siderlandet.no\/#website\",\"url\":\"https:\/\/www.siderlandet.no\/\",\"name\":\"Siderlandet Norge\",\"description\":\"All norsk sider p\u00e5 ett sted\",\"publisher\":{\"@id\":\"https:\/\/www.siderlandet.no\/#organization\"},\"potentialAction\":[{\"@type\":\"SearchAction\",\"target\":{\"@type\":\"EntryPoint\",\"urlTemplate\":\"https:\/\/www.siderlandet.no\/?s={search_term_string}\"},\"query-input\":{\"@type\":\"PropertyValueSpecification\",\"valueRequired\":true,\"valueName\":\"search_term_string\"}}],\"inLanguage\":\"fr-FR\"},{\"@type\":\"Organization\",\"@id\":\"https:\/\/www.siderlandet.no\/#organization\",\"name\":\"Siderlandet Norge\",\"url\":\"https:\/\/www.siderlandet.no\/\",\"logo\":{\"@type\":\"ImageObject\",\"inLanguage\":\"fr-FR\",\"@id\":\"https:\/\/www.siderlandet.no\/#\/schema\/logo\/image\/\",\"url\":\"https:\/\/www.siderlandet.no\/wp-content\/uploads\/2023\/02\/Siderlandet_Staende_sort.png\",\"contentUrl\":\"https:\/\/www.siderlandet.no\/wp-content\/uploads\/2023\/02\/Siderlandet_Staende_sort.png\",\"width\":1867,\"height\":1372,\"caption\":\"Siderlandet Norge\"},\"image\":{\"@id\":\"https:\/\/www.siderlandet.no\/#\/schema\/logo\/image\/\"},\"sameAs\":[\"https:\/\/www.facebook.com\/siderlandetnorge\/\",\"https:\/\/www.instagram.com\/siderlandet\/\"]}]}<\/script>\n<!-- \/ Yoast SEO plugin. -->","yoast_head_json":{"title":"Fagstoff - Siderlandet","description":"Dette er en side med innhold som er eksklusivt for deg som har betalt medlemskap i siderlandet","robots":{"index":"index","follow":"follow","max-snippet":"max-snippet:-1","max-image-preview":"max-image-preview:large","max-video-preview":"max-video-preview:-1"},"canonical":"https:\/\/www.siderlandet.no\/fr\/fagstoff\/","og_locale":"fr_FR","og_type":"article","og_title":"Fagstoff - Siderlandet","og_description":"Dette er en side med innhold som er eksklusivt for deg som har betalt medlemskap i siderlandet","og_url":"https:\/\/www.siderlandet.no\/fr\/fagstoff\/","og_site_name":"Siderlandet","article_publisher":"https:\/\/www.facebook.com\/siderlandetnorge\/","article_modified_time":"2024-09-30T11:24:56+00:00","twitter_card":"summary_large_image","twitter_misc":{"Dur\u00e9e de lecture estim\u00e9e":"1 minute"},"schema":{"@context":"https:\/\/schema.org","@graph":[{"@type":"WebPage","@id":"https:\/\/www.siderlandet.no\/fagstoff\/","url":"https:\/\/www.siderlandet.no\/fagstoff\/","name":"Fagstoff - Siderlandet","isPartOf":{"@id":"https:\/\/www.siderlandet.no\/#website"},"datePublished":"2024-09-25T13:59:15+00:00","dateModified":"2024-09-30T11:24:56+00:00","description":"Dette er en side med innhold som er eksklusivt for deg som har betalt medlemskap i siderlandet","breadcrumb":{"@id":"https:\/\/www.siderlandet.no\/fagstoff\/#breadcrumb"},"inLanguage":"fr-FR","potentialAction":[{"@type":"ReadAction","target":["https:\/\/www.siderlandet.no\/fagstoff\/"]}]},{"@type":"BreadcrumbList","@id":"https:\/\/www.siderlandet.no\/fagstoff\/#breadcrumb","itemListElement":[{"@type":"ListItem","position":1,"name":"Hjem","item":"https:\/\/www.siderlandet.no\/"},{"@type":"ListItem","position":2,"name":"Fagstoff"}]},{"@type":"WebSite","@id":"https:\/\/www.siderlandet.no\/#website","url":"https:\/\/www.siderlandet.no\/","name":"Siderlandet Norge","description":"All norsk sider p\u00e5 ett sted","publisher":{"@id":"https:\/\/www.siderlandet.no\/#organization"},"potentialAction":[{"@type":"SearchAction","target":{"@type":"EntryPoint","urlTemplate":"https:\/\/www.siderlandet.no\/?s={search_term_string}"},"query-input":{"@type":"PropertyValueSpecification","valueRequired":true,"valueName":"search_term_string"}}],"inLanguage":"fr-FR"},{"@type":"Organization","@id":"https:\/\/www.siderlandet.no\/#organization","name":"Siderlandet Norge","url":"https:\/\/www.siderlandet.no\/","logo":{"@type":"ImageObject","inLanguage":"fr-FR","@id":"https:\/\/www.siderlandet.no\/#\/schema\/logo\/image\/","url":"https:\/\/www.siderlandet.no\/wp-content\/uploads\/2023\/02\/Siderlandet_Staende_sort.png","contentUrl":"https:\/\/www.siderlandet.no\/wp-content\/uploads\/2023\/02\/Siderlandet_Staende_sort.png","width":1867,"height":1372,"caption":"Siderlandet Norge"},"image":{"@id":"https:\/\/www.siderlandet.no\/#\/schema\/logo\/image\/"},"sameAs":["https:\/\/www.facebook.com\/siderlandetnorge\/","https:\/\/www.instagram.com\/siderlandet\/"]}]}},"_links":{"self":[{"href":"https:\/\/www.siderlandet.no\/fr\/wp-json\/wp\/v2\/pages\/7046","targetHints":{"allow":["GET"]}}],"collection":[{"href":"https:\/\/www.siderlandet.no\/fr\/wp-json\/wp\/v2\/pages"}],"about":[{"href":"https:\/\/www.siderlandet.no\/fr\/wp-json\/wp\/v2\/types\/page"}],"author":[{"embeddable":true,"href":"https:\/\/www.siderlandet.no\/fr\/wp-json\/wp\/v2\/users\/1"}],"replies":[{"embeddable":true,"href":"https:\/\/www.siderlandet.no\/fr\/wp-json\/wp\/v2\/comments?post=7046"}],"version-history":[{"count":5,"href":"https:\/\/www.siderlandet.no\/fr\/wp-json\/wp\/v2\/pages\/7046\/revisions"}],"predecessor-version":[{"id":7056,"href":"https:\/\/www.siderlandet.no\/fr\/wp-json\/wp\/v2\/pages\/7046\/revisions\/7056"}],"wp:attachment":[{"href":"https:\/\/www.siderlandet.no\/fr\/wp-json\/wp\/v2\/media?parent=7046"}],"curies":[{"name":"wp","href":"https:\/\/api.w.org\/{rel}","templated":true}]}}