{"id":4278,"date":"2022-09-01T09:29:52","date_gmt":"2022-09-01T09:29:52","guid":{"rendered":"https:\/\/www.siderlandet.no\/?page_id=4278"},"modified":"2024-03-06T09:51:13","modified_gmt":"2024-03-06T09:51:13","slug":"siderboka","status":"publish","type":"page","link":"https:\/\/www.siderlandet.no\/fr\/siderboka\/","title":{"rendered":"Siderboka"},"content":{"rendered":"<img loading=\"lazy\" decoding=\"async\" src=\"https:\/\/www.siderlandet.no\/wp-content\/uploads\/2022\/09\/Siderboka_Cover_JPG-1024x639.jpg\" alt=\"Av Eivind Vangdal\" itemprop=\"image\" height=\"639\" width=\"1024\" title=\"Siderboka_Cover_JPG\" onerror=\"this.style.display='none'\"  \/>\n\t\tAv Eivind Vangdal\n<h2>\n\t\tSiderboka\u00a0&#8211;\u00a0\u00a0fr\u00e5\u00a0 frukthagen til ferdig produkt\u00a0p\u00e5 flaske\n\t<\/h2>\n\t<p><em>Eivind Vangdal har st\u00e5tt midt i den fantastiske utviklinga av sidern\u00e6ringa i Hardanger og heile Norge. Som forskar og r\u00e5dgjevar har han i n\u00e6rt samarbeid med siderprodusentane samla kunnskap og r\u00f8ynsler om lokal og internasjonal sider<\/em><\/p>\n<p><em>Boka h\u00f8ver for deg som vil verta ein del av sidern\u00e6ringa, eller du ynskjer \u00e5 f\u00e5 betre sider til husbruk, eller du vil vita meir om kva norsk sider er og korleis han vert laga. Dette er ikkje ei vitskapleg bok, men byggjer vel s\u00e5 mykje p\u00e5 r\u00f8ynsler og meiningar lokalt og internasjonalt. Forfattaren sine eigne meiningar vil av og til vera tydelege<\/em><\/p>\n<h3>\n\t\tKj\u00f8p boka her\n\t<\/h3>\n\t<p>Velg produkt ved \u00e5 klikke p\u00e5 lenkene under.<\/p>\n<p><a href=\"https:\/\/buy.stripe.com\/dR63fB6GMccn9Hy000\">Siderboka kr 549,-<\/a><\/p>\n<p><a href=\"https:\/\/buy.stripe.com\/28oeYje9efoz7zqeUV\">Siderboka som e-bok 549,-<\/a><\/p>\n<p><a href=\"https:\/\/buy.stripe.com\/eVa6rN1msekv3jacMO\">Siderboka i begge format 995,-<\/a><\/p>\n<p>Porto og forsendelse tilkommer.<\/p>\n\t\t\t\t<img loading=\"lazy\" decoding=\"async\" src=\"https:\/\/www.siderlandet.no\/wp-content\/uploads\/2022\/08\/Stripe-Payment-Logo-e1585786301289.png\" alt=\"Stripe-Payment-Logo-e1585786301289\" itemprop=\"image\" height=\"213\" width=\"212\" title=\"Stripe-Payment-Logo-e1585786301289\" onerror=\"this.style.display='none'\"  \/>","protected":false},"excerpt":{"rendered":"<p>Av Eivind Vangdal Siderboka\u00a0&#8211;\u00a0\u00a0fr\u00e5\u00a0 frukthagen til ferdig produkt\u00a0p\u00e5 flaske Eivind Vangdal har st\u00e5tt midt i den fantastiske utviklinga av sidern\u00e6ringa i Hardanger og heile Norge. Som forskar og r\u00e5dgjevar har han i n\u00e6rt samarbeid med siderprodusentane samla kunnskap og r\u00f8ynsler om lokal og internasjonal sider Boka h\u00f8ver for deg som vil verta ein del av&hellip;<\/p>","protected":false},"author":1,"featured_media":4280,"parent":0,"menu_order":0,"comment_status":"closed","ping_status":"closed","template":"","meta":{"_acf_changed":false,"footnotes":""},"class_list":["post-4278","page","type-page","status-publish","has-post-thumbnail","hentry"],"acf":[],"yoast_head":"<!-- This site is optimized with the Yoast SEO plugin v25.9 - https:\/\/yoast.com\/wordpress\/plugins\/seo\/ -->\n<title>Siderboka - Siderlandet<\/title>\n<meta name=\"robots\" content=\"index, follow, max-snippet:-1, max-image-preview:large, max-video-preview:-1\" \/>\n<link rel=\"canonical\" href=\"https:\/\/www.siderlandet.no\/fr\/siderboka\/\" \/>\n<meta property=\"og:locale\" content=\"fr_FR\" \/>\n<meta property=\"og:type\" content=\"article\" \/>\n<meta property=\"og:title\" content=\"Siderboka - Siderlandet\" \/>\n<meta property=\"og:description\" content=\"Av Eivind Vangdal Siderboka\u00a0&#8211;\u00a0\u00a0fr\u00e5\u00a0 frukthagen til ferdig produkt\u00a0p\u00e5 flaske Eivind Vangdal har st\u00e5tt midt i den fantastiske utviklinga av sidern\u00e6ringa i Hardanger og heile Norge. Som forskar og r\u00e5dgjevar har han i n\u00e6rt samarbeid med siderprodusentane samla kunnskap og r\u00f8ynsler om lokal og internasjonal sider Boka h\u00f8ver for deg som vil verta ein del av&hellip;\" \/>\n<meta property=\"og:url\" content=\"https:\/\/www.siderlandet.no\/fr\/siderboka\/\" \/>\n<meta property=\"og:site_name\" content=\"Siderlandet\" \/>\n<meta property=\"article:publisher\" content=\"https:\/\/www.facebook.com\/siderlandetnorge\/\" \/>\n<meta property=\"article:modified_time\" content=\"2024-03-06T09:51:13+00:00\" \/>\n<meta property=\"og:image\" content=\"https:\/\/www.siderlandet.no\/wp-content\/uploads\/2022\/09\/Siderboka_Cover_JPG-scaled.jpg\" \/>\n\t<meta property=\"og:image:width\" content=\"2560\" \/>\n\t<meta property=\"og:image:height\" content=\"1597\" \/>\n\t<meta property=\"og:image:type\" content=\"image\/jpeg\" \/>\n<meta name=\"twitter:card\" content=\"summary_large_image\" \/>\n<meta name=\"twitter:label1\" content=\"Dur\u00e9e de lecture estim\u00e9e\" \/>\n\t<meta name=\"twitter:data1\" content=\"1 minute\" \/>\n<script type=\"application\/ld+json\" class=\"yoast-schema-graph\">{\"@context\":\"https:\/\/schema.org\",\"@graph\":[{\"@type\":\"WebPage\",\"@id\":\"https:\/\/www.siderlandet.no\/siderboka\/\",\"url\":\"https:\/\/www.siderlandet.no\/siderboka\/\",\"name\":\"Siderboka - Siderlandet\",\"isPartOf\":{\"@id\":\"https:\/\/www.siderlandet.no\/#website\"},\"primaryImageOfPage\":{\"@id\":\"https:\/\/www.siderlandet.no\/siderboka\/#primaryimage\"},\"image\":{\"@id\":\"https:\/\/www.siderlandet.no\/siderboka\/#primaryimage\"},\"thumbnailUrl\":\"https:\/\/www.siderlandet.no\/wp-content\/uploads\/2022\/09\/Siderboka_Cover_JPG-scaled.jpg\",\"datePublished\":\"2022-09-01T09:29:52+00:00\",\"dateModified\":\"2024-03-06T09:51:13+00:00\",\"breadcrumb\":{\"@id\":\"https:\/\/www.siderlandet.no\/siderboka\/#breadcrumb\"},\"inLanguage\":\"fr-FR\",\"potentialAction\":[{\"@type\":\"ReadAction\",\"target\":[\"https:\/\/www.siderlandet.no\/siderboka\/\"]}]},{\"@type\":\"ImageObject\",\"inLanguage\":\"fr-FR\",\"@id\":\"https:\/\/www.siderlandet.no\/siderboka\/#primaryimage\",\"url\":\"https:\/\/www.siderlandet.no\/wp-content\/uploads\/2022\/09\/Siderboka_Cover_JPG-scaled.jpg\",\"contentUrl\":\"https:\/\/www.siderlandet.no\/wp-content\/uploads\/2022\/09\/Siderboka_Cover_JPG-scaled.jpg\",\"width\":2560,\"height\":1597,\"caption\":\"Av Eivind Vangdal\"},{\"@type\":\"BreadcrumbList\",\"@id\":\"https:\/\/www.siderlandet.no\/siderboka\/#breadcrumb\",\"itemListElement\":[{\"@type\":\"ListItem\",\"position\":1,\"name\":\"Hjem\",\"item\":\"https:\/\/www.siderlandet.no\/\"},{\"@type\":\"ListItem\",\"position\":2,\"name\":\"Siderboka\"}]},{\"@type\":\"WebSite\",\"@id\":\"https:\/\/www.siderlandet.no\/#website\",\"url\":\"https:\/\/www.siderlandet.no\/\",\"name\":\"Siderlandet Norge\",\"description\":\"All norsk sider p\u00e5 ett sted\",\"publisher\":{\"@id\":\"https:\/\/www.siderlandet.no\/#organization\"},\"potentialAction\":[{\"@type\":\"SearchAction\",\"target\":{\"@type\":\"EntryPoint\",\"urlTemplate\":\"https:\/\/www.siderlandet.no\/?s={search_term_string}\"},\"query-input\":{\"@type\":\"PropertyValueSpecification\",\"valueRequired\":true,\"valueName\":\"search_term_string\"}}],\"inLanguage\":\"fr-FR\"},{\"@type\":\"Organization\",\"@id\":\"https:\/\/www.siderlandet.no\/#organization\",\"name\":\"Siderlandet Norge\",\"url\":\"https:\/\/www.siderlandet.no\/\",\"logo\":{\"@type\":\"ImageObject\",\"inLanguage\":\"fr-FR\",\"@id\":\"https:\/\/www.siderlandet.no\/#\/schema\/logo\/image\/\",\"url\":\"https:\/\/www.siderlandet.no\/wp-content\/uploads\/2023\/02\/Siderlandet_Staende_sort.png\",\"contentUrl\":\"https:\/\/www.siderlandet.no\/wp-content\/uploads\/2023\/02\/Siderlandet_Staende_sort.png\",\"width\":1867,\"height\":1372,\"caption\":\"Siderlandet Norge\"},\"image\":{\"@id\":\"https:\/\/www.siderlandet.no\/#\/schema\/logo\/image\/\"},\"sameAs\":[\"https:\/\/www.facebook.com\/siderlandetnorge\/\",\"https:\/\/www.instagram.com\/siderlandet\/\"]}]}<\/script>\n<!-- \/ Yoast SEO plugin. -->","yoast_head_json":{"title":"Siderboka - Siderlandet","robots":{"index":"index","follow":"follow","max-snippet":"max-snippet:-1","max-image-preview":"max-image-preview:large","max-video-preview":"max-video-preview:-1"},"canonical":"https:\/\/www.siderlandet.no\/fr\/siderboka\/","og_locale":"fr_FR","og_type":"article","og_title":"Siderboka - Siderlandet","og_description":"Av Eivind Vangdal Siderboka\u00a0&#8211;\u00a0\u00a0fr\u00e5\u00a0 frukthagen til ferdig produkt\u00a0p\u00e5 flaske Eivind Vangdal har st\u00e5tt midt i den fantastiske utviklinga av sidern\u00e6ringa i Hardanger og heile Norge. Som forskar og r\u00e5dgjevar har han i n\u00e6rt samarbeid med siderprodusentane samla kunnskap og r\u00f8ynsler om lokal og internasjonal sider Boka h\u00f8ver for deg som vil verta ein del av&hellip;","og_url":"https:\/\/www.siderlandet.no\/fr\/siderboka\/","og_site_name":"Siderlandet","article_publisher":"https:\/\/www.facebook.com\/siderlandetnorge\/","article_modified_time":"2024-03-06T09:51:13+00:00","og_image":[{"width":2560,"height":1597,"url":"https:\/\/www.siderlandet.no\/wp-content\/uploads\/2022\/09\/Siderboka_Cover_JPG-scaled.jpg","type":"image\/jpeg"}],"twitter_card":"summary_large_image","twitter_misc":{"Dur\u00e9e de lecture estim\u00e9e":"1 minute"},"schema":{"@context":"https:\/\/schema.org","@graph":[{"@type":"WebPage","@id":"https:\/\/www.siderlandet.no\/siderboka\/","url":"https:\/\/www.siderlandet.no\/siderboka\/","name":"Siderboka - Siderlandet","isPartOf":{"@id":"https:\/\/www.siderlandet.no\/#website"},"primaryImageOfPage":{"@id":"https:\/\/www.siderlandet.no\/siderboka\/#primaryimage"},"image":{"@id":"https:\/\/www.siderlandet.no\/siderboka\/#primaryimage"},"thumbnailUrl":"https:\/\/www.siderlandet.no\/wp-content\/uploads\/2022\/09\/Siderboka_Cover_JPG-scaled.jpg","datePublished":"2022-09-01T09:29:52+00:00","dateModified":"2024-03-06T09:51:13+00:00","breadcrumb":{"@id":"https:\/\/www.siderlandet.no\/siderboka\/#breadcrumb"},"inLanguage":"fr-FR","potentialAction":[{"@type":"ReadAction","target":["https:\/\/www.siderlandet.no\/siderboka\/"]}]},{"@type":"ImageObject","inLanguage":"fr-FR","@id":"https:\/\/www.siderlandet.no\/siderboka\/#primaryimage","url":"https:\/\/www.siderlandet.no\/wp-content\/uploads\/2022\/09\/Siderboka_Cover_JPG-scaled.jpg","contentUrl":"https:\/\/www.siderlandet.no\/wp-content\/uploads\/2022\/09\/Siderboka_Cover_JPG-scaled.jpg","width":2560,"height":1597,"caption":"Av Eivind Vangdal"},{"@type":"BreadcrumbList","@id":"https:\/\/www.siderlandet.no\/siderboka\/#breadcrumb","itemListElement":[{"@type":"ListItem","position":1,"name":"Hjem","item":"https:\/\/www.siderlandet.no\/"},{"@type":"ListItem","position":2,"name":"Siderboka"}]},{"@type":"WebSite","@id":"https:\/\/www.siderlandet.no\/#website","url":"https:\/\/www.siderlandet.no\/","name":"Siderlandet Norge","description":"All norsk sider p\u00e5 ett sted","publisher":{"@id":"https:\/\/www.siderlandet.no\/#organization"},"potentialAction":[{"@type":"SearchAction","target":{"@type":"EntryPoint","urlTemplate":"https:\/\/www.siderlandet.no\/?s={search_term_string}"},"query-input":{"@type":"PropertyValueSpecification","valueRequired":true,"valueName":"search_term_string"}}],"inLanguage":"fr-FR"},{"@type":"Organization","@id":"https:\/\/www.siderlandet.no\/#organization","name":"Siderlandet Norge","url":"https:\/\/www.siderlandet.no\/","logo":{"@type":"ImageObject","inLanguage":"fr-FR","@id":"https:\/\/www.siderlandet.no\/#\/schema\/logo\/image\/","url":"https:\/\/www.siderlandet.no\/wp-content\/uploads\/2023\/02\/Siderlandet_Staende_sort.png","contentUrl":"https:\/\/www.siderlandet.no\/wp-content\/uploads\/2023\/02\/Siderlandet_Staende_sort.png","width":1867,"height":1372,"caption":"Siderlandet Norge"},"image":{"@id":"https:\/\/www.siderlandet.no\/#\/schema\/logo\/image\/"},"sameAs":["https:\/\/www.facebook.com\/siderlandetnorge\/","https:\/\/www.instagram.com\/siderlandet\/"]}]}},"_links":{"self":[{"href":"https:\/\/www.siderlandet.no\/fr\/wp-json\/wp\/v2\/pages\/4278","targetHints":{"allow":["GET"]}}],"collection":[{"href":"https:\/\/www.siderlandet.no\/fr\/wp-json\/wp\/v2\/pages"}],"about":[{"href":"https:\/\/www.siderlandet.no\/fr\/wp-json\/wp\/v2\/types\/page"}],"author":[{"embeddable":true,"href":"https:\/\/www.siderlandet.no\/fr\/wp-json\/wp\/v2\/users\/1"}],"replies":[{"embeddable":true,"href":"https:\/\/www.siderlandet.no\/fr\/wp-json\/wp\/v2\/comments?post=4278"}],"version-history":[{"count":12,"href":"https:\/\/www.siderlandet.no\/fr\/wp-json\/wp\/v2\/pages\/4278\/revisions"}],"predecessor-version":[{"id":6746,"href":"https:\/\/www.siderlandet.no\/fr\/wp-json\/wp\/v2\/pages\/4278\/revisions\/6746"}],"wp:featuredmedia":[{"embeddable":true,"href":"https:\/\/www.siderlandet.no\/fr\/wp-json\/wp\/v2\/media\/4280"}],"wp:attachment":[{"href":"https:\/\/www.siderlandet.no\/fr\/wp-json\/wp\/v2\/media?parent=4278"}],"curies":[{"name":"wp","href":"https:\/\/api.w.org\/{rel}","templated":true}]}}