{"id":1182,"date":"2022-04-13T15:42:32","date_gmt":"2022-04-13T15:42:32","guid":{"rendered":"https:\/\/www.siderlandet.no\/?page_id=1182"},"modified":"2025-07-02T12:25:16","modified_gmt":"2025-07-02T12:25:16","slug":"sideropplevelser","status":"publish","type":"page","link":"https:\/\/www.siderlandet.no\/fr\/sideropplevelser\/","title":{"rendered":"EXP\u00c9RIENCES AUTOUR DU CIDRE"},"content":{"rendered":"<img loading=\"lazy\" decoding=\"async\" src=\"https:\/\/www.siderlandet.no\/wp-content\/uploads\/2022\/03\/VHF_Ulvik_Siderruta_Haara_2021_C35A8970-1024x683.jpg\" alt=\"Foto \u00d8ystein Grutle Haara\" itemprop=\"image\" height=\"683\" width=\"1024\" title=\"Frukt og siderruta i Ulvik\" onerror=\"this.style.display='none'\"  \/>\n\t\tFoto \u00d8ystein Grutle Haara\n<h2>\n\t\tEXP\u00c9RIENCES AUTOUR DU CIDRE\n\t<\/h2>\n\t\t\t\t<a href=\"https:\/\/siderruta.no\/\"  target=\"_self\" itemprop=\"url\">\n\t\t\t\t<img loading=\"lazy\" decoding=\"async\" src=\"https:\/\/www.siderlandet.no\/wp-content\/uploads\/2022\/04\/fsulogo.png\" alt=\"fsulogo\" itemprop=\"image\" height=\"170\" width=\"270\" title=\"fsulogo\" onerror=\"this.style.display='none'\"  \/>\n\t\t\t\t<\/a>\n<h3>\n\t\tRoute des fruits et du cidre \u00e0 Ulvik\n\t<\/h3>\n\t<p>\u00c0 Ulvik, au c\u0153ur du Hardangerfjord, se trouvent trois fermes cidricoles traditionnelles, chacune avec son propre caract\u00e8re et sa singularit\u00e9.\nCes fermes accueillent des groupes dans le cadre de la premi\u00e8re route des fruits et du cidre de Norv\u00e8ge.\n\u00c0 v\u00e9lo ou \u00e0 pied, d\u00e9couvrez le cidre norv\u00e9gien, d\u00e9gustez diff\u00e9rentes vari\u00e9t\u00e9s et repartez avec des produits locaux achet\u00e9s en vente directe \u00e0 la ferme.<\/p>\n\t\t\t\t<a href=\"https:\/\/tastehardanger.com\/\"  target=\"_self\" itemprop=\"url\">\n\t\t\t\t<img loading=\"lazy\" decoding=\"async\" src=\"https:\/\/www.siderlandet.no\/wp-content\/uploads\/2022\/04\/taste-hardanger-logo.png\" alt=\"taste hardanger logo\" itemprop=\"image\" height=\"118\" width=\"428\" title=\"taste hardanger logo\" onerror=\"this.style.display='none'\"  \/>\n\t\t\t\t<\/a>\n<h3>\n\t\tLe go\u00fbt de Hardanger\n\t<\/h3>\n\t<p>Tout autour du Hardangerfjord, des producteurs de cidre passionnants sont r\u00e9partis comme des perles sur un fil, de Norheimsund \u00e0 l'est jusqu'\u00e0 Odda au sud du S\u00f8rfjord. Vous trouverez une vue d'ensemble compl\u00e8te \u00e0 Smaken av Hardanger. Achetez ici des visites de vergers et des croisi\u00e8res de cidre.<\/p>\n\t\t\t\t<a href=\"https:\/\/visitbo.no\/fruktbygda\"  target=\"_self\" itemprop=\"url\">\n\t\t\t\t<img loading=\"lazy\" decoding=\"async\" src=\"https:\/\/www.siderlandet.no\/wp-content\/uploads\/2022\/04\/flogo.jpg\" alt=\"flogo\" itemprop=\"image\" height=\"225\" width=\"225\" title=\"flogo\" onerror=\"this.style.display='none'\"  \/>\n\t\t\t\t<\/a>\n<h3>\n\t\tFruktbygda\n\t<\/h3>\n\t<p>Des exp\u00e9riences fruit\u00e9es \u00e0 Gvarv et Sauherad, dans le Telemark central. Rencontrez les arboriculteurs, faites vos achats dans les boutiques de ferme et go\u00fbtez aux produits faits maison du c\u0153ur du Telemark.<\/p>","protected":false},"excerpt":{"rendered":"<p>Foto \u00d8ystein Grutle Haara SIDEROPPLEVELSER Frukt- og siderruta i Ulvik Ulvik Innerst i Hardangerfjorden\u00a0 ligger tre tradisjonsrike siderg\u00e5rder, hver med sin egen profil og egenart. Disse g\u00e5rdene tar imot bes\u00f8k av grupper p\u00e5 Norges f\u00f8rste frukt- og siderute. Sykle eller vandre, l\u00e6r mer om norsk sider, smak p\u00e5 ulike sorter og handle med deg egenproduserte&hellip;<\/p>","protected":false},"author":1,"featured_media":481,"parent":0,"menu_order":0,"comment_status":"closed","ping_status":"closed","template":"","meta":{"_acf_changed":false,"footnotes":""},"class_list":["post-1182","page","type-page","status-publish","has-post-thumbnail","hentry"],"acf":[],"yoast_head":"<!-- This site is optimized with the Yoast SEO plugin v25.9 - https:\/\/yoast.com\/wordpress\/plugins\/seo\/ -->\n<title>SIDEROPPLEVELSER - Siderlandet<\/title>\n<meta name=\"robots\" content=\"index, follow, max-snippet:-1, max-image-preview:large, max-video-preview:-1\" \/>\n<link rel=\"canonical\" href=\"https:\/\/www.siderlandet.no\/fr\/sideropplevelser\/\" \/>\n<meta property=\"og:locale\" content=\"fr_FR\" \/>\n<meta property=\"og:type\" content=\"article\" \/>\n<meta property=\"og:title\" content=\"SIDEROPPLEVELSER - Siderlandet\" \/>\n<meta property=\"og:description\" content=\"Foto \u00d8ystein Grutle Haara SIDEROPPLEVELSER Frukt- og siderruta i Ulvik Ulvik Innerst i Hardangerfjorden\u00a0 ligger tre tradisjonsrike siderg\u00e5rder, hver med sin egen profil og egenart. Disse g\u00e5rdene tar imot bes\u00f8k av grupper p\u00e5 Norges f\u00f8rste frukt- og siderute. Sykle eller vandre, l\u00e6r mer om norsk sider, smak p\u00e5 ulike sorter og handle med deg egenproduserte&hellip;\" \/>\n<meta property=\"og:url\" content=\"https:\/\/www.siderlandet.no\/fr\/sideropplevelser\/\" \/>\n<meta property=\"og:site_name\" content=\"Siderlandet\" \/>\n<meta property=\"article:publisher\" content=\"https:\/\/www.facebook.com\/siderlandetnorge\/\" \/>\n<meta property=\"article:modified_time\" content=\"2025-07-02T12:25:16+00:00\" \/>\n<meta property=\"og:image\" content=\"https:\/\/www.siderlandet.no\/wp-content\/uploads\/2022\/03\/VHF_Ulvik_Siderruta_Haara_2021_C35A8970-scaled.jpg\" \/>\n\t<meta property=\"og:image:width\" content=\"2560\" \/>\n\t<meta property=\"og:image:height\" content=\"1707\" \/>\n\t<meta property=\"og:image:type\" content=\"image\/jpeg\" \/>\n<meta name=\"twitter:card\" content=\"summary_large_image\" \/>\n<meta name=\"twitter:label1\" content=\"Dur\u00e9e de lecture estim\u00e9e\" \/>\n\t<meta name=\"twitter:data1\" content=\"2 minutes\" \/>\n<script type=\"application\/ld+json\" class=\"yoast-schema-graph\">{\"@context\":\"https:\/\/schema.org\",\"@graph\":[{\"@type\":\"WebPage\",\"@id\":\"https:\/\/www.siderlandet.no\/sideropplevelser\/\",\"url\":\"https:\/\/www.siderlandet.no\/sideropplevelser\/\",\"name\":\"SIDEROPPLEVELSER - Siderlandet\",\"isPartOf\":{\"@id\":\"https:\/\/www.siderlandet.no\/#website\"},\"primaryImageOfPage\":{\"@id\":\"https:\/\/www.siderlandet.no\/sideropplevelser\/#primaryimage\"},\"image\":{\"@id\":\"https:\/\/www.siderlandet.no\/sideropplevelser\/#primaryimage\"},\"thumbnailUrl\":\"https:\/\/www.siderlandet.no\/wp-content\/uploads\/2022\/03\/VHF_Ulvik_Siderruta_Haara_2021_C35A8970-scaled.jpg\",\"datePublished\":\"2022-04-13T15:42:32+00:00\",\"dateModified\":\"2025-07-02T12:25:16+00:00\",\"breadcrumb\":{\"@id\":\"https:\/\/www.siderlandet.no\/sideropplevelser\/#breadcrumb\"},\"inLanguage\":\"fr-FR\",\"potentialAction\":[{\"@type\":\"ReadAction\",\"target\":[\"https:\/\/www.siderlandet.no\/sideropplevelser\/\"]}]},{\"@type\":\"ImageObject\",\"inLanguage\":\"fr-FR\",\"@id\":\"https:\/\/www.siderlandet.no\/sideropplevelser\/#primaryimage\",\"url\":\"https:\/\/www.siderlandet.no\/wp-content\/uploads\/2022\/03\/VHF_Ulvik_Siderruta_Haara_2021_C35A8970-scaled.jpg\",\"contentUrl\":\"https:\/\/www.siderlandet.no\/wp-content\/uploads\/2022\/03\/VHF_Ulvik_Siderruta_Haara_2021_C35A8970-scaled.jpg\",\"width\":2560,\"height\":1707,\"caption\":\"Foto \u00d8ystein Grutle Haara\"},{\"@type\":\"BreadcrumbList\",\"@id\":\"https:\/\/www.siderlandet.no\/sideropplevelser\/#breadcrumb\",\"itemListElement\":[{\"@type\":\"ListItem\",\"position\":1,\"name\":\"Hjem\",\"item\":\"https:\/\/www.siderlandet.no\/\"},{\"@type\":\"ListItem\",\"position\":2,\"name\":\"SIDEROPPLEVELSER\"}]},{\"@type\":\"WebSite\",\"@id\":\"https:\/\/www.siderlandet.no\/#website\",\"url\":\"https:\/\/www.siderlandet.no\/\",\"name\":\"Siderlandet Norge\",\"description\":\"All norsk sider p\u00e5 ett sted\",\"publisher\":{\"@id\":\"https:\/\/www.siderlandet.no\/#organization\"},\"potentialAction\":[{\"@type\":\"SearchAction\",\"target\":{\"@type\":\"EntryPoint\",\"urlTemplate\":\"https:\/\/www.siderlandet.no\/?s={search_term_string}\"},\"query-input\":{\"@type\":\"PropertyValueSpecification\",\"valueRequired\":true,\"valueName\":\"search_term_string\"}}],\"inLanguage\":\"fr-FR\"},{\"@type\":\"Organization\",\"@id\":\"https:\/\/www.siderlandet.no\/#organization\",\"name\":\"Siderlandet Norge\",\"url\":\"https:\/\/www.siderlandet.no\/\",\"logo\":{\"@type\":\"ImageObject\",\"inLanguage\":\"fr-FR\",\"@id\":\"https:\/\/www.siderlandet.no\/#\/schema\/logo\/image\/\",\"url\":\"https:\/\/www.siderlandet.no\/wp-content\/uploads\/2023\/02\/Siderlandet_Staende_sort.png\",\"contentUrl\":\"https:\/\/www.siderlandet.no\/wp-content\/uploads\/2023\/02\/Siderlandet_Staende_sort.png\",\"width\":1867,\"height\":1372,\"caption\":\"Siderlandet Norge\"},\"image\":{\"@id\":\"https:\/\/www.siderlandet.no\/#\/schema\/logo\/image\/\"},\"sameAs\":[\"https:\/\/www.facebook.com\/siderlandetnorge\/\",\"https:\/\/www.instagram.com\/siderlandet\/\"]}]}<\/script>\n<!-- \/ Yoast SEO plugin. -->","yoast_head_json":{"title":"SIDEROPPLEVELSER - Siderlandet","robots":{"index":"index","follow":"follow","max-snippet":"max-snippet:-1","max-image-preview":"max-image-preview:large","max-video-preview":"max-video-preview:-1"},"canonical":"https:\/\/www.siderlandet.no\/fr\/sideropplevelser\/","og_locale":"fr_FR","og_type":"article","og_title":"SIDEROPPLEVELSER - Siderlandet","og_description":"Foto \u00d8ystein Grutle Haara SIDEROPPLEVELSER Frukt- og siderruta i Ulvik Ulvik Innerst i Hardangerfjorden\u00a0 ligger tre tradisjonsrike siderg\u00e5rder, hver med sin egen profil og egenart. Disse g\u00e5rdene tar imot bes\u00f8k av grupper p\u00e5 Norges f\u00f8rste frukt- og siderute. Sykle eller vandre, l\u00e6r mer om norsk sider, smak p\u00e5 ulike sorter og handle med deg egenproduserte&hellip;","og_url":"https:\/\/www.siderlandet.no\/fr\/sideropplevelser\/","og_site_name":"Siderlandet","article_publisher":"https:\/\/www.facebook.com\/siderlandetnorge\/","article_modified_time":"2025-07-02T12:25:16+00:00","og_image":[{"width":2560,"height":1707,"url":"https:\/\/www.siderlandet.no\/wp-content\/uploads\/2022\/03\/VHF_Ulvik_Siderruta_Haara_2021_C35A8970-scaled.jpg","type":"image\/jpeg"}],"twitter_card":"summary_large_image","twitter_misc":{"Dur\u00e9e de lecture estim\u00e9e":"2 minutes"},"schema":{"@context":"https:\/\/schema.org","@graph":[{"@type":"WebPage","@id":"https:\/\/www.siderlandet.no\/sideropplevelser\/","url":"https:\/\/www.siderlandet.no\/sideropplevelser\/","name":"SIDEROPPLEVELSER - Siderlandet","isPartOf":{"@id":"https:\/\/www.siderlandet.no\/#website"},"primaryImageOfPage":{"@id":"https:\/\/www.siderlandet.no\/sideropplevelser\/#primaryimage"},"image":{"@id":"https:\/\/www.siderlandet.no\/sideropplevelser\/#primaryimage"},"thumbnailUrl":"https:\/\/www.siderlandet.no\/wp-content\/uploads\/2022\/03\/VHF_Ulvik_Siderruta_Haara_2021_C35A8970-scaled.jpg","datePublished":"2022-04-13T15:42:32+00:00","dateModified":"2025-07-02T12:25:16+00:00","breadcrumb":{"@id":"https:\/\/www.siderlandet.no\/sideropplevelser\/#breadcrumb"},"inLanguage":"fr-FR","potentialAction":[{"@type":"ReadAction","target":["https:\/\/www.siderlandet.no\/sideropplevelser\/"]}]},{"@type":"ImageObject","inLanguage":"fr-FR","@id":"https:\/\/www.siderlandet.no\/sideropplevelser\/#primaryimage","url":"https:\/\/www.siderlandet.no\/wp-content\/uploads\/2022\/03\/VHF_Ulvik_Siderruta_Haara_2021_C35A8970-scaled.jpg","contentUrl":"https:\/\/www.siderlandet.no\/wp-content\/uploads\/2022\/03\/VHF_Ulvik_Siderruta_Haara_2021_C35A8970-scaled.jpg","width":2560,"height":1707,"caption":"Foto \u00d8ystein Grutle Haara"},{"@type":"BreadcrumbList","@id":"https:\/\/www.siderlandet.no\/sideropplevelser\/#breadcrumb","itemListElement":[{"@type":"ListItem","position":1,"name":"Hjem","item":"https:\/\/www.siderlandet.no\/"},{"@type":"ListItem","position":2,"name":"SIDEROPPLEVELSER"}]},{"@type":"WebSite","@id":"https:\/\/www.siderlandet.no\/#website","url":"https:\/\/www.siderlandet.no\/","name":"Siderlandet Norge","description":"All norsk sider p\u00e5 ett sted","publisher":{"@id":"https:\/\/www.siderlandet.no\/#organization"},"potentialAction":[{"@type":"SearchAction","target":{"@type":"EntryPoint","urlTemplate":"https:\/\/www.siderlandet.no\/?s={search_term_string}"},"query-input":{"@type":"PropertyValueSpecification","valueRequired":true,"valueName":"search_term_string"}}],"inLanguage":"fr-FR"},{"@type":"Organization","@id":"https:\/\/www.siderlandet.no\/#organization","name":"Siderlandet Norge","url":"https:\/\/www.siderlandet.no\/","logo":{"@type":"ImageObject","inLanguage":"fr-FR","@id":"https:\/\/www.siderlandet.no\/#\/schema\/logo\/image\/","url":"https:\/\/www.siderlandet.no\/wp-content\/uploads\/2023\/02\/Siderlandet_Staende_sort.png","contentUrl":"https:\/\/www.siderlandet.no\/wp-content\/uploads\/2023\/02\/Siderlandet_Staende_sort.png","width":1867,"height":1372,"caption":"Siderlandet Norge"},"image":{"@id":"https:\/\/www.siderlandet.no\/#\/schema\/logo\/image\/"},"sameAs":["https:\/\/www.facebook.com\/siderlandetnorge\/","https:\/\/www.instagram.com\/siderlandet\/"]}]}},"_links":{"self":[{"href":"https:\/\/www.siderlandet.no\/fr\/wp-json\/wp\/v2\/pages\/1182","targetHints":{"allow":["GET"]}}],"collection":[{"href":"https:\/\/www.siderlandet.no\/fr\/wp-json\/wp\/v2\/pages"}],"about":[{"href":"https:\/\/www.siderlandet.no\/fr\/wp-json\/wp\/v2\/types\/page"}],"author":[{"embeddable":true,"href":"https:\/\/www.siderlandet.no\/fr\/wp-json\/wp\/v2\/users\/1"}],"replies":[{"embeddable":true,"href":"https:\/\/www.siderlandet.no\/fr\/wp-json\/wp\/v2\/comments?post=1182"}],"version-history":[{"count":13,"href":"https:\/\/www.siderlandet.no\/fr\/wp-json\/wp\/v2\/pages\/1182\/revisions"}],"predecessor-version":[{"id":7473,"href":"https:\/\/www.siderlandet.no\/fr\/wp-json\/wp\/v2\/pages\/1182\/revisions\/7473"}],"wp:featuredmedia":[{"embeddable":true,"href":"https:\/\/www.siderlandet.no\/fr\/wp-json\/wp\/v2\/media\/481"}],"wp:attachment":[{"href":"https:\/\/www.siderlandet.no\/fr\/wp-json\/wp\/v2\/media?parent=1182"}],"curies":[{"name":"wp","href":"https:\/\/api.w.org\/{rel}","templated":true}]}}