{"id":1171,"date":"2022-04-13T15:24:27","date_gmt":"2022-04-13T15:24:27","guid":{"rendered":"https:\/\/www.siderlandet.no\/?page_id=1171"},"modified":"2024-03-06T10:17:19","modified_gmt":"2024-03-06T10:17:19","slug":"konkurranser","status":"publish","type":"page","link":"https:\/\/www.siderlandet.no\/fr\/konkurranser\/","title":{"rendered":"KONKURRANSER"},"content":{"rendered":"<img loading=\"lazy\" decoding=\"async\" src=\"https:\/\/www.siderlandet.no\/wp-content\/uploads\/2022\/04\/hanen_eplemost-4275-1024x651.jpg\" alt=\"Norges Beste Eplemost Sider og Fruktvin\" itemprop=\"image\" height=\"651\" width=\"1024\" title=\"hanen_eplemost-4275\" onerror=\"this.style.display='none'\"  \/>\n\t\tNorges Beste Eplemost Sider og Fruktvin\n<h2>\n\t\tKONKURRANSER\n\t<\/h2>\n\t\t\t\t<a href=\"https:\/\/www.hanen.no\/tema\/prosjekter-og-priser\/norges-beste-eplemost-og-eplesider\" target=\"_self\" itemprop=\"url\" rel=\"noopener\">\n\t\t\t\t<img loading=\"lazy\" decoding=\"async\" src=\"https:\/\/www.siderlandet.no\/wp-content\/uploads\/2024\/03\/Norges-Beste-Drikke.png\" alt=\"Norges Beste Drikke\" itemprop=\"image\" height=\"1250\" width=\"1250\" title=\"Norges Beste Drikke\" onerror=\"this.style.display='none'\"  \/>\n\t\t\t\t<\/a>\n<h3>\n\t\tNorges Beste Drikke\n\t<\/h3>\n\t<p>Norges Beste Drikke er den st\u00f8rste \u00e5rlige og nasjonale konkurransen for norske drikkeprodusenter med lokal foredling av norske r\u00e5varer. Konkurransen er en symfoni av smaker bare Norge kan tilby &#8211; for i hvert glass skjuler det seg en bit av Norges sjel. HANEN har driftet konkurransen for Norsk eplefest fra 2018, som hadde sitt utgangspunkt i fruktn\u00e6ringen i Telemark og Norsk eplefest p\u00e5 Gvarv i 2009.<\/p>\n<p>&nbsp;<\/p>\n<p><a href=\"https:\/\/www.hanen.no\/tema\/prosjekter-og-priser\/norges-beste-drikke\">Mer om Norges Beste Drikke kan du lese her<\/a><\/p>","protected":false},"excerpt":{"rendered":"<p>Norges Beste Eplemost Sider og Fruktvin KONKURRANSER Norges Beste Drikke Norges Beste Drikke er den st\u00f8rste \u00e5rlige og nasjonale konkurransen for norske drikkeprodusenter med lokal foredling av norske r\u00e5varer. Konkurransen er en symfoni av smaker bare Norge kan tilby &#8211; for i hvert glass skjuler det seg en bit av Norges sjel. HANEN har driftet&hellip;<\/p>","protected":false},"author":1,"featured_media":0,"parent":0,"menu_order":0,"comment_status":"closed","ping_status":"closed","template":"","meta":{"_acf_changed":false,"footnotes":""},"class_list":["post-1171","page","type-page","status-publish","hentry"],"acf":[],"yoast_head":"<!-- This site is optimized with the Yoast SEO plugin v25.9 - https:\/\/yoast.com\/wordpress\/plugins\/seo\/ -->\n<title>KONKURRANSER - Siderlandet<\/title>\n<meta name=\"robots\" content=\"index, follow, max-snippet:-1, max-image-preview:large, max-video-preview:-1\" \/>\n<link rel=\"canonical\" href=\"https:\/\/www.siderlandet.no\/fr\/konkurranser\/\" \/>\n<meta property=\"og:locale\" content=\"fr_FR\" \/>\n<meta property=\"og:type\" content=\"article\" \/>\n<meta property=\"og:title\" content=\"KONKURRANSER - Siderlandet\" \/>\n<meta property=\"og:description\" content=\"Norges Beste Eplemost Sider og Fruktvin KONKURRANSER Norges Beste Drikke Norges Beste Drikke er den st\u00f8rste \u00e5rlige og nasjonale konkurransen for norske drikkeprodusenter med lokal foredling av norske r\u00e5varer. Konkurransen er en symfoni av smaker bare Norge kan tilby &#8211; for i hvert glass skjuler det seg en bit av Norges sjel. HANEN har driftet&hellip;\" \/>\n<meta property=\"og:url\" content=\"https:\/\/www.siderlandet.no\/fr\/konkurranser\/\" \/>\n<meta property=\"og:site_name\" content=\"Siderlandet\" \/>\n<meta property=\"article:publisher\" content=\"https:\/\/www.facebook.com\/siderlandetnorge\/\" \/>\n<meta property=\"article:modified_time\" content=\"2024-03-06T10:17:19+00:00\" \/>\n<meta property=\"og:image\" content=\"https:\/\/www.siderlandet.no\/wp-content\/uploads\/2022\/04\/hanen_eplemost-4275-1024x651.jpg\" \/>\n<meta name=\"twitter:card\" content=\"summary_large_image\" \/>\n<script type=\"application\/ld+json\" class=\"yoast-schema-graph\">{\"@context\":\"https:\/\/schema.org\",\"@graph\":[{\"@type\":\"WebPage\",\"@id\":\"https:\/\/www.siderlandet.no\/konkurranser\/\",\"url\":\"https:\/\/www.siderlandet.no\/konkurranser\/\",\"name\":\"KONKURRANSER - Siderlandet\",\"isPartOf\":{\"@id\":\"https:\/\/www.siderlandet.no\/#website\"},\"primaryImageOfPage\":{\"@id\":\"https:\/\/www.siderlandet.no\/konkurranser\/#primaryimage\"},\"image\":{\"@id\":\"https:\/\/www.siderlandet.no\/konkurranser\/#primaryimage\"},\"thumbnailUrl\":\"https:\/\/www.siderlandet.no\/wp-content\/uploads\/2022\/04\/hanen_eplemost-4275-1024x651.jpg\",\"datePublished\":\"2022-04-13T15:24:27+00:00\",\"dateModified\":\"2024-03-06T10:17:19+00:00\",\"breadcrumb\":{\"@id\":\"https:\/\/www.siderlandet.no\/konkurranser\/#breadcrumb\"},\"inLanguage\":\"fr-FR\",\"potentialAction\":[{\"@type\":\"ReadAction\",\"target\":[\"https:\/\/www.siderlandet.no\/konkurranser\/\"]}]},{\"@type\":\"ImageObject\",\"inLanguage\":\"fr-FR\",\"@id\":\"https:\/\/www.siderlandet.no\/konkurranser\/#primaryimage\",\"url\":\"https:\/\/www.siderlandet.no\/wp-content\/uploads\/2022\/04\/hanen_eplemost-4275-1024x651.jpg\",\"contentUrl\":\"https:\/\/www.siderlandet.no\/wp-content\/uploads\/2022\/04\/hanen_eplemost-4275-1024x651.jpg\"},{\"@type\":\"BreadcrumbList\",\"@id\":\"https:\/\/www.siderlandet.no\/konkurranser\/#breadcrumb\",\"itemListElement\":[{\"@type\":\"ListItem\",\"position\":1,\"name\":\"Hjem\",\"item\":\"https:\/\/www.siderlandet.no\/\"},{\"@type\":\"ListItem\",\"position\":2,\"name\":\"KONKURRANSER\"}]},{\"@type\":\"WebSite\",\"@id\":\"https:\/\/www.siderlandet.no\/#website\",\"url\":\"https:\/\/www.siderlandet.no\/\",\"name\":\"Siderlandet Norge\",\"description\":\"All norsk sider p\u00e5 ett sted\",\"publisher\":{\"@id\":\"https:\/\/www.siderlandet.no\/#organization\"},\"potentialAction\":[{\"@type\":\"SearchAction\",\"target\":{\"@type\":\"EntryPoint\",\"urlTemplate\":\"https:\/\/www.siderlandet.no\/?s={search_term_string}\"},\"query-input\":{\"@type\":\"PropertyValueSpecification\",\"valueRequired\":true,\"valueName\":\"search_term_string\"}}],\"inLanguage\":\"fr-FR\"},{\"@type\":\"Organization\",\"@id\":\"https:\/\/www.siderlandet.no\/#organization\",\"name\":\"Siderlandet Norge\",\"url\":\"https:\/\/www.siderlandet.no\/\",\"logo\":{\"@type\":\"ImageObject\",\"inLanguage\":\"fr-FR\",\"@id\":\"https:\/\/www.siderlandet.no\/#\/schema\/logo\/image\/\",\"url\":\"https:\/\/www.siderlandet.no\/wp-content\/uploads\/2023\/02\/Siderlandet_Staende_sort.png\",\"contentUrl\":\"https:\/\/www.siderlandet.no\/wp-content\/uploads\/2023\/02\/Siderlandet_Staende_sort.png\",\"width\":1867,\"height\":1372,\"caption\":\"Siderlandet Norge\"},\"image\":{\"@id\":\"https:\/\/www.siderlandet.no\/#\/schema\/logo\/image\/\"},\"sameAs\":[\"https:\/\/www.facebook.com\/siderlandetnorge\/\",\"https:\/\/www.instagram.com\/siderlandet\/\"]}]}<\/script>\n<!-- \/ Yoast SEO plugin. -->","yoast_head_json":{"title":"KONKURRANSER - Siderlandet","robots":{"index":"index","follow":"follow","max-snippet":"max-snippet:-1","max-image-preview":"max-image-preview:large","max-video-preview":"max-video-preview:-1"},"canonical":"https:\/\/www.siderlandet.no\/fr\/konkurranser\/","og_locale":"fr_FR","og_type":"article","og_title":"KONKURRANSER - Siderlandet","og_description":"Norges Beste Eplemost Sider og Fruktvin KONKURRANSER Norges Beste Drikke Norges Beste Drikke er den st\u00f8rste \u00e5rlige og nasjonale konkurransen for norske drikkeprodusenter med lokal foredling av norske r\u00e5varer. Konkurransen er en symfoni av smaker bare Norge kan tilby &#8211; for i hvert glass skjuler det seg en bit av Norges sjel. HANEN har driftet&hellip;","og_url":"https:\/\/www.siderlandet.no\/fr\/konkurranser\/","og_site_name":"Siderlandet","article_publisher":"https:\/\/www.facebook.com\/siderlandetnorge\/","article_modified_time":"2024-03-06T10:17:19+00:00","og_image":[{"url":"https:\/\/www.siderlandet.no\/wp-content\/uploads\/2022\/04\/hanen_eplemost-4275-1024x651.jpg","type":"","width":"","height":""}],"twitter_card":"summary_large_image","schema":{"@context":"https:\/\/schema.org","@graph":[{"@type":"WebPage","@id":"https:\/\/www.siderlandet.no\/konkurranser\/","url":"https:\/\/www.siderlandet.no\/konkurranser\/","name":"KONKURRANSER - Siderlandet","isPartOf":{"@id":"https:\/\/www.siderlandet.no\/#website"},"primaryImageOfPage":{"@id":"https:\/\/www.siderlandet.no\/konkurranser\/#primaryimage"},"image":{"@id":"https:\/\/www.siderlandet.no\/konkurranser\/#primaryimage"},"thumbnailUrl":"https:\/\/www.siderlandet.no\/wp-content\/uploads\/2022\/04\/hanen_eplemost-4275-1024x651.jpg","datePublished":"2022-04-13T15:24:27+00:00","dateModified":"2024-03-06T10:17:19+00:00","breadcrumb":{"@id":"https:\/\/www.siderlandet.no\/konkurranser\/#breadcrumb"},"inLanguage":"fr-FR","potentialAction":[{"@type":"ReadAction","target":["https:\/\/www.siderlandet.no\/konkurranser\/"]}]},{"@type":"ImageObject","inLanguage":"fr-FR","@id":"https:\/\/www.siderlandet.no\/konkurranser\/#primaryimage","url":"https:\/\/www.siderlandet.no\/wp-content\/uploads\/2022\/04\/hanen_eplemost-4275-1024x651.jpg","contentUrl":"https:\/\/www.siderlandet.no\/wp-content\/uploads\/2022\/04\/hanen_eplemost-4275-1024x651.jpg"},{"@type":"BreadcrumbList","@id":"https:\/\/www.siderlandet.no\/konkurranser\/#breadcrumb","itemListElement":[{"@type":"ListItem","position":1,"name":"Hjem","item":"https:\/\/www.siderlandet.no\/"},{"@type":"ListItem","position":2,"name":"KONKURRANSER"}]},{"@type":"WebSite","@id":"https:\/\/www.siderlandet.no\/#website","url":"https:\/\/www.siderlandet.no\/","name":"Siderlandet Norge","description":"All norsk sider p\u00e5 ett sted","publisher":{"@id":"https:\/\/www.siderlandet.no\/#organization"},"potentialAction":[{"@type":"SearchAction","target":{"@type":"EntryPoint","urlTemplate":"https:\/\/www.siderlandet.no\/?s={search_term_string}"},"query-input":{"@type":"PropertyValueSpecification","valueRequired":true,"valueName":"search_term_string"}}],"inLanguage":"fr-FR"},{"@type":"Organization","@id":"https:\/\/www.siderlandet.no\/#organization","name":"Siderlandet Norge","url":"https:\/\/www.siderlandet.no\/","logo":{"@type":"ImageObject","inLanguage":"fr-FR","@id":"https:\/\/www.siderlandet.no\/#\/schema\/logo\/image\/","url":"https:\/\/www.siderlandet.no\/wp-content\/uploads\/2023\/02\/Siderlandet_Staende_sort.png","contentUrl":"https:\/\/www.siderlandet.no\/wp-content\/uploads\/2023\/02\/Siderlandet_Staende_sort.png","width":1867,"height":1372,"caption":"Siderlandet Norge"},"image":{"@id":"https:\/\/www.siderlandet.no\/#\/schema\/logo\/image\/"},"sameAs":["https:\/\/www.facebook.com\/siderlandetnorge\/","https:\/\/www.instagram.com\/siderlandet\/"]}]}},"_links":{"self":[{"href":"https:\/\/www.siderlandet.no\/fr\/wp-json\/wp\/v2\/pages\/1171","targetHints":{"allow":["GET"]}}],"collection":[{"href":"https:\/\/www.siderlandet.no\/fr\/wp-json\/wp\/v2\/pages"}],"about":[{"href":"https:\/\/www.siderlandet.no\/fr\/wp-json\/wp\/v2\/types\/page"}],"author":[{"embeddable":true,"href":"https:\/\/www.siderlandet.no\/fr\/wp-json\/wp\/v2\/users\/1"}],"replies":[{"embeddable":true,"href":"https:\/\/www.siderlandet.no\/fr\/wp-json\/wp\/v2\/comments?post=1171"}],"version-history":[{"count":12,"href":"https:\/\/www.siderlandet.no\/fr\/wp-json\/wp\/v2\/pages\/1171\/revisions"}],"predecessor-version":[{"id":6754,"href":"https:\/\/www.siderlandet.no\/fr\/wp-json\/wp\/v2\/pages\/1171\/revisions\/6754"}],"wp:attachment":[{"href":"https:\/\/www.siderlandet.no\/fr\/wp-json\/wp\/v2\/media?parent=1171"}],"curies":[{"name":"wp","href":"https:\/\/api.w.org\/{rel}","templated":true}]}}