{"id":769,"date":"2022-04-06T13:34:52","date_gmt":"2022-04-06T13:34:52","guid":{"rendered":"https:\/\/www.siderlandet.no\/?page_id=769"},"modified":"2024-03-06T09:42:40","modified_gmt":"2024-03-06T09:42:40","slug":"om-sider","status":"publish","type":"page","link":"https:\/\/www.siderlandet.no\/en\/om-sider\/","title":{"rendered":"About cider"},"content":{"rendered":"<img loading=\"lazy\" decoding=\"async\" src=\"https:\/\/www.siderlandet.no\/wp-content\/uploads\/2022\/05\/Hanen_NorskSider_0321_50407-1024x608.jpg\" alt=\"Hanen_NorskSider_0321_50407\" itemprop=\"image\" height=\"608\" width=\"1024\" title=\"Hanen_NorskSider_0321_50407\" onerror=\"this.style.display='none'\"  \/>\n<h2>\n\t\tAbout cider\n\t<\/h2>\n\t<p>The Norwegian ciders featured on this website are real ciders exclusively based on fermented apple juice from Norwegian apples. This is very different from the products many people know from grocery stores, which often consist of mainly water, some fermented apple juice and lots of sugar.<\/p>\n<p>Authentic Norwegian cider is today a quality product with nearly 50 farm manufacturers throughout Southern Norway. In Hardanger, a specific quality standard was established in 2009 with the geographically protected designation \"Sider fr\u00e5 Hardanger\" (\u201cCider from Hardanger\u201d). <a href=\"\/en\/&quot;Cider from Hardanger&quot;\/\">&quot;Sider from Hardanger&quot;<\/a> \u00a0It defines what is required for a producer in Hardanger to be able to call his pages &quot;Pages from Hardanger&quot;. This work has also been an inspiration for page manufacturers in other regions.<\/p>\n<p>Most of these Norwegian ciders are sold directly at the manufacturers\u2019 farms or through Vinmonopolet (state regulated alcohol shops), but more and more manufacturers are also selling their products in restaurants and hotels. Some have also started selling ciders with a lower alcohol content in grocery stores.<\/p>\n<p><em>So make sure to look for real Norwegian cider from fruit farms all over Southern Norway!<\/em><\/p>\n<p>&nbsp;<\/p>\n<h2>\n\t\tNorwegian cider history\n\t<\/h2>\n\t<p>Cider and fruit wine have a 200-year history in Norway, but it is not very well known. Two people who know a lot about this are Kasper Wrem Anderson and Bernt Bucher Johannessen. We asked them to write down some of this history which you can read here, divided into \"modern\" cider history and older cider history. <a href=\"https:\/\/www.siderlandet.no\/en\/nyere-siderhistorie\/\"><em>&quot;Newer&quot; page history<\/em><\/a> and <a href=\"https:\/\/www.siderlandet.no\/en\/norsk-siderhistorie\/\"><em>Older<\/em> <em>cider history.<\/em><\/a><\/p>","protected":false},"excerpt":{"rendered":"<p>About Pages The Norwegian pages presented on this website are genuine pages that are based on only fermented apple cider from Norwegian apples. This is far from the products that many people know from grocery stores and which often consist mainly of water, a little fermented apple juice and a lot of sugar. Real Norwegian sites are today a\u2026<\/p>","protected":false},"author":1,"featured_media":0,"parent":0,"menu_order":0,"comment_status":"closed","ping_status":"closed","template":"","meta":{"_acf_changed":false,"footnotes":""},"class_list":["post-769","page","type-page","status-publish","hentry"],"acf":[],"yoast_head":"<!-- This site is optimized with the Yoast SEO plugin v25.9 - https:\/\/yoast.com\/wordpress\/plugins\/seo\/ -->\n<title>Om Sider - Siderlandet<\/title>\n<meta name=\"robots\" content=\"index, follow, max-snippet:-1, max-image-preview:large, max-video-preview:-1\" \/>\n<link rel=\"canonical\" href=\"https:\/\/www.siderlandet.no\/en\/om-sider\/\" \/>\n<meta property=\"og:locale\" content=\"en_US\" \/>\n<meta property=\"og:type\" content=\"article\" \/>\n<meta property=\"og:title\" content=\"Om Sider - Siderlandet\" \/>\n<meta property=\"og:description\" content=\"Om Sider De norske siderne som presenteres p\u00e5 dette nettstedet er ekte sider som er basert p\u00e5 kun gj\u00e6ret eplemost av norske epler. Dette er langt fra de produktene som mange kjenner fra dagligvarebutikkene og som ofte best\u00e5r av i hovedsak vann, litt gj\u00e6ret eplejuice og mye sukker. Ekte norsk sider er i dag et&hellip;\" \/>\n<meta property=\"og:url\" content=\"https:\/\/www.siderlandet.no\/en\/om-sider\/\" \/>\n<meta property=\"og:site_name\" content=\"Siderlandet\" \/>\n<meta property=\"article:publisher\" content=\"https:\/\/www.facebook.com\/siderlandetnorge\/\" \/>\n<meta property=\"article:modified_time\" content=\"2024-03-06T09:42:40+00:00\" \/>\n<meta property=\"og:image\" content=\"https:\/\/www.siderlandet.no\/wp-content\/uploads\/2022\/05\/Hanen_NorskSider_0321_50407-1024x608.jpg\" \/>\n<meta name=\"twitter:card\" content=\"summary_large_image\" \/>\n<meta name=\"twitter:label1\" content=\"Est. reading time\" \/>\n\t<meta name=\"twitter:data1\" content=\"1 minute\" \/>\n<script type=\"application\/ld+json\" class=\"yoast-schema-graph\">{\"@context\":\"https:\/\/schema.org\",\"@graph\":[{\"@type\":\"WebPage\",\"@id\":\"https:\/\/www.siderlandet.no\/om-sider\/\",\"url\":\"https:\/\/www.siderlandet.no\/om-sider\/\",\"name\":\"Om Sider - Siderlandet\",\"isPartOf\":{\"@id\":\"https:\/\/www.siderlandet.no\/#website\"},\"primaryImageOfPage\":{\"@id\":\"https:\/\/www.siderlandet.no\/om-sider\/#primaryimage\"},\"image\":{\"@id\":\"https:\/\/www.siderlandet.no\/om-sider\/#primaryimage\"},\"thumbnailUrl\":\"https:\/\/www.siderlandet.no\/wp-content\/uploads\/2022\/05\/Hanen_NorskSider_0321_50407-1024x608.jpg\",\"datePublished\":\"2022-04-06T13:34:52+00:00\",\"dateModified\":\"2024-03-06T09:42:40+00:00\",\"breadcrumb\":{\"@id\":\"https:\/\/www.siderlandet.no\/om-sider\/#breadcrumb\"},\"inLanguage\":\"en-US\",\"potentialAction\":[{\"@type\":\"ReadAction\",\"target\":[\"https:\/\/www.siderlandet.no\/om-sider\/\"]}]},{\"@type\":\"ImageObject\",\"inLanguage\":\"en-US\",\"@id\":\"https:\/\/www.siderlandet.no\/om-sider\/#primaryimage\",\"url\":\"https:\/\/www.siderlandet.no\/wp-content\/uploads\/2022\/05\/Hanen_NorskSider_0321_50407-1024x608.jpg\",\"contentUrl\":\"https:\/\/www.siderlandet.no\/wp-content\/uploads\/2022\/05\/Hanen_NorskSider_0321_50407-1024x608.jpg\"},{\"@type\":\"BreadcrumbList\",\"@id\":\"https:\/\/www.siderlandet.no\/om-sider\/#breadcrumb\",\"itemListElement\":[{\"@type\":\"ListItem\",\"position\":1,\"name\":\"Hjem\",\"item\":\"https:\/\/www.siderlandet.no\/\"},{\"@type\":\"ListItem\",\"position\":2,\"name\":\"Om Sider\"}]},{\"@type\":\"WebSite\",\"@id\":\"https:\/\/www.siderlandet.no\/#website\",\"url\":\"https:\/\/www.siderlandet.no\/\",\"name\":\"Siderlandet Norge\",\"description\":\"All norsk sider p\u00e5 ett sted\",\"publisher\":{\"@id\":\"https:\/\/www.siderlandet.no\/#organization\"},\"potentialAction\":[{\"@type\":\"SearchAction\",\"target\":{\"@type\":\"EntryPoint\",\"urlTemplate\":\"https:\/\/www.siderlandet.no\/?s={search_term_string}\"},\"query-input\":{\"@type\":\"PropertyValueSpecification\",\"valueRequired\":true,\"valueName\":\"search_term_string\"}}],\"inLanguage\":\"en-US\"},{\"@type\":\"Organization\",\"@id\":\"https:\/\/www.siderlandet.no\/#organization\",\"name\":\"Siderlandet Norge\",\"url\":\"https:\/\/www.siderlandet.no\/\",\"logo\":{\"@type\":\"ImageObject\",\"inLanguage\":\"en-US\",\"@id\":\"https:\/\/www.siderlandet.no\/#\/schema\/logo\/image\/\",\"url\":\"https:\/\/www.siderlandet.no\/wp-content\/uploads\/2023\/02\/Siderlandet_Staende_sort.png\",\"contentUrl\":\"https:\/\/www.siderlandet.no\/wp-content\/uploads\/2023\/02\/Siderlandet_Staende_sort.png\",\"width\":1867,\"height\":1372,\"caption\":\"Siderlandet Norge\"},\"image\":{\"@id\":\"https:\/\/www.siderlandet.no\/#\/schema\/logo\/image\/\"},\"sameAs\":[\"https:\/\/www.facebook.com\/siderlandetnorge\/\",\"https:\/\/www.instagram.com\/siderlandet\/\"]}]}<\/script>\n<!-- \/ Yoast SEO plugin. -->","yoast_head_json":{"title":"Om Sider - Siderlandet","robots":{"index":"index","follow":"follow","max-snippet":"max-snippet:-1","max-image-preview":"max-image-preview:large","max-video-preview":"max-video-preview:-1"},"canonical":"https:\/\/www.siderlandet.no\/en\/om-sider\/","og_locale":"en_US","og_type":"article","og_title":"Om Sider - Siderlandet","og_description":"Om Sider De norske siderne som presenteres p\u00e5 dette nettstedet er ekte sider som er basert p\u00e5 kun gj\u00e6ret eplemost av norske epler. Dette er langt fra de produktene som mange kjenner fra dagligvarebutikkene og som ofte best\u00e5r av i hovedsak vann, litt gj\u00e6ret eplejuice og mye sukker. Ekte norsk sider er i dag et&hellip;","og_url":"https:\/\/www.siderlandet.no\/en\/om-sider\/","og_site_name":"Siderlandet","article_publisher":"https:\/\/www.facebook.com\/siderlandetnorge\/","article_modified_time":"2024-03-06T09:42:40+00:00","og_image":[{"url":"https:\/\/www.siderlandet.no\/wp-content\/uploads\/2022\/05\/Hanen_NorskSider_0321_50407-1024x608.jpg","type":"","width":"","height":""}],"twitter_card":"summary_large_image","twitter_misc":{"Est. reading time":"1 minute"},"schema":{"@context":"https:\/\/schema.org","@graph":[{"@type":"WebPage","@id":"https:\/\/www.siderlandet.no\/om-sider\/","url":"https:\/\/www.siderlandet.no\/om-sider\/","name":"Om Sider - Siderlandet","isPartOf":{"@id":"https:\/\/www.siderlandet.no\/#website"},"primaryImageOfPage":{"@id":"https:\/\/www.siderlandet.no\/om-sider\/#primaryimage"},"image":{"@id":"https:\/\/www.siderlandet.no\/om-sider\/#primaryimage"},"thumbnailUrl":"https:\/\/www.siderlandet.no\/wp-content\/uploads\/2022\/05\/Hanen_NorskSider_0321_50407-1024x608.jpg","datePublished":"2022-04-06T13:34:52+00:00","dateModified":"2024-03-06T09:42:40+00:00","breadcrumb":{"@id":"https:\/\/www.siderlandet.no\/om-sider\/#breadcrumb"},"inLanguage":"en-US","potentialAction":[{"@type":"ReadAction","target":["https:\/\/www.siderlandet.no\/om-sider\/"]}]},{"@type":"ImageObject","inLanguage":"en-US","@id":"https:\/\/www.siderlandet.no\/om-sider\/#primaryimage","url":"https:\/\/www.siderlandet.no\/wp-content\/uploads\/2022\/05\/Hanen_NorskSider_0321_50407-1024x608.jpg","contentUrl":"https:\/\/www.siderlandet.no\/wp-content\/uploads\/2022\/05\/Hanen_NorskSider_0321_50407-1024x608.jpg"},{"@type":"BreadcrumbList","@id":"https:\/\/www.siderlandet.no\/om-sider\/#breadcrumb","itemListElement":[{"@type":"ListItem","position":1,"name":"Hjem","item":"https:\/\/www.siderlandet.no\/"},{"@type":"ListItem","position":2,"name":"Om Sider"}]},{"@type":"WebSite","@id":"https:\/\/www.siderlandet.no\/#website","url":"https:\/\/www.siderlandet.no\/","name":"The neighboring country of Norway","description":"All norsk sider p\u00e5 ett sted","publisher":{"@id":"https:\/\/www.siderlandet.no\/#organization"},"potentialAction":[{"@type":"SearchAction","target":{"@type":"EntryPoint","urlTemplate":"https:\/\/www.siderlandet.no\/?s={search_term_string}"},"query-input":{"@type":"PropertyValueSpecification","valueRequired":true,"valueName":"search_term_string"}}],"inLanguage":"en-US"},{"@type":"Organization","@id":"https:\/\/www.siderlandet.no\/#organization","name":"The neighboring country of Norway","url":"https:\/\/www.siderlandet.no\/","logo":{"@type":"ImageObject","inLanguage":"en-US","@id":"https:\/\/www.siderlandet.no\/#\/schema\/logo\/image\/","url":"https:\/\/www.siderlandet.no\/wp-content\/uploads\/2023\/02\/Siderlandet_Staende_sort.png","contentUrl":"https:\/\/www.siderlandet.no\/wp-content\/uploads\/2023\/02\/Siderlandet_Staende_sort.png","width":1867,"height":1372,"caption":"Siderlandet Norge"},"image":{"@id":"https:\/\/www.siderlandet.no\/#\/schema\/logo\/image\/"},"sameAs":["https:\/\/www.facebook.com\/siderlandetnorge\/","https:\/\/www.instagram.com\/siderlandet\/"]}]}},"_links":{"self":[{"href":"https:\/\/www.siderlandet.no\/en\/wp-json\/wp\/v2\/pages\/769","targetHints":{"allow":["GET"]}}],"collection":[{"href":"https:\/\/www.siderlandet.no\/en\/wp-json\/wp\/v2\/pages"}],"about":[{"href":"https:\/\/www.siderlandet.no\/en\/wp-json\/wp\/v2\/types\/page"}],"author":[{"embeddable":true,"href":"https:\/\/www.siderlandet.no\/en\/wp-json\/wp\/v2\/users\/1"}],"replies":[{"embeddable":true,"href":"https:\/\/www.siderlandet.no\/en\/wp-json\/wp\/v2\/comments?post=769"}],"version-history":[{"count":11,"href":"https:\/\/www.siderlandet.no\/en\/wp-json\/wp\/v2\/pages\/769\/revisions"}],"predecessor-version":[{"id":6736,"href":"https:\/\/www.siderlandet.no\/en\/wp-json\/wp\/v2\/pages\/769\/revisions\/6736"}],"wp:attachment":[{"href":"https:\/\/www.siderlandet.no\/en\/wp-json\/wp\/v2\/media?parent=769"}],"curies":[{"name":"wp","href":"https:\/\/api.w.org\/{rel}","templated":true}]}}