{"id":748,"date":"2022-04-06T07:56:03","date_gmt":"2022-04-06T07:56:03","guid":{"rendered":"https:\/\/www.siderlandet.no\/?page_id=748"},"modified":"2024-02-06T12:39:05","modified_gmt":"2024-02-06T12:39:05","slug":"om-oss","status":"publish","type":"page","link":"https:\/\/www.siderlandet.no\/en\/om-oss\/","title":{"rendered":"Om oss"},"content":{"rendered":"<img loading=\"lazy\" decoding=\"async\" src=\"https:\/\/www.siderlandet.no\/wp-content\/uploads\/2022\/04\/hanen-logo.png\" alt=\"hanen logo\" itemprop=\"image\" height=\"200\" width=\"200\" title=\"rooster logo\" onerror=\"this.style.display='none'\"  \/>\n\tThe website Siderlandet is the Norwegian cider and fruit wine industry's comprehensive overview of all Norwegian cider and fruit wine producers.\nThe site is established and owned by <a href=\"https:\/\/www.hanen.no\/\">HANEN &#8211; n\u00e6ringsorganisasjon for g\u00e5rdsmat og bygdeturisme i Norge.<\/a> HANEN organizes Norwegian cider and fruit wine producers and works closely with their producer associations.\n<p>The website Siderlandet is the Norwegian cider and fruit wine industry's comprehensive overview of all Norwegian cider and fruit wine producers.\nThe site is established and owned by HANEN \u2013 a trade organization for farm food and rural tourism in Norway. HANEN organizes Norwegian cider and fruit wine producers and works closely with their producer associations.\n\nSiderlandet provides an overview not only of all the producers and their products, but also of recommended uses for cider and fruit wine, as well as tasty food pairings. Farm shops and dining establishments offering a good selection of Norwegian ciders and fruit wines are also displayed on the map.\n\nThe history of Norwegian cider and fruit wine and its role in Norway's fruit wine tradition is fascinating reading and forms the backdrop for today's innovative development.\nWe have developed a flavor wheel for Norwegian cider and fruit wine to help people discover their personal favorites.<\/p>\n<p>We hope you enjoy the website and that it helps promote both awareness and interest in Norwegian cider and fruit wine!<\/p>","protected":false},"excerpt":{"rendered":"<p>Nettstedet Siderlandet er den norske sidern\u00e6ringens og fruktvinbransjens helhetlige oversikt over alle norske sider- og fruktvinprodusenter. Nettstedet er etablert og eies av HANEN &#8211; n\u00e6ringsorganisasjon for g\u00e5rdsmat og bygdeturisme i Norge. HANEN organiserer norske sider- og fruktvinprodusenter og samarbeider n\u00e6rt med deres produsentlag. Nettstedet Siderlandet gir en oversikt, ikke bare over alle produsentene og deres&hellip;<\/p>","protected":false},"author":1,"featured_media":1279,"parent":0,"menu_order":0,"comment_status":"closed","ping_status":"closed","template":"","meta":{"_acf_changed":false,"footnotes":""},"class_list":["post-748","page","type-page","status-publish","has-post-thumbnail","hentry"],"acf":[],"yoast_head":"<!-- This site is optimized with the Yoast SEO plugin v25.9 - https:\/\/yoast.com\/wordpress\/plugins\/seo\/ -->\n<title>Om oss - Siderlandet<\/title>\n<meta name=\"robots\" content=\"index, follow, max-snippet:-1, max-image-preview:large, max-video-preview:-1\" \/>\n<link rel=\"canonical\" href=\"https:\/\/www.siderlandet.no\/en\/om-oss\/\" \/>\n<meta property=\"og:locale\" content=\"en_US\" \/>\n<meta property=\"og:type\" content=\"article\" \/>\n<meta property=\"og:title\" content=\"Om oss - Siderlandet\" \/>\n<meta property=\"og:description\" content=\"Nettstedet Siderlandet er den norske sidern\u00e6ringens og fruktvinbransjens helhetlige oversikt over alle norske sider- og fruktvinprodusenter. Nettstedet er etablert og eies av HANEN &#8211; n\u00e6ringsorganisasjon for g\u00e5rdsmat og bygdeturisme i Norge. HANEN organiserer norske sider- og fruktvinprodusenter og samarbeider n\u00e6rt med deres produsentlag. Nettstedet Siderlandet gir en oversikt, ikke bare over alle produsentene og deres&hellip;\" \/>\n<meta property=\"og:url\" content=\"https:\/\/www.siderlandet.no\/en\/om-oss\/\" \/>\n<meta property=\"og:site_name\" content=\"Siderlandet\" \/>\n<meta property=\"article:publisher\" content=\"https:\/\/www.facebook.com\/siderlandetnorge\/\" \/>\n<meta property=\"article:modified_time\" content=\"2024-02-06T12:39:05+00:00\" \/>\n<meta property=\"og:image\" content=\"https:\/\/www.siderlandet.no\/wp-content\/uploads\/2022\/04\/hanen-logo.png\" \/>\n\t<meta property=\"og:image:width\" content=\"200\" \/>\n\t<meta property=\"og:image:height\" content=\"200\" \/>\n\t<meta property=\"og:image:type\" content=\"image\/png\" \/>\n<meta name=\"twitter:card\" content=\"summary_large_image\" \/>\n<meta name=\"twitter:label1\" content=\"Est. reading time\" \/>\n\t<meta name=\"twitter:data1\" content=\"1 minute\" \/>\n<script type=\"application\/ld+json\" class=\"yoast-schema-graph\">{\"@context\":\"https:\/\/schema.org\",\"@graph\":[{\"@type\":\"WebPage\",\"@id\":\"https:\/\/www.siderlandet.no\/om-oss\/\",\"url\":\"https:\/\/www.siderlandet.no\/om-oss\/\",\"name\":\"Om oss - Siderlandet\",\"isPartOf\":{\"@id\":\"https:\/\/www.siderlandet.no\/#website\"},\"primaryImageOfPage\":{\"@id\":\"https:\/\/www.siderlandet.no\/om-oss\/#primaryimage\"},\"image\":{\"@id\":\"https:\/\/www.siderlandet.no\/om-oss\/#primaryimage\"},\"thumbnailUrl\":\"https:\/\/www.siderlandet.no\/wp-content\/uploads\/2022\/04\/hanen-logo.png\",\"datePublished\":\"2022-04-06T07:56:03+00:00\",\"dateModified\":\"2024-02-06T12:39:05+00:00\",\"breadcrumb\":{\"@id\":\"https:\/\/www.siderlandet.no\/om-oss\/#breadcrumb\"},\"inLanguage\":\"en-US\",\"potentialAction\":[{\"@type\":\"ReadAction\",\"target\":[\"https:\/\/www.siderlandet.no\/om-oss\/\"]}]},{\"@type\":\"ImageObject\",\"inLanguage\":\"en-US\",\"@id\":\"https:\/\/www.siderlandet.no\/om-oss\/#primaryimage\",\"url\":\"https:\/\/www.siderlandet.no\/wp-content\/uploads\/2022\/04\/hanen-logo.png\",\"contentUrl\":\"https:\/\/www.siderlandet.no\/wp-content\/uploads\/2022\/04\/hanen-logo.png\",\"width\":200,\"height\":200},{\"@type\":\"BreadcrumbList\",\"@id\":\"https:\/\/www.siderlandet.no\/om-oss\/#breadcrumb\",\"itemListElement\":[{\"@type\":\"ListItem\",\"position\":1,\"name\":\"Hjem\",\"item\":\"https:\/\/www.siderlandet.no\/\"},{\"@type\":\"ListItem\",\"position\":2,\"name\":\"Om oss\"}]},{\"@type\":\"WebSite\",\"@id\":\"https:\/\/www.siderlandet.no\/#website\",\"url\":\"https:\/\/www.siderlandet.no\/\",\"name\":\"Siderlandet Norge\",\"description\":\"All norsk sider p\u00e5 ett sted\",\"publisher\":{\"@id\":\"https:\/\/www.siderlandet.no\/#organization\"},\"potentialAction\":[{\"@type\":\"SearchAction\",\"target\":{\"@type\":\"EntryPoint\",\"urlTemplate\":\"https:\/\/www.siderlandet.no\/?s={search_term_string}\"},\"query-input\":{\"@type\":\"PropertyValueSpecification\",\"valueRequired\":true,\"valueName\":\"search_term_string\"}}],\"inLanguage\":\"en-US\"},{\"@type\":\"Organization\",\"@id\":\"https:\/\/www.siderlandet.no\/#organization\",\"name\":\"Siderlandet Norge\",\"url\":\"https:\/\/www.siderlandet.no\/\",\"logo\":{\"@type\":\"ImageObject\",\"inLanguage\":\"en-US\",\"@id\":\"https:\/\/www.siderlandet.no\/#\/schema\/logo\/image\/\",\"url\":\"https:\/\/www.siderlandet.no\/wp-content\/uploads\/2023\/02\/Siderlandet_Staende_sort.png\",\"contentUrl\":\"https:\/\/www.siderlandet.no\/wp-content\/uploads\/2023\/02\/Siderlandet_Staende_sort.png\",\"width\":1867,\"height\":1372,\"caption\":\"Siderlandet Norge\"},\"image\":{\"@id\":\"https:\/\/www.siderlandet.no\/#\/schema\/logo\/image\/\"},\"sameAs\":[\"https:\/\/www.facebook.com\/siderlandetnorge\/\",\"https:\/\/www.instagram.com\/siderlandet\/\"]}]}<\/script>\n<!-- \/ Yoast SEO plugin. -->","yoast_head_json":{"title":"Om oss - Siderlandet","robots":{"index":"index","follow":"follow","max-snippet":"max-snippet:-1","max-image-preview":"max-image-preview:large","max-video-preview":"max-video-preview:-1"},"canonical":"https:\/\/www.siderlandet.no\/en\/om-oss\/","og_locale":"en_US","og_type":"article","og_title":"Om oss - Siderlandet","og_description":"Nettstedet Siderlandet er den norske sidern\u00e6ringens og fruktvinbransjens helhetlige oversikt over alle norske sider- og fruktvinprodusenter. Nettstedet er etablert og eies av HANEN &#8211; n\u00e6ringsorganisasjon for g\u00e5rdsmat og bygdeturisme i Norge. HANEN organiserer norske sider- og fruktvinprodusenter og samarbeider n\u00e6rt med deres produsentlag. Nettstedet Siderlandet gir en oversikt, ikke bare over alle produsentene og deres&hellip;","og_url":"https:\/\/www.siderlandet.no\/en\/om-oss\/","og_site_name":"Siderlandet","article_publisher":"https:\/\/www.facebook.com\/siderlandetnorge\/","article_modified_time":"2024-02-06T12:39:05+00:00","og_image":[{"width":200,"height":200,"url":"https:\/\/www.siderlandet.no\/wp-content\/uploads\/2022\/04\/hanen-logo.png","type":"image\/png"}],"twitter_card":"summary_large_image","twitter_misc":{"Est. reading time":"1 minute"},"schema":{"@context":"https:\/\/schema.org","@graph":[{"@type":"WebPage","@id":"https:\/\/www.siderlandet.no\/om-oss\/","url":"https:\/\/www.siderlandet.no\/om-oss\/","name":"Om oss - Siderlandet","isPartOf":{"@id":"https:\/\/www.siderlandet.no\/#website"},"primaryImageOfPage":{"@id":"https:\/\/www.siderlandet.no\/om-oss\/#primaryimage"},"image":{"@id":"https:\/\/www.siderlandet.no\/om-oss\/#primaryimage"},"thumbnailUrl":"https:\/\/www.siderlandet.no\/wp-content\/uploads\/2022\/04\/hanen-logo.png","datePublished":"2022-04-06T07:56:03+00:00","dateModified":"2024-02-06T12:39:05+00:00","breadcrumb":{"@id":"https:\/\/www.siderlandet.no\/om-oss\/#breadcrumb"},"inLanguage":"en-US","potentialAction":[{"@type":"ReadAction","target":["https:\/\/www.siderlandet.no\/om-oss\/"]}]},{"@type":"ImageObject","inLanguage":"en-US","@id":"https:\/\/www.siderlandet.no\/om-oss\/#primaryimage","url":"https:\/\/www.siderlandet.no\/wp-content\/uploads\/2022\/04\/hanen-logo.png","contentUrl":"https:\/\/www.siderlandet.no\/wp-content\/uploads\/2022\/04\/hanen-logo.png","width":200,"height":200},{"@type":"BreadcrumbList","@id":"https:\/\/www.siderlandet.no\/om-oss\/#breadcrumb","itemListElement":[{"@type":"ListItem","position":1,"name":"Hjem","item":"https:\/\/www.siderlandet.no\/"},{"@type":"ListItem","position":2,"name":"Om oss"}]},{"@type":"WebSite","@id":"https:\/\/www.siderlandet.no\/#website","url":"https:\/\/www.siderlandet.no\/","name":"The neighboring country of Norway","description":"All norsk sider p\u00e5 ett sted","publisher":{"@id":"https:\/\/www.siderlandet.no\/#organization"},"potentialAction":[{"@type":"SearchAction","target":{"@type":"EntryPoint","urlTemplate":"https:\/\/www.siderlandet.no\/?s={search_term_string}"},"query-input":{"@type":"PropertyValueSpecification","valueRequired":true,"valueName":"search_term_string"}}],"inLanguage":"en-US"},{"@type":"Organization","@id":"https:\/\/www.siderlandet.no\/#organization","name":"The neighboring country of Norway","url":"https:\/\/www.siderlandet.no\/","logo":{"@type":"ImageObject","inLanguage":"en-US","@id":"https:\/\/www.siderlandet.no\/#\/schema\/logo\/image\/","url":"https:\/\/www.siderlandet.no\/wp-content\/uploads\/2023\/02\/Siderlandet_Staende_sort.png","contentUrl":"https:\/\/www.siderlandet.no\/wp-content\/uploads\/2023\/02\/Siderlandet_Staende_sort.png","width":1867,"height":1372,"caption":"Siderlandet Norge"},"image":{"@id":"https:\/\/www.siderlandet.no\/#\/schema\/logo\/image\/"},"sameAs":["https:\/\/www.facebook.com\/siderlandetnorge\/","https:\/\/www.instagram.com\/siderlandet\/"]}]}},"_links":{"self":[{"href":"https:\/\/www.siderlandet.no\/en\/wp-json\/wp\/v2\/pages\/748","targetHints":{"allow":["GET"]}}],"collection":[{"href":"https:\/\/www.siderlandet.no\/en\/wp-json\/wp\/v2\/pages"}],"about":[{"href":"https:\/\/www.siderlandet.no\/en\/wp-json\/wp\/v2\/types\/page"}],"author":[{"embeddable":true,"href":"https:\/\/www.siderlandet.no\/en\/wp-json\/wp\/v2\/users\/1"}],"replies":[{"embeddable":true,"href":"https:\/\/www.siderlandet.no\/en\/wp-json\/wp\/v2\/comments?post=748"}],"version-history":[{"count":8,"href":"https:\/\/www.siderlandet.no\/en\/wp-json\/wp\/v2\/pages\/748\/revisions"}],"predecessor-version":[{"id":6422,"href":"https:\/\/www.siderlandet.no\/en\/wp-json\/wp\/v2\/pages\/748\/revisions\/6422"}],"wp:featuredmedia":[{"embeddable":true,"href":"https:\/\/www.siderlandet.no\/en\/wp-json\/wp\/v2\/media\/1279"}],"wp:attachment":[{"href":"https:\/\/www.siderlandet.no\/en\/wp-json\/wp\/v2\/media?parent=748"}],"curies":[{"name":"wp","href":"https:\/\/api.w.org\/{rel}","templated":true}]}}