{"id":5259,"date":"2022-12-13T14:37:45","date_gmt":"2022-12-13T14:37:45","guid":{"rendered":"https:\/\/www.siderlandet.no\/?page_id=5259"},"modified":"2024-03-06T09:51:53","modified_gmt":"2024-03-06T09:51:53","slug":"sidermagasin","status":"publish","type":"page","link":"https:\/\/www.siderlandet.no\/en\/sidermagasin\/","title":{"rendered":"Sidermagasin"},"content":{"rendered":"<img loading=\"lazy\" decoding=\"async\" src=\"https:\/\/www.siderlandet.no\/wp-content\/uploads\/2022\/12\/Sidermagasinet-forside.png\" alt=\"Sidermagasinet forside\" itemprop=\"image\" height=\"735\" width=\"595\" title=\"Sidermagasinet forside\" onerror=\"this.style.display='none'\"  \/>\n<h2>\n\t\tSIDERMAGASINET\n\t<\/h2>\n\t<p>HANEN has created a Cider magazine. In addition to many interesting articles and interviews, you get a complete overview of Norwegian cider manufacturers and their products.<\/p>\n\t<p>SIDERMAGASINET KAN KJ\u00d8PES FOR KR 50 PR STK PLUSS PORTO.<\/p>\n\t\t\t<a href=\"https:\/\/buy.stripe.com\/aEUaET7W45GY3HqeUV\" target=\"_self\" role=\"button\" rel=\"noopener\">\n\t\t\t\t\t\t\tBuy Sidermagasinet\n\t\t\t\t\t<\/a>","protected":false},"excerpt":{"rendered":"<p>SIDERMAGASINET HANEN har laget et Sidermagasin. Foruten mange interessante artikler og intervjuer f\u00e5r du en fullstendig oversikt over norske siderprodusenter og produktene deres. SIDERMAGASINET KAN KJ\u00d8PES FOR KR 50 PR STK PLUSS PORTO. Kj\u00f8p Sidermagasin<\/p>","protected":false},"author":1,"featured_media":5260,"parent":0,"menu_order":0,"comment_status":"closed","ping_status":"closed","template":"","meta":{"_acf_changed":false,"footnotes":""},"class_list":["post-5259","page","type-page","status-publish","has-post-thumbnail","hentry"],"acf":[],"yoast_head":"<!-- This site is optimized with the Yoast SEO plugin v25.9 - https:\/\/yoast.com\/wordpress\/plugins\/seo\/ -->\n<title>Sidermagasin - Siderlandet<\/title>\n<meta name=\"robots\" content=\"index, follow, max-snippet:-1, max-image-preview:large, max-video-preview:-1\" \/>\n<link rel=\"canonical\" href=\"https:\/\/www.siderlandet.no\/en\/sidermagasin\/\" \/>\n<meta property=\"og:locale\" content=\"en_US\" \/>\n<meta property=\"og:type\" content=\"article\" \/>\n<meta property=\"og:title\" content=\"Sidermagasin - Siderlandet\" \/>\n<meta property=\"og:description\" content=\"SIDERMAGASINET HANEN har laget et Sidermagasin. Foruten mange interessante artikler og intervjuer f\u00e5r du en fullstendig oversikt over norske siderprodusenter og produktene deres. SIDERMAGASINET KAN KJ\u00d8PES FOR KR 50 PR STK PLUSS PORTO. Kj\u00f8p Sidermagasin\" \/>\n<meta property=\"og:url\" content=\"https:\/\/www.siderlandet.no\/en\/sidermagasin\/\" \/>\n<meta property=\"og:site_name\" content=\"Siderlandet\" \/>\n<meta property=\"article:publisher\" content=\"https:\/\/www.facebook.com\/siderlandetnorge\/\" \/>\n<meta property=\"article:modified_time\" content=\"2024-03-06T09:51:53+00:00\" \/>\n<meta property=\"og:image\" content=\"https:\/\/www.siderlandet.no\/wp-content\/uploads\/2022\/12\/Sidermagasinet-forside.png\" \/>\n\t<meta property=\"og:image:width\" content=\"595\" \/>\n\t<meta property=\"og:image:height\" content=\"735\" \/>\n\t<meta property=\"og:image:type\" content=\"image\/png\" \/>\n<meta name=\"twitter:card\" content=\"summary_large_image\" \/>\n<script type=\"application\/ld+json\" class=\"yoast-schema-graph\">{\"@context\":\"https:\/\/schema.org\",\"@graph\":[{\"@type\":\"WebPage\",\"@id\":\"https:\/\/www.siderlandet.no\/sidermagasin\/\",\"url\":\"https:\/\/www.siderlandet.no\/sidermagasin\/\",\"name\":\"Sidermagasin - Siderlandet\",\"isPartOf\":{\"@id\":\"https:\/\/www.siderlandet.no\/#website\"},\"primaryImageOfPage\":{\"@id\":\"https:\/\/www.siderlandet.no\/sidermagasin\/#primaryimage\"},\"image\":{\"@id\":\"https:\/\/www.siderlandet.no\/sidermagasin\/#primaryimage\"},\"thumbnailUrl\":\"https:\/\/www.siderlandet.no\/wp-content\/uploads\/2022\/12\/Sidermagasinet-forside.png\",\"datePublished\":\"2022-12-13T14:37:45+00:00\",\"dateModified\":\"2024-03-06T09:51:53+00:00\",\"breadcrumb\":{\"@id\":\"https:\/\/www.siderlandet.no\/sidermagasin\/#breadcrumb\"},\"inLanguage\":\"en-US\",\"potentialAction\":[{\"@type\":\"ReadAction\",\"target\":[\"https:\/\/www.siderlandet.no\/sidermagasin\/\"]}]},{\"@type\":\"ImageObject\",\"inLanguage\":\"en-US\",\"@id\":\"https:\/\/www.siderlandet.no\/sidermagasin\/#primaryimage\",\"url\":\"https:\/\/www.siderlandet.no\/wp-content\/uploads\/2022\/12\/Sidermagasinet-forside.png\",\"contentUrl\":\"https:\/\/www.siderlandet.no\/wp-content\/uploads\/2022\/12\/Sidermagasinet-forside.png\",\"width\":595,\"height\":735},{\"@type\":\"BreadcrumbList\",\"@id\":\"https:\/\/www.siderlandet.no\/sidermagasin\/#breadcrumb\",\"itemListElement\":[{\"@type\":\"ListItem\",\"position\":1,\"name\":\"Hjem\",\"item\":\"https:\/\/www.siderlandet.no\/\"},{\"@type\":\"ListItem\",\"position\":2,\"name\":\"Sidermagasin\"}]},{\"@type\":\"WebSite\",\"@id\":\"https:\/\/www.siderlandet.no\/#website\",\"url\":\"https:\/\/www.siderlandet.no\/\",\"name\":\"Siderlandet Norge\",\"description\":\"All norsk sider p\u00e5 ett sted\",\"publisher\":{\"@id\":\"https:\/\/www.siderlandet.no\/#organization\"},\"potentialAction\":[{\"@type\":\"SearchAction\",\"target\":{\"@type\":\"EntryPoint\",\"urlTemplate\":\"https:\/\/www.siderlandet.no\/?s={search_term_string}\"},\"query-input\":{\"@type\":\"PropertyValueSpecification\",\"valueRequired\":true,\"valueName\":\"search_term_string\"}}],\"inLanguage\":\"en-US\"},{\"@type\":\"Organization\",\"@id\":\"https:\/\/www.siderlandet.no\/#organization\",\"name\":\"Siderlandet Norge\",\"url\":\"https:\/\/www.siderlandet.no\/\",\"logo\":{\"@type\":\"ImageObject\",\"inLanguage\":\"en-US\",\"@id\":\"https:\/\/www.siderlandet.no\/#\/schema\/logo\/image\/\",\"url\":\"https:\/\/www.siderlandet.no\/wp-content\/uploads\/2023\/02\/Siderlandet_Staende_sort.png\",\"contentUrl\":\"https:\/\/www.siderlandet.no\/wp-content\/uploads\/2023\/02\/Siderlandet_Staende_sort.png\",\"width\":1867,\"height\":1372,\"caption\":\"Siderlandet Norge\"},\"image\":{\"@id\":\"https:\/\/www.siderlandet.no\/#\/schema\/logo\/image\/\"},\"sameAs\":[\"https:\/\/www.facebook.com\/siderlandetnorge\/\",\"https:\/\/www.instagram.com\/siderlandet\/\"]}]}<\/script>\n<!-- \/ Yoast SEO plugin. -->","yoast_head_json":{"title":"Sidermagasin - Siderlandet","robots":{"index":"index","follow":"follow","max-snippet":"max-snippet:-1","max-image-preview":"max-image-preview:large","max-video-preview":"max-video-preview:-1"},"canonical":"https:\/\/www.siderlandet.no\/en\/sidermagasin\/","og_locale":"en_US","og_type":"article","og_title":"Sidermagasin - Siderlandet","og_description":"SIDERMAGASINET HANEN har laget et Sidermagasin. Foruten mange interessante artikler og intervjuer f\u00e5r du en fullstendig oversikt over norske siderprodusenter og produktene deres. SIDERMAGASINET KAN KJ\u00d8PES FOR KR 50 PR STK PLUSS PORTO. Kj\u00f8p Sidermagasin","og_url":"https:\/\/www.siderlandet.no\/en\/sidermagasin\/","og_site_name":"Siderlandet","article_publisher":"https:\/\/www.facebook.com\/siderlandetnorge\/","article_modified_time":"2024-03-06T09:51:53+00:00","og_image":[{"width":595,"height":735,"url":"https:\/\/www.siderlandet.no\/wp-content\/uploads\/2022\/12\/Sidermagasinet-forside.png","type":"image\/png"}],"twitter_card":"summary_large_image","schema":{"@context":"https:\/\/schema.org","@graph":[{"@type":"WebPage","@id":"https:\/\/www.siderlandet.no\/sidermagasin\/","url":"https:\/\/www.siderlandet.no\/sidermagasin\/","name":"Sidermagasin - Siderlandet","isPartOf":{"@id":"https:\/\/www.siderlandet.no\/#website"},"primaryImageOfPage":{"@id":"https:\/\/www.siderlandet.no\/sidermagasin\/#primaryimage"},"image":{"@id":"https:\/\/www.siderlandet.no\/sidermagasin\/#primaryimage"},"thumbnailUrl":"https:\/\/www.siderlandet.no\/wp-content\/uploads\/2022\/12\/Sidermagasinet-forside.png","datePublished":"2022-12-13T14:37:45+00:00","dateModified":"2024-03-06T09:51:53+00:00","breadcrumb":{"@id":"https:\/\/www.siderlandet.no\/sidermagasin\/#breadcrumb"},"inLanguage":"en-US","potentialAction":[{"@type":"ReadAction","target":["https:\/\/www.siderlandet.no\/sidermagasin\/"]}]},{"@type":"ImageObject","inLanguage":"en-US","@id":"https:\/\/www.siderlandet.no\/sidermagasin\/#primaryimage","url":"https:\/\/www.siderlandet.no\/wp-content\/uploads\/2022\/12\/Sidermagasinet-forside.png","contentUrl":"https:\/\/www.siderlandet.no\/wp-content\/uploads\/2022\/12\/Sidermagasinet-forside.png","width":595,"height":735},{"@type":"BreadcrumbList","@id":"https:\/\/www.siderlandet.no\/sidermagasin\/#breadcrumb","itemListElement":[{"@type":"ListItem","position":1,"name":"Hjem","item":"https:\/\/www.siderlandet.no\/"},{"@type":"ListItem","position":2,"name":"Sidermagasin"}]},{"@type":"WebSite","@id":"https:\/\/www.siderlandet.no\/#website","url":"https:\/\/www.siderlandet.no\/","name":"The neighboring country of Norway","description":"All norsk sider p\u00e5 ett sted","publisher":{"@id":"https:\/\/www.siderlandet.no\/#organization"},"potentialAction":[{"@type":"SearchAction","target":{"@type":"EntryPoint","urlTemplate":"https:\/\/www.siderlandet.no\/?s={search_term_string}"},"query-input":{"@type":"PropertyValueSpecification","valueRequired":true,"valueName":"search_term_string"}}],"inLanguage":"en-US"},{"@type":"Organization","@id":"https:\/\/www.siderlandet.no\/#organization","name":"The neighboring country of Norway","url":"https:\/\/www.siderlandet.no\/","logo":{"@type":"ImageObject","inLanguage":"en-US","@id":"https:\/\/www.siderlandet.no\/#\/schema\/logo\/image\/","url":"https:\/\/www.siderlandet.no\/wp-content\/uploads\/2023\/02\/Siderlandet_Staende_sort.png","contentUrl":"https:\/\/www.siderlandet.no\/wp-content\/uploads\/2023\/02\/Siderlandet_Staende_sort.png","width":1867,"height":1372,"caption":"Siderlandet Norge"},"image":{"@id":"https:\/\/www.siderlandet.no\/#\/schema\/logo\/image\/"},"sameAs":["https:\/\/www.facebook.com\/siderlandetnorge\/","https:\/\/www.instagram.com\/siderlandet\/"]}]}},"_links":{"self":[{"href":"https:\/\/www.siderlandet.no\/en\/wp-json\/wp\/v2\/pages\/5259","targetHints":{"allow":["GET"]}}],"collection":[{"href":"https:\/\/www.siderlandet.no\/en\/wp-json\/wp\/v2\/pages"}],"about":[{"href":"https:\/\/www.siderlandet.no\/en\/wp-json\/wp\/v2\/types\/page"}],"author":[{"embeddable":true,"href":"https:\/\/www.siderlandet.no\/en\/wp-json\/wp\/v2\/users\/1"}],"replies":[{"embeddable":true,"href":"https:\/\/www.siderlandet.no\/en\/wp-json\/wp\/v2\/comments?post=5259"}],"version-history":[{"count":4,"href":"https:\/\/www.siderlandet.no\/en\/wp-json\/wp\/v2\/pages\/5259\/revisions"}],"predecessor-version":[{"id":6748,"href":"https:\/\/www.siderlandet.no\/en\/wp-json\/wp\/v2\/pages\/5259\/revisions\/6748"}],"wp:featuredmedia":[{"embeddable":true,"href":"https:\/\/www.siderlandet.no\/en\/wp-json\/wp\/v2\/media\/5260"}],"wp:attachment":[{"href":"https:\/\/www.siderlandet.no\/en\/wp-json\/wp\/v2\/media?parent=5259"}],"curies":[{"name":"wp","href":"https:\/\/api.w.org\/{rel}","templated":true}]}}