{"id":2113,"date":"2022-04-28T16:32:01","date_gmt":"2022-04-28T16:32:01","guid":{"rendered":"https:\/\/www.siderlandet.no\/?page_id=2113"},"modified":"2022-04-28T16:32:01","modified_gmt":"2022-04-28T16:32:01","slug":"siderorganisasjoner","status":"publish","type":"page","link":"https:\/\/www.siderlandet.no\/en\/siderorganisasjoner\/","title":{"rendered":"Siderorganisasjoner"},"content":{"rendered":"<img loading=\"lazy\" decoding=\"async\" src=\"https:\/\/www.siderlandet.no\/wp-content\/uploads\/2022\/04\/FalkeblikkAS_-_20210811_HANEN_-_Spildegarden_D850_96411-1024x683.jpg\" alt=\"Foto: Spildegarden \/ Falkeblikk\" itemprop=\"image\" height=\"683\" width=\"1024\" title=\"Foto: Spildegarden \/ Falkeblikk\" onerror=\"this.style.display='none'\"  \/>\n\t\tFoto: Spildegarden \/ Falkeblikk\n<h2>\n\t\tSIDERORGANISASJONER\n\t<\/h2>\n\t<p><em>Siderklynga i Hardanger: Samarbeidsnettverk etablert av Hardanger siderprodusentlag sammen med det offentlig og privat n\u00e6ringsliv. Fokus p\u00e5 et forpliktende samarbeid som sikrer lokal eierskap og brei verdiskapning blant siderprodusentene, men ogs\u00e5 resten av n\u00e6ringslivet og samfunnet ellers<\/em><\/p>\n<p><a href=\"https:\/\/www.siderklynga.no\/\">Siderklynga i Hardanger\u00a0<\/a><\/p>\n<p>Telemark Siderlag: En oversikt over alle siderprodusentene i Midt-Telemark etablert for \u00e5 synliggj\u00f8re produsentene og deres viktige rolle i fruktn\u00e6ringa i Telemark.<\/p>\n<p><em><a href=\"https:\/\/telemark-siderlag.no\/\">Telemark siderlag<\/a><\/em><\/p>","protected":false},"excerpt":{"rendered":"<p>Foto: Spildegarden \/ Falkeblikk SIDERORGANISASJONER Siderklynga i Hardanger: Samarbeidsnettverk etablert av Hardanger siderprodusentlag sammen med det offentlig og privat n\u00e6ringsliv. Fokus p\u00e5 et forpliktende samarbeid som sikrer lokal eierskap og brei verdiskapning blant siderprodusentene, men ogs\u00e5 resten av n\u00e6ringslivet og samfunnet ellers Siderklynga i Hardanger\u00a0 Telemark Siderlag: En oversikt over alle siderprodusentene i Midt-Telemark etablert&hellip;<\/p>","protected":false},"author":1,"featured_media":2115,"parent":0,"menu_order":0,"comment_status":"closed","ping_status":"closed","template":"","meta":{"_acf_changed":false,"footnotes":""},"class_list":["post-2113","page","type-page","status-publish","has-post-thumbnail","hentry"],"acf":[],"yoast_head":"<!-- This site is optimized with the Yoast SEO plugin v25.9 - https:\/\/yoast.com\/wordpress\/plugins\/seo\/ -->\n<title>Siderorganisasjoner - Siderlandet<\/title>\n<meta name=\"robots\" content=\"index, follow, max-snippet:-1, max-image-preview:large, max-video-preview:-1\" \/>\n<link rel=\"canonical\" href=\"https:\/\/www.siderlandet.no\/en\/siderorganisasjoner\/\" \/>\n<meta property=\"og:locale\" content=\"en_US\" \/>\n<meta property=\"og:type\" content=\"article\" \/>\n<meta property=\"og:title\" content=\"Siderorganisasjoner - Siderlandet\" \/>\n<meta property=\"og:description\" content=\"Foto: Spildegarden \/ Falkeblikk SIDERORGANISASJONER Siderklynga i Hardanger: Samarbeidsnettverk etablert av Hardanger siderprodusentlag sammen med det offentlig og privat n\u00e6ringsliv. Fokus p\u00e5 et forpliktende samarbeid som sikrer lokal eierskap og brei verdiskapning blant siderprodusentene, men ogs\u00e5 resten av n\u00e6ringslivet og samfunnet ellers Siderklynga i Hardanger\u00a0 Telemark Siderlag: En oversikt over alle siderprodusentene i Midt-Telemark etablert&hellip;\" \/>\n<meta property=\"og:url\" content=\"https:\/\/www.siderlandet.no\/en\/siderorganisasjoner\/\" \/>\n<meta property=\"og:site_name\" content=\"Siderlandet\" \/>\n<meta property=\"article:publisher\" content=\"https:\/\/www.facebook.com\/siderlandetnorge\/\" \/>\n<meta property=\"og:image\" content=\"https:\/\/www.siderlandet.no\/wp-content\/uploads\/2022\/04\/FalkeblikkAS_-_20210811_HANEN_-_Spildegarden_D850_96411-scaled.jpg\" \/>\n\t<meta property=\"og:image:width\" content=\"2560\" \/>\n\t<meta property=\"og:image:height\" content=\"1707\" \/>\n\t<meta property=\"og:image:type\" content=\"image\/jpeg\" \/>\n<meta name=\"twitter:card\" content=\"summary_large_image\" \/>\n<script type=\"application\/ld+json\" class=\"yoast-schema-graph\">{\"@context\":\"https:\/\/schema.org\",\"@graph\":[{\"@type\":\"WebPage\",\"@id\":\"https:\/\/www.siderlandet.no\/siderorganisasjoner\/\",\"url\":\"https:\/\/www.siderlandet.no\/siderorganisasjoner\/\",\"name\":\"Siderorganisasjoner - Siderlandet\",\"isPartOf\":{\"@id\":\"https:\/\/www.siderlandet.no\/#website\"},\"primaryImageOfPage\":{\"@id\":\"https:\/\/www.siderlandet.no\/siderorganisasjoner\/#primaryimage\"},\"image\":{\"@id\":\"https:\/\/www.siderlandet.no\/siderorganisasjoner\/#primaryimage\"},\"thumbnailUrl\":\"https:\/\/www.siderlandet.no\/wp-content\/uploads\/2022\/04\/FalkeblikkAS_-_20210811_HANEN_-_Spildegarden_D850_96411-scaled.jpg\",\"datePublished\":\"2022-04-28T16:32:01+00:00\",\"breadcrumb\":{\"@id\":\"https:\/\/www.siderlandet.no\/siderorganisasjoner\/#breadcrumb\"},\"inLanguage\":\"en-US\",\"potentialAction\":[{\"@type\":\"ReadAction\",\"target\":[\"https:\/\/www.siderlandet.no\/siderorganisasjoner\/\"]}]},{\"@type\":\"ImageObject\",\"inLanguage\":\"en-US\",\"@id\":\"https:\/\/www.siderlandet.no\/siderorganisasjoner\/#primaryimage\",\"url\":\"https:\/\/www.siderlandet.no\/wp-content\/uploads\/2022\/04\/FalkeblikkAS_-_20210811_HANEN_-_Spildegarden_D850_96411-scaled.jpg\",\"contentUrl\":\"https:\/\/www.siderlandet.no\/wp-content\/uploads\/2022\/04\/FalkeblikkAS_-_20210811_HANEN_-_Spildegarden_D850_96411-scaled.jpg\",\"width\":2560,\"height\":1707,\"caption\":\"Foto: Spildegarden \/ Falkeblikk\"},{\"@type\":\"BreadcrumbList\",\"@id\":\"https:\/\/www.siderlandet.no\/siderorganisasjoner\/#breadcrumb\",\"itemListElement\":[{\"@type\":\"ListItem\",\"position\":1,\"name\":\"Hjem\",\"item\":\"https:\/\/www.siderlandet.no\/\"},{\"@type\":\"ListItem\",\"position\":2,\"name\":\"Siderorganisasjoner\"}]},{\"@type\":\"WebSite\",\"@id\":\"https:\/\/www.siderlandet.no\/#website\",\"url\":\"https:\/\/www.siderlandet.no\/\",\"name\":\"Siderlandet Norge\",\"description\":\"All norsk sider p\u00e5 ett sted\",\"publisher\":{\"@id\":\"https:\/\/www.siderlandet.no\/#organization\"},\"potentialAction\":[{\"@type\":\"SearchAction\",\"target\":{\"@type\":\"EntryPoint\",\"urlTemplate\":\"https:\/\/www.siderlandet.no\/?s={search_term_string}\"},\"query-input\":{\"@type\":\"PropertyValueSpecification\",\"valueRequired\":true,\"valueName\":\"search_term_string\"}}],\"inLanguage\":\"en-US\"},{\"@type\":\"Organization\",\"@id\":\"https:\/\/www.siderlandet.no\/#organization\",\"name\":\"Siderlandet Norge\",\"url\":\"https:\/\/www.siderlandet.no\/\",\"logo\":{\"@type\":\"ImageObject\",\"inLanguage\":\"en-US\",\"@id\":\"https:\/\/www.siderlandet.no\/#\/schema\/logo\/image\/\",\"url\":\"https:\/\/www.siderlandet.no\/wp-content\/uploads\/2023\/02\/Siderlandet_Staende_sort.png\",\"contentUrl\":\"https:\/\/www.siderlandet.no\/wp-content\/uploads\/2023\/02\/Siderlandet_Staende_sort.png\",\"width\":1867,\"height\":1372,\"caption\":\"Siderlandet Norge\"},\"image\":{\"@id\":\"https:\/\/www.siderlandet.no\/#\/schema\/logo\/image\/\"},\"sameAs\":[\"https:\/\/www.facebook.com\/siderlandetnorge\/\",\"https:\/\/www.instagram.com\/siderlandet\/\"]}]}<\/script>\n<!-- \/ Yoast SEO plugin. -->","yoast_head_json":{"title":"Siderorganisasjoner - Siderlandet","robots":{"index":"index","follow":"follow","max-snippet":"max-snippet:-1","max-image-preview":"max-image-preview:large","max-video-preview":"max-video-preview:-1"},"canonical":"https:\/\/www.siderlandet.no\/en\/siderorganisasjoner\/","og_locale":"en_US","og_type":"article","og_title":"Siderorganisasjoner - Siderlandet","og_description":"Foto: Spildegarden \/ Falkeblikk SIDERORGANISASJONER Siderklynga i Hardanger: Samarbeidsnettverk etablert av Hardanger siderprodusentlag sammen med det offentlig og privat n\u00e6ringsliv. Fokus p\u00e5 et forpliktende samarbeid som sikrer lokal eierskap og brei verdiskapning blant siderprodusentene, men ogs\u00e5 resten av n\u00e6ringslivet og samfunnet ellers Siderklynga i Hardanger\u00a0 Telemark Siderlag: En oversikt over alle siderprodusentene i Midt-Telemark etablert&hellip;","og_url":"https:\/\/www.siderlandet.no\/en\/siderorganisasjoner\/","og_site_name":"Siderlandet","article_publisher":"https:\/\/www.facebook.com\/siderlandetnorge\/","og_image":[{"width":2560,"height":1707,"url":"https:\/\/www.siderlandet.no\/wp-content\/uploads\/2022\/04\/FalkeblikkAS_-_20210811_HANEN_-_Spildegarden_D850_96411-scaled.jpg","type":"image\/jpeg"}],"twitter_card":"summary_large_image","schema":{"@context":"https:\/\/schema.org","@graph":[{"@type":"WebPage","@id":"https:\/\/www.siderlandet.no\/siderorganisasjoner\/","url":"https:\/\/www.siderlandet.no\/siderorganisasjoner\/","name":"Siderorganisasjoner - Siderlandet","isPartOf":{"@id":"https:\/\/www.siderlandet.no\/#website"},"primaryImageOfPage":{"@id":"https:\/\/www.siderlandet.no\/siderorganisasjoner\/#primaryimage"},"image":{"@id":"https:\/\/www.siderlandet.no\/siderorganisasjoner\/#primaryimage"},"thumbnailUrl":"https:\/\/www.siderlandet.no\/wp-content\/uploads\/2022\/04\/FalkeblikkAS_-_20210811_HANEN_-_Spildegarden_D850_96411-scaled.jpg","datePublished":"2022-04-28T16:32:01+00:00","breadcrumb":{"@id":"https:\/\/www.siderlandet.no\/siderorganisasjoner\/#breadcrumb"},"inLanguage":"en-US","potentialAction":[{"@type":"ReadAction","target":["https:\/\/www.siderlandet.no\/siderorganisasjoner\/"]}]},{"@type":"ImageObject","inLanguage":"en-US","@id":"https:\/\/www.siderlandet.no\/siderorganisasjoner\/#primaryimage","url":"https:\/\/www.siderlandet.no\/wp-content\/uploads\/2022\/04\/FalkeblikkAS_-_20210811_HANEN_-_Spildegarden_D850_96411-scaled.jpg","contentUrl":"https:\/\/www.siderlandet.no\/wp-content\/uploads\/2022\/04\/FalkeblikkAS_-_20210811_HANEN_-_Spildegarden_D850_96411-scaled.jpg","width":2560,"height":1707,"caption":"Foto: Spildegarden \/ Falkeblikk"},{"@type":"BreadcrumbList","@id":"https:\/\/www.siderlandet.no\/siderorganisasjoner\/#breadcrumb","itemListElement":[{"@type":"ListItem","position":1,"name":"Hjem","item":"https:\/\/www.siderlandet.no\/"},{"@type":"ListItem","position":2,"name":"Siderorganisasjoner"}]},{"@type":"WebSite","@id":"https:\/\/www.siderlandet.no\/#website","url":"https:\/\/www.siderlandet.no\/","name":"The neighboring country of Norway","description":"All norsk sider p\u00e5 ett sted","publisher":{"@id":"https:\/\/www.siderlandet.no\/#organization"},"potentialAction":[{"@type":"SearchAction","target":{"@type":"EntryPoint","urlTemplate":"https:\/\/www.siderlandet.no\/?s={search_term_string}"},"query-input":{"@type":"PropertyValueSpecification","valueRequired":true,"valueName":"search_term_string"}}],"inLanguage":"en-US"},{"@type":"Organization","@id":"https:\/\/www.siderlandet.no\/#organization","name":"The neighboring country of Norway","url":"https:\/\/www.siderlandet.no\/","logo":{"@type":"ImageObject","inLanguage":"en-US","@id":"https:\/\/www.siderlandet.no\/#\/schema\/logo\/image\/","url":"https:\/\/www.siderlandet.no\/wp-content\/uploads\/2023\/02\/Siderlandet_Staende_sort.png","contentUrl":"https:\/\/www.siderlandet.no\/wp-content\/uploads\/2023\/02\/Siderlandet_Staende_sort.png","width":1867,"height":1372,"caption":"Siderlandet Norge"},"image":{"@id":"https:\/\/www.siderlandet.no\/#\/schema\/logo\/image\/"},"sameAs":["https:\/\/www.facebook.com\/siderlandetnorge\/","https:\/\/www.instagram.com\/siderlandet\/"]}]}},"_links":{"self":[{"href":"https:\/\/www.siderlandet.no\/en\/wp-json\/wp\/v2\/pages\/2113","targetHints":{"allow":["GET"]}}],"collection":[{"href":"https:\/\/www.siderlandet.no\/en\/wp-json\/wp\/v2\/pages"}],"about":[{"href":"https:\/\/www.siderlandet.no\/en\/wp-json\/wp\/v2\/types\/page"}],"author":[{"embeddable":true,"href":"https:\/\/www.siderlandet.no\/en\/wp-json\/wp\/v2\/users\/1"}],"replies":[{"embeddable":true,"href":"https:\/\/www.siderlandet.no\/en\/wp-json\/wp\/v2\/comments?post=2113"}],"version-history":[{"count":2,"href":"https:\/\/www.siderlandet.no\/en\/wp-json\/wp\/v2\/pages\/2113\/revisions"}],"predecessor-version":[{"id":2117,"href":"https:\/\/www.siderlandet.no\/en\/wp-json\/wp\/v2\/pages\/2113\/revisions\/2117"}],"wp:featuredmedia":[{"embeddable":true,"href":"https:\/\/www.siderlandet.no\/en\/wp-json\/wp\/v2\/media\/2115"}],"wp:attachment":[{"href":"https:\/\/www.siderlandet.no\/en\/wp-json\/wp\/v2\/media?parent=2113"}],"curies":[{"name":"wp","href":"https:\/\/api.w.org\/{rel}","templated":true}]}}