{"id":1178,"date":"2022-04-13T15:37:46","date_gmt":"2022-04-13T15:37:46","guid":{"rendered":"https:\/\/www.siderlandet.no\/?page_id=1178"},"modified":"2026-02-10T12:54:37","modified_gmt":"2026-02-10T12:54:37","slug":"smakshjul","status":"publish","type":"page","link":"https:\/\/www.siderlandet.no\/en\/smakshjul\/","title":{"rendered":"AROMA WHEEL"},"content":{"rendered":"<img loading=\"lazy\" decoding=\"async\" src=\"https:\/\/www.siderlandet.no\/wp-content\/uploads\/2022\/10\/Siderhjul_vannmerke31.jpg\" alt=\"Siderhjul_vannmerke3[1]\" itemprop=\"image\" height=\"1000\" width=\"1000\" title=\"Sidewheel_watermark3[1]\" onerror=\"this.style.display='none'\"  \/>\n<h2>\n\t\tFLAVOUR WHEEL FOR NORWEGIAN CIDER\n\t<\/h2>\n\t<p>HANEN has launched a cider wheel for ordinary people. The purpose of the cider wheel is to show the diversity of Norwegian cider and help the consumer discover a richer language within the tastes and aromas of the cider.<\/p>\n\tNorsk sider, p\u00e5 lik linje med \u00f8l og vin og brennevin er et rikt og mangfoldig produkt og fortjener et folkelig aromahjul som kan hjelpe folk flest \u00e5 finne ut av hva en sider smaker og lukter p\u00e5 en underholdene og leken m\u00e5te. Hjulet er utarbeidet av Pommelier, \u00f8l-og vinssommerlier Hans Tryggvason, og designer June Grodatter. &#8211; Vi startet med \u00e5 samle alle aromabeskrivelser vi kunne finne om norsk sider, b\u00e5de hos Vinmonopolet, produsenter og anmeldelser. Prosessen videre var \u00e5 intervjue ulike produsenter, Vinmonopolet og eksperter for \u00e5 f\u00e5 en forst\u00e5else av produksjonsmetoder og r\u00e5varene. &#8211; Det har v\u00e6rt en spennende reise og vi ser p\u00e5 dette hjulet som versjon 1. Vi tror norsk sider er i bevegelse og at det vil komme mye spennende sider i fremtiden som krever en oppdatering av hjulet. &#8211; Vi h\u00e5per dette kan til v\u00e6re til hjelp og inspirere folk til \u00e5 smake mer p\u00e5 norsk sider,<br \/>\nHans Tryggvason says.\n<h2>\n\t\tHow to use the cider wheel\n\t<\/h2>\n<h4>\n\t\t1. Get to know the production methods\n\t<\/h4>\n\t<p>On the back of the wheel, you can find out about the production process. We have quickly explained the main features of Norwegian cider production, but keep in mind that all cider manufacturers produce their cider in their own unique way. With this wheel, we want to show that different processes contribute to giving the cider different flavours. Different apples and different fermentation and storage methods are important for the cider\u2019s flavour and aroma.<\/p>\n<h4>\n\t\t2. Quick Analysis\n\t<\/h4>\n\t<p>We often have opinions about different products before we taste them, so we encourage everyone to taste cider blindly and let your senses lead you to a conclusion. In the centre of the wheel, we have a glass with a quick analysis. It should help you warm up your senses and make you more aware of what is in your glass.<\/p>\n<h4>\n\t\t3. Find scents and flavours\n\t<\/h4>\n<h2>\n\t\tHer kan du kj\u00f8pe aromahjul for sider:\n\t<\/h2>\n\t\t\t<a href=\"https:\/\/buy.stripe.com\/eVqdR9dbaf6P8Y81TAdZ60a\" target=\"_self\">\n\t\t\t\t\t\t\tAromahjul sider\n\t\t\t\t\t<\/a>\n\t\t\t<a href=\"https:\/\/buy.stripe.com\/bJe00j6MM2k32zK1TAdZ60c\" target=\"_self\">\n\t\t\t\t\t\t\tAromahjul sider 10-pack \n\t\t\t\t\t<\/a>\n\t\t\t<a href=\"https:\/\/buy.stripe.com\/6oUfZhgnm4sb8Y88hYdZ60e\" target=\"_self\">\n\t\t\t\t\t\t\tAromahjul sider engelsk\n\t\t\t\t\t<\/a>\n\t<p>PS: Vi har ogs\u00e5 aromahjul for norsk fruktvin, \u00f8l, honning og ost. Kontakt oss p\u00e5 post@hanen.no dersom du \u00f8nsker andre kombinasjoner, antall eller har andre sp\u00f8rsm\u00e5l.<\/p>\n<h2>\n\t\tKanskje du ogs\u00e5 er interessert i&#8230;\n\t<\/h2>","protected":false},"excerpt":{"rendered":"<p>SMAKSHJUL NORSK SIDER HANEN har lansert et siderhjul for folk flest. Form\u00e5let med siderhjulet er \u00e5 vise mangfoldet i norsk sider og hjelpe forbruker \u00e5 oppdage et rikere spr\u00e5k innenfor siderens smaker og aroma. Norsk sider, p\u00e5 lik linje med \u00f8l og vin og brennevin er et rikt og mangfoldig produkt og fortjener et folkelig&hellip;<\/p>","protected":false},"author":1,"featured_media":0,"parent":0,"menu_order":0,"comment_status":"closed","ping_status":"closed","template":"","meta":{"_acf_changed":false,"footnotes":""},"class_list":["post-1178","page","type-page","status-publish","hentry"],"acf":[],"yoast_head":"<!-- This site is optimized with the Yoast SEO plugin v25.9 - https:\/\/yoast.com\/wordpress\/plugins\/seo\/ -->\n<title>SMAKSHJUL - Siderlandet<\/title>\n<meta name=\"robots\" content=\"index, follow, max-snippet:-1, max-image-preview:large, max-video-preview:-1\" \/>\n<link rel=\"canonical\" href=\"https:\/\/www.siderlandet.no\/en\/smakshjul\/\" \/>\n<meta property=\"og:locale\" content=\"en_US\" \/>\n<meta property=\"og:type\" content=\"article\" \/>\n<meta property=\"og:title\" content=\"SMAKSHJUL - Siderlandet\" \/>\n<meta property=\"og:description\" content=\"SMAKSHJUL NORSK SIDER HANEN har lansert et siderhjul for folk flest. Form\u00e5let med siderhjulet er \u00e5 vise mangfoldet i norsk sider og hjelpe forbruker \u00e5 oppdage et rikere spr\u00e5k innenfor siderens smaker og aroma. Norsk sider, p\u00e5 lik linje med \u00f8l og vin og brennevin er et rikt og mangfoldig produkt og fortjener et folkelig&hellip;\" \/>\n<meta property=\"og:url\" content=\"https:\/\/www.siderlandet.no\/en\/smakshjul\/\" \/>\n<meta property=\"og:site_name\" content=\"Siderlandet\" \/>\n<meta property=\"article:publisher\" content=\"https:\/\/www.facebook.com\/siderlandetnorge\/\" \/>\n<meta property=\"article:modified_time\" content=\"2026-02-10T12:54:37+00:00\" \/>\n<meta property=\"og:image\" content=\"https:\/\/www.siderlandet.no\/wp-content\/uploads\/2022\/10\/Siderhjul_vannmerke31.jpg\" \/>\n<meta name=\"twitter:card\" content=\"summary_large_image\" \/>\n<meta name=\"twitter:label1\" content=\"Est. reading time\" \/>\n\t<meta name=\"twitter:data1\" content=\"3 minutes\" \/>\n<script type=\"application\/ld+json\" class=\"yoast-schema-graph\">{\"@context\":\"https:\/\/schema.org\",\"@graph\":[{\"@type\":\"WebPage\",\"@id\":\"https:\/\/www.siderlandet.no\/smakshjul\/\",\"url\":\"https:\/\/www.siderlandet.no\/smakshjul\/\",\"name\":\"SMAKSHJUL - Siderlandet\",\"isPartOf\":{\"@id\":\"https:\/\/www.siderlandet.no\/#website\"},\"primaryImageOfPage\":{\"@id\":\"https:\/\/www.siderlandet.no\/smakshjul\/#primaryimage\"},\"image\":{\"@id\":\"https:\/\/www.siderlandet.no\/smakshjul\/#primaryimage\"},\"thumbnailUrl\":\"https:\/\/www.siderlandet.no\/wp-content\/uploads\/2022\/10\/Siderhjul_vannmerke31.jpg\",\"datePublished\":\"2022-04-13T15:37:46+00:00\",\"dateModified\":\"2026-02-10T12:54:37+00:00\",\"breadcrumb\":{\"@id\":\"https:\/\/www.siderlandet.no\/smakshjul\/#breadcrumb\"},\"inLanguage\":\"en-US\",\"potentialAction\":[{\"@type\":\"ReadAction\",\"target\":[\"https:\/\/www.siderlandet.no\/smakshjul\/\"]}]},{\"@type\":\"ImageObject\",\"inLanguage\":\"en-US\",\"@id\":\"https:\/\/www.siderlandet.no\/smakshjul\/#primaryimage\",\"url\":\"https:\/\/www.siderlandet.no\/wp-content\/uploads\/2022\/10\/Siderhjul_vannmerke31.jpg\",\"contentUrl\":\"https:\/\/www.siderlandet.no\/wp-content\/uploads\/2022\/10\/Siderhjul_vannmerke31.jpg\"},{\"@type\":\"BreadcrumbList\",\"@id\":\"https:\/\/www.siderlandet.no\/smakshjul\/#breadcrumb\",\"itemListElement\":[{\"@type\":\"ListItem\",\"position\":1,\"name\":\"Hjem\",\"item\":\"https:\/\/www.siderlandet.no\/\"},{\"@type\":\"ListItem\",\"position\":2,\"name\":\"SMAKSHJUL\"}]},{\"@type\":\"WebSite\",\"@id\":\"https:\/\/www.siderlandet.no\/#website\",\"url\":\"https:\/\/www.siderlandet.no\/\",\"name\":\"Siderlandet Norge\",\"description\":\"All norsk sider p\u00e5 ett sted\",\"publisher\":{\"@id\":\"https:\/\/www.siderlandet.no\/#organization\"},\"potentialAction\":[{\"@type\":\"SearchAction\",\"target\":{\"@type\":\"EntryPoint\",\"urlTemplate\":\"https:\/\/www.siderlandet.no\/?s={search_term_string}\"},\"query-input\":{\"@type\":\"PropertyValueSpecification\",\"valueRequired\":true,\"valueName\":\"search_term_string\"}}],\"inLanguage\":\"en-US\"},{\"@type\":\"Organization\",\"@id\":\"https:\/\/www.siderlandet.no\/#organization\",\"name\":\"Siderlandet Norge\",\"url\":\"https:\/\/www.siderlandet.no\/\",\"logo\":{\"@type\":\"ImageObject\",\"inLanguage\":\"en-US\",\"@id\":\"https:\/\/www.siderlandet.no\/#\/schema\/logo\/image\/\",\"url\":\"https:\/\/www.siderlandet.no\/wp-content\/uploads\/2023\/02\/Siderlandet_Staende_sort.png\",\"contentUrl\":\"https:\/\/www.siderlandet.no\/wp-content\/uploads\/2023\/02\/Siderlandet_Staende_sort.png\",\"width\":1867,\"height\":1372,\"caption\":\"Siderlandet Norge\"},\"image\":{\"@id\":\"https:\/\/www.siderlandet.no\/#\/schema\/logo\/image\/\"},\"sameAs\":[\"https:\/\/www.facebook.com\/siderlandetnorge\/\",\"https:\/\/www.instagram.com\/siderlandet\/\"]}]}<\/script>\n<!-- \/ Yoast SEO plugin. -->","yoast_head_json":{"title":"SMAKSHJUL - Siderlandet","robots":{"index":"index","follow":"follow","max-snippet":"max-snippet:-1","max-image-preview":"max-image-preview:large","max-video-preview":"max-video-preview:-1"},"canonical":"https:\/\/www.siderlandet.no\/en\/smakshjul\/","og_locale":"en_US","og_type":"article","og_title":"SMAKSHJUL - Siderlandet","og_description":"SMAKSHJUL NORSK SIDER HANEN har lansert et siderhjul for folk flest. Form\u00e5let med siderhjulet er \u00e5 vise mangfoldet i norsk sider og hjelpe forbruker \u00e5 oppdage et rikere spr\u00e5k innenfor siderens smaker og aroma. Norsk sider, p\u00e5 lik linje med \u00f8l og vin og brennevin er et rikt og mangfoldig produkt og fortjener et folkelig&hellip;","og_url":"https:\/\/www.siderlandet.no\/en\/smakshjul\/","og_site_name":"Siderlandet","article_publisher":"https:\/\/www.facebook.com\/siderlandetnorge\/","article_modified_time":"2026-02-10T12:54:37+00:00","og_image":[{"url":"https:\/\/www.siderlandet.no\/wp-content\/uploads\/2022\/10\/Siderhjul_vannmerke31.jpg","type":"","width":"","height":""}],"twitter_card":"summary_large_image","twitter_misc":{"Est. reading time":"3 minutes"},"schema":{"@context":"https:\/\/schema.org","@graph":[{"@type":"WebPage","@id":"https:\/\/www.siderlandet.no\/smakshjul\/","url":"https:\/\/www.siderlandet.no\/smakshjul\/","name":"SMAKSHJUL - Siderlandet","isPartOf":{"@id":"https:\/\/www.siderlandet.no\/#website"},"primaryImageOfPage":{"@id":"https:\/\/www.siderlandet.no\/smakshjul\/#primaryimage"},"image":{"@id":"https:\/\/www.siderlandet.no\/smakshjul\/#primaryimage"},"thumbnailUrl":"https:\/\/www.siderlandet.no\/wp-content\/uploads\/2022\/10\/Siderhjul_vannmerke31.jpg","datePublished":"2022-04-13T15:37:46+00:00","dateModified":"2026-02-10T12:54:37+00:00","breadcrumb":{"@id":"https:\/\/www.siderlandet.no\/smakshjul\/#breadcrumb"},"inLanguage":"en-US","potentialAction":[{"@type":"ReadAction","target":["https:\/\/www.siderlandet.no\/smakshjul\/"]}]},{"@type":"ImageObject","inLanguage":"en-US","@id":"https:\/\/www.siderlandet.no\/smakshjul\/#primaryimage","url":"https:\/\/www.siderlandet.no\/wp-content\/uploads\/2022\/10\/Siderhjul_vannmerke31.jpg","contentUrl":"https:\/\/www.siderlandet.no\/wp-content\/uploads\/2022\/10\/Siderhjul_vannmerke31.jpg"},{"@type":"BreadcrumbList","@id":"https:\/\/www.siderlandet.no\/smakshjul\/#breadcrumb","itemListElement":[{"@type":"ListItem","position":1,"name":"Hjem","item":"https:\/\/www.siderlandet.no\/"},{"@type":"ListItem","position":2,"name":"SMAKSHJUL"}]},{"@type":"WebSite","@id":"https:\/\/www.siderlandet.no\/#website","url":"https:\/\/www.siderlandet.no\/","name":"The neighboring country of Norway","description":"All norsk sider p\u00e5 ett sted","publisher":{"@id":"https:\/\/www.siderlandet.no\/#organization"},"potentialAction":[{"@type":"SearchAction","target":{"@type":"EntryPoint","urlTemplate":"https:\/\/www.siderlandet.no\/?s={search_term_string}"},"query-input":{"@type":"PropertyValueSpecification","valueRequired":true,"valueName":"search_term_string"}}],"inLanguage":"en-US"},{"@type":"Organization","@id":"https:\/\/www.siderlandet.no\/#organization","name":"The neighboring country of Norway","url":"https:\/\/www.siderlandet.no\/","logo":{"@type":"ImageObject","inLanguage":"en-US","@id":"https:\/\/www.siderlandet.no\/#\/schema\/logo\/image\/","url":"https:\/\/www.siderlandet.no\/wp-content\/uploads\/2023\/02\/Siderlandet_Staende_sort.png","contentUrl":"https:\/\/www.siderlandet.no\/wp-content\/uploads\/2023\/02\/Siderlandet_Staende_sort.png","width":1867,"height":1372,"caption":"Siderlandet Norge"},"image":{"@id":"https:\/\/www.siderlandet.no\/#\/schema\/logo\/image\/"},"sameAs":["https:\/\/www.facebook.com\/siderlandetnorge\/","https:\/\/www.instagram.com\/siderlandet\/"]}]}},"_links":{"self":[{"href":"https:\/\/www.siderlandet.no\/en\/wp-json\/wp\/v2\/pages\/1178","targetHints":{"allow":["GET"]}}],"collection":[{"href":"https:\/\/www.siderlandet.no\/en\/wp-json\/wp\/v2\/pages"}],"about":[{"href":"https:\/\/www.siderlandet.no\/en\/wp-json\/wp\/v2\/types\/page"}],"author":[{"embeddable":true,"href":"https:\/\/www.siderlandet.no\/en\/wp-json\/wp\/v2\/users\/1"}],"replies":[{"embeddable":true,"href":"https:\/\/www.siderlandet.no\/en\/wp-json\/wp\/v2\/comments?post=1178"}],"version-history":[{"count":14,"href":"https:\/\/www.siderlandet.no\/en\/wp-json\/wp\/v2\/pages\/1178\/revisions"}],"predecessor-version":[{"id":7637,"href":"https:\/\/www.siderlandet.no\/en\/wp-json\/wp\/v2\/pages\/1178\/revisions\/7637"}],"wp:attachment":[{"href":"https:\/\/www.siderlandet.no\/en\/wp-json\/wp\/v2\/media?parent=1178"}],"curies":[{"name":"wp","href":"https:\/\/api.w.org\/{rel}","templated":true}]}}