{"id":1167,"date":"2022-04-13T15:18:36","date_gmt":"2022-04-13T15:18:36","guid":{"rendered":"https:\/\/www.siderlandet.no\/?page_id=1167"},"modified":"2024-03-06T09:48:04","modified_gmt":"2024-03-06T09:48:04","slug":"festivaler","status":"publish","type":"page","link":"https:\/\/www.siderlandet.no\/en\/om-sider\/festivaler\/","title":{"rendered":"FESTIVALS"},"content":{"rendered":"<img loading=\"lazy\" decoding=\"async\" src=\"https:\/\/www.siderlandet.no\/wp-content\/uploads\/2022\/04\/HIS-1024x1024.jpg\" alt=\"Hardanger Inernasjonale Siderfest\" itemprop=\"image\" height=\"1024\" width=\"1024\" title=\"HIS\" onerror=\"this.style.display='none'\"  \/>\n\t\tHardanger International Ciderfestival\n<h2>\n\t\tFESTIVALS\n\t<\/h2>\n\t\t\t\t<a href=\"https:\/\/www.siderfestival.no\/\" target=\"_self\" itemprop=\"url\" rel=\"noopener\">\n\t\t\t\t<img loading=\"lazy\" decoding=\"async\" src=\"https:\/\/www.siderlandet.no\/wp-content\/uploads\/2022\/04\/sfhlogo.png\" alt=\"sfhlogo\" itemprop=\"image\" height=\"153\" width=\"330\" title=\"sfhlogo\" onerror=\"this.style.display='none'\"  \/>\n\t\t\t\t<\/a>\n<h3>\n\t\tThe cider festival in Hardanger- \u00d8ystese\n\t<\/h3>\n\t<p>Norway's oldest cider festival with cider competition for both amateurs and professionals. It goes off the stack in \u00d8ystese the first week of October every year.<\/p>\n\t\t\t\t<a href=\"https:\/\/www.siderfest.no\/\" target=\"_self\" itemprop=\"url\" rel=\"noopener\">\n\t\t\t\t<img loading=\"lazy\" decoding=\"async\" src=\"https:\/\/www.siderlandet.no\/wp-content\/uploads\/2022\/04\/hisl.png\" alt=\"hisl\" itemprop=\"image\" height=\"225\" width=\"225\" title=\"hisl\" onerror=\"this.style.display='none'\"  \/>\n\t\t\t\t<\/a>\n<h3>\n\t\tHardanger International Siderfest\n\t<\/h3>\n\t<p>Cider festival in S\u00f8rfjorden and Odda with a focus on making cider from Hardanger visible in an international context. Held every year at the beginning of May with visits to the cider farms, cider cruises on the fjord and exciting tastings in Odda of cider from all over the world.<\/p>\n\t\t\t\t<a href=\"https:\/\/norsksiderfestival.no\/\" target=\"_self\" itemprop=\"url\" rel=\"noopener\">\n\t\t\t\t<img loading=\"lazy\" decoding=\"async\" src=\"https:\/\/www.siderlandet.no\/wp-content\/uploads\/2022\/04\/last-ned-1.png\" alt=\"last ned (1)\" itemprop=\"image\" height=\"150\" width=\"150\" title=\"download (1)\" onerror=\"this.style.display='none'\"  \/>\n\t\t\t\t<\/a>\n<h3>\n\t\tNorwegian cider-festival\n\t<\/h3>\n\t<p>Hardanger cider producer team invites to a big cider party in Bergen with producers from all over Norway. During the Norwegian Cider Festival, you can sign up for exciting cider courses and master classes with skilled course instructors and chefs from Bergen restaurants.<\/p>","protected":false},"excerpt":{"rendered":"<p>Hardanger Inernasjonale Siderfest FESTIVALER Siderfestivalen i Hardanger- \u00d8ystese Norges eldste siderfestival med siderkonkurranse b\u00e5de for amat\u00f8rer og profesjonelle. Den g\u00e5r av stabelen i \u00d8ystese f\u00f8rste uka av oktober hvert \u00e5r. Hardanger Internasjonale Siderfest Siderfestival i S\u00f8rfjorden og Odda med fokus p\u00e5 \u00e5 synliggj\u00f8re sider fra Hardanger i en internasjonal sammenheng. Arrangeres hvert \u00e5r i begynnelsen&hellip;<\/p>","protected":false},"author":1,"featured_media":0,"parent":769,"menu_order":0,"comment_status":"closed","ping_status":"closed","template":"","meta":{"_acf_changed":false,"footnotes":""},"class_list":["post-1167","page","type-page","status-publish","hentry"],"acf":[],"yoast_head":"<!-- This site is optimized with the Yoast SEO plugin v25.9 - https:\/\/yoast.com\/wordpress\/plugins\/seo\/ -->\n<title>FESTIVALER - Siderlandet<\/title>\n<meta name=\"robots\" content=\"index, follow, max-snippet:-1, max-image-preview:large, max-video-preview:-1\" \/>\n<link rel=\"canonical\" href=\"https:\/\/www.siderlandet.no\/en\/om-sider\/festivaler\/\" \/>\n<meta property=\"og:locale\" content=\"en_US\" \/>\n<meta property=\"og:type\" content=\"article\" \/>\n<meta property=\"og:title\" content=\"FESTIVALER - Siderlandet\" \/>\n<meta property=\"og:description\" content=\"Hardanger Inernasjonale Siderfest FESTIVALER Siderfestivalen i Hardanger- \u00d8ystese Norges eldste siderfestival med siderkonkurranse b\u00e5de for amat\u00f8rer og profesjonelle. Den g\u00e5r av stabelen i \u00d8ystese f\u00f8rste uka av oktober hvert \u00e5r. Hardanger Internasjonale Siderfest Siderfestival i S\u00f8rfjorden og Odda med fokus p\u00e5 \u00e5 synliggj\u00f8re sider fra Hardanger i en internasjonal sammenheng. Arrangeres hvert \u00e5r i begynnelsen&hellip;\" \/>\n<meta property=\"og:url\" content=\"https:\/\/www.siderlandet.no\/en\/om-sider\/festivaler\/\" \/>\n<meta property=\"og:site_name\" content=\"Siderlandet\" \/>\n<meta property=\"article:publisher\" content=\"https:\/\/www.facebook.com\/siderlandetnorge\/\" \/>\n<meta property=\"article:modified_time\" content=\"2024-03-06T09:48:04+00:00\" \/>\n<meta property=\"og:image\" content=\"https:\/\/www.siderlandet.no\/wp-content\/uploads\/2022\/04\/HIS-1024x1024.jpg\" \/>\n<meta name=\"twitter:card\" content=\"summary_large_image\" \/>\n<meta name=\"twitter:label1\" content=\"Est. reading time\" \/>\n\t<meta name=\"twitter:data1\" content=\"1 minute\" \/>\n<script type=\"application\/ld+json\" class=\"yoast-schema-graph\">{\"@context\":\"https:\/\/schema.org\",\"@graph\":[{\"@type\":\"WebPage\",\"@id\":\"https:\/\/www.siderlandet.no\/om-sider\/festivaler\/\",\"url\":\"https:\/\/www.siderlandet.no\/om-sider\/festivaler\/\",\"name\":\"FESTIVALER - Siderlandet\",\"isPartOf\":{\"@id\":\"https:\/\/www.siderlandet.no\/#website\"},\"primaryImageOfPage\":{\"@id\":\"https:\/\/www.siderlandet.no\/om-sider\/festivaler\/#primaryimage\"},\"image\":{\"@id\":\"https:\/\/www.siderlandet.no\/om-sider\/festivaler\/#primaryimage\"},\"thumbnailUrl\":\"https:\/\/www.siderlandet.no\/wp-content\/uploads\/2022\/04\/HIS-1024x1024.jpg\",\"datePublished\":\"2022-04-13T15:18:36+00:00\",\"dateModified\":\"2024-03-06T09:48:04+00:00\",\"breadcrumb\":{\"@id\":\"https:\/\/www.siderlandet.no\/om-sider\/festivaler\/#breadcrumb\"},\"inLanguage\":\"en-US\",\"potentialAction\":[{\"@type\":\"ReadAction\",\"target\":[\"https:\/\/www.siderlandet.no\/om-sider\/festivaler\/\"]}]},{\"@type\":\"ImageObject\",\"inLanguage\":\"en-US\",\"@id\":\"https:\/\/www.siderlandet.no\/om-sider\/festivaler\/#primaryimage\",\"url\":\"https:\/\/www.siderlandet.no\/wp-content\/uploads\/2022\/04\/HIS-1024x1024.jpg\",\"contentUrl\":\"https:\/\/www.siderlandet.no\/wp-content\/uploads\/2022\/04\/HIS-1024x1024.jpg\"},{\"@type\":\"BreadcrumbList\",\"@id\":\"https:\/\/www.siderlandet.no\/om-sider\/festivaler\/#breadcrumb\",\"itemListElement\":[{\"@type\":\"ListItem\",\"position\":1,\"name\":\"Hjem\",\"item\":\"https:\/\/www.siderlandet.no\/\"},{\"@type\":\"ListItem\",\"position\":2,\"name\":\"Om Sider\",\"item\":\"https:\/\/www.siderlandet.no\/om-sider\/\"},{\"@type\":\"ListItem\",\"position\":3,\"name\":\"FESTIVALER\"}]},{\"@type\":\"WebSite\",\"@id\":\"https:\/\/www.siderlandet.no\/#website\",\"url\":\"https:\/\/www.siderlandet.no\/\",\"name\":\"Siderlandet Norge\",\"description\":\"All norsk sider p\u00e5 ett sted\",\"publisher\":{\"@id\":\"https:\/\/www.siderlandet.no\/#organization\"},\"potentialAction\":[{\"@type\":\"SearchAction\",\"target\":{\"@type\":\"EntryPoint\",\"urlTemplate\":\"https:\/\/www.siderlandet.no\/?s={search_term_string}\"},\"query-input\":{\"@type\":\"PropertyValueSpecification\",\"valueRequired\":true,\"valueName\":\"search_term_string\"}}],\"inLanguage\":\"en-US\"},{\"@type\":\"Organization\",\"@id\":\"https:\/\/www.siderlandet.no\/#organization\",\"name\":\"Siderlandet Norge\",\"url\":\"https:\/\/www.siderlandet.no\/\",\"logo\":{\"@type\":\"ImageObject\",\"inLanguage\":\"en-US\",\"@id\":\"https:\/\/www.siderlandet.no\/#\/schema\/logo\/image\/\",\"url\":\"https:\/\/www.siderlandet.no\/wp-content\/uploads\/2023\/02\/Siderlandet_Staende_sort.png\",\"contentUrl\":\"https:\/\/www.siderlandet.no\/wp-content\/uploads\/2023\/02\/Siderlandet_Staende_sort.png\",\"width\":1867,\"height\":1372,\"caption\":\"Siderlandet Norge\"},\"image\":{\"@id\":\"https:\/\/www.siderlandet.no\/#\/schema\/logo\/image\/\"},\"sameAs\":[\"https:\/\/www.facebook.com\/siderlandetnorge\/\",\"https:\/\/www.instagram.com\/siderlandet\/\"]}]}<\/script>\n<!-- \/ Yoast SEO plugin. -->","yoast_head_json":{"title":"FESTIVALER - Siderlandet","robots":{"index":"index","follow":"follow","max-snippet":"max-snippet:-1","max-image-preview":"max-image-preview:large","max-video-preview":"max-video-preview:-1"},"canonical":"https:\/\/www.siderlandet.no\/en\/om-sider\/festivaler\/","og_locale":"en_US","og_type":"article","og_title":"FESTIVALER - Siderlandet","og_description":"Hardanger Inernasjonale Siderfest FESTIVALER Siderfestivalen i Hardanger- \u00d8ystese Norges eldste siderfestival med siderkonkurranse b\u00e5de for amat\u00f8rer og profesjonelle. Den g\u00e5r av stabelen i \u00d8ystese f\u00f8rste uka av oktober hvert \u00e5r. Hardanger Internasjonale Siderfest Siderfestival i S\u00f8rfjorden og Odda med fokus p\u00e5 \u00e5 synliggj\u00f8re sider fra Hardanger i en internasjonal sammenheng. Arrangeres hvert \u00e5r i begynnelsen&hellip;","og_url":"https:\/\/www.siderlandet.no\/en\/om-sider\/festivaler\/","og_site_name":"Siderlandet","article_publisher":"https:\/\/www.facebook.com\/siderlandetnorge\/","article_modified_time":"2024-03-06T09:48:04+00:00","og_image":[{"url":"https:\/\/www.siderlandet.no\/wp-content\/uploads\/2022\/04\/HIS-1024x1024.jpg","type":"","width":"","height":""}],"twitter_card":"summary_large_image","twitter_misc":{"Est. reading time":"1 minute"},"schema":{"@context":"https:\/\/schema.org","@graph":[{"@type":"WebPage","@id":"https:\/\/www.siderlandet.no\/om-sider\/festivaler\/","url":"https:\/\/www.siderlandet.no\/om-sider\/festivaler\/","name":"FESTIVALER - Siderlandet","isPartOf":{"@id":"https:\/\/www.siderlandet.no\/#website"},"primaryImageOfPage":{"@id":"https:\/\/www.siderlandet.no\/om-sider\/festivaler\/#primaryimage"},"image":{"@id":"https:\/\/www.siderlandet.no\/om-sider\/festivaler\/#primaryimage"},"thumbnailUrl":"https:\/\/www.siderlandet.no\/wp-content\/uploads\/2022\/04\/HIS-1024x1024.jpg","datePublished":"2022-04-13T15:18:36+00:00","dateModified":"2024-03-06T09:48:04+00:00","breadcrumb":{"@id":"https:\/\/www.siderlandet.no\/om-sider\/festivaler\/#breadcrumb"},"inLanguage":"en-US","potentialAction":[{"@type":"ReadAction","target":["https:\/\/www.siderlandet.no\/om-sider\/festivaler\/"]}]},{"@type":"ImageObject","inLanguage":"en-US","@id":"https:\/\/www.siderlandet.no\/om-sider\/festivaler\/#primaryimage","url":"https:\/\/www.siderlandet.no\/wp-content\/uploads\/2022\/04\/HIS-1024x1024.jpg","contentUrl":"https:\/\/www.siderlandet.no\/wp-content\/uploads\/2022\/04\/HIS-1024x1024.jpg"},{"@type":"BreadcrumbList","@id":"https:\/\/www.siderlandet.no\/om-sider\/festivaler\/#breadcrumb","itemListElement":[{"@type":"ListItem","position":1,"name":"Hjem","item":"https:\/\/www.siderlandet.no\/"},{"@type":"ListItem","position":2,"name":"Om Sider","item":"https:\/\/www.siderlandet.no\/om-sider\/"},{"@type":"ListItem","position":3,"name":"FESTIVALER"}]},{"@type":"WebSite","@id":"https:\/\/www.siderlandet.no\/#website","url":"https:\/\/www.siderlandet.no\/","name":"The neighboring country of Norway","description":"All norsk sider p\u00e5 ett sted","publisher":{"@id":"https:\/\/www.siderlandet.no\/#organization"},"potentialAction":[{"@type":"SearchAction","target":{"@type":"EntryPoint","urlTemplate":"https:\/\/www.siderlandet.no\/?s={search_term_string}"},"query-input":{"@type":"PropertyValueSpecification","valueRequired":true,"valueName":"search_term_string"}}],"inLanguage":"en-US"},{"@type":"Organization","@id":"https:\/\/www.siderlandet.no\/#organization","name":"The neighboring country of Norway","url":"https:\/\/www.siderlandet.no\/","logo":{"@type":"ImageObject","inLanguage":"en-US","@id":"https:\/\/www.siderlandet.no\/#\/schema\/logo\/image\/","url":"https:\/\/www.siderlandet.no\/wp-content\/uploads\/2023\/02\/Siderlandet_Staende_sort.png","contentUrl":"https:\/\/www.siderlandet.no\/wp-content\/uploads\/2023\/02\/Siderlandet_Staende_sort.png","width":1867,"height":1372,"caption":"Siderlandet Norge"},"image":{"@id":"https:\/\/www.siderlandet.no\/#\/schema\/logo\/image\/"},"sameAs":["https:\/\/www.facebook.com\/siderlandetnorge\/","https:\/\/www.instagram.com\/siderlandet\/"]}]}},"_links":{"self":[{"href":"https:\/\/www.siderlandet.no\/en\/wp-json\/wp\/v2\/pages\/1167","targetHints":{"allow":["GET"]}}],"collection":[{"href":"https:\/\/www.siderlandet.no\/en\/wp-json\/wp\/v2\/pages"}],"about":[{"href":"https:\/\/www.siderlandet.no\/en\/wp-json\/wp\/v2\/types\/page"}],"author":[{"embeddable":true,"href":"https:\/\/www.siderlandet.no\/en\/wp-json\/wp\/v2\/users\/1"}],"replies":[{"embeddable":true,"href":"https:\/\/www.siderlandet.no\/en\/wp-json\/wp\/v2\/comments?post=1167"}],"version-history":[{"count":7,"href":"https:\/\/www.siderlandet.no\/en\/wp-json\/wp\/v2\/pages\/1167\/revisions"}],"predecessor-version":[{"id":6741,"href":"https:\/\/www.siderlandet.no\/en\/wp-json\/wp\/v2\/pages\/1167\/revisions\/6741"}],"up":[{"embeddable":true,"href":"https:\/\/www.siderlandet.no\/en\/wp-json\/wp\/v2\/pages\/769"}],"wp:attachment":[{"href":"https:\/\/www.siderlandet.no\/en\/wp-json\/wp\/v2\/media?parent=1167"}],"curies":[{"name":"wp","href":"https:\/\/api.w.org\/{rel}","templated":true}]}}