{"id":769,"date":"2022-04-06T13:34:52","date_gmt":"2022-04-06T13:34:52","guid":{"rendered":"https:\/\/www.siderlandet.no\/?page_id=769"},"modified":"2024-03-06T09:42:40","modified_gmt":"2024-03-06T09:42:40","slug":"om-sider","status":"publish","type":"page","link":"https:\/\/www.siderlandet.no\/de\/om-sider\/","title":{"rendered":"\u00dcber Cider"},"content":{"rendered":"<img loading=\"lazy\" decoding=\"async\" src=\"https:\/\/www.siderlandet.no\/wp-content\/uploads\/2022\/05\/Hanen_NorskSider_0321_50407-1024x608.jpg\" alt=\"Hanen_NorskSider_0321_50407\" itemprop=\"image\" height=\"608\" width=\"1024\" title=\"Hanen_NorskSider_0321_50407\" onerror=\"this.style.display='none'\"  \/>\n<h2>\n\t\t\u00dcber Cider\n\t<\/h2>\n\t<p>Die norwegischen Cider, welche hier auf dieser Homepage pr\u00e4sentiert werden, sind alles echte Cider, ausschlie\u00dflich basierend auf gegorenem Apfelsaft aus norwegischen \u00c4pfeln. Sie sind absolut nicht vergleichbar mit dem, was die meisten aus dem Supermarkt kennen und oftmals haupts\u00e4chlich aus Wasser, ein bisschen gegorenem Apfelsaft und viel Zucker bestehen.<\/p>\n<p>Echte norwegische Cider sind heute ein Qualit\u00e4tsprodukt bei fast 50 landwirtschaftlichen Erzeugern in ganz S\u00fcdnorwegen. In Hardanger wurde 2009 ein eigener Qualit\u00e4tsstandard in der geografisch gesch\u00fctzten Bezeichnung etabliert <a href=\"https:\/\/beskyttedebetegnelser.no\/no\/godkjente-produkter\/sider-fra-hardanger\">&laquo;Siderfr\u00e5Hardanger&raquo;<\/a> \u00a0Den definerer hva som kreves for at en produsent i Hardanger skal kunne kalle sideren sin &laquo;Sider fr\u00e5 Hardanger&raquo;. Dette arbeidet har ogs\u00e5 v\u00e6rt til inspirasjon for siderprodusenter i andre regioner.<\/p>\n<p>Der norwegische Cider wird haupts\u00e4chlich direkt auf den Bauernh\u00f6fen oder durch den Getr\u00e4nkegro\u00dfmarkt f\u00fcr alkoholhaltige Getr\u00e4nke \u201eVinmonopolet\u201c verkauft, aber immer mehr k\u00f6nnen ihre Produkte auch in Restaurants und Hotels verkaufen. Manche Produzenten haben auch damit begonnen, Cider mit einem geringeren Alkoholgehalt in Superm\u00e4rkten zu verkaufen.<\/p>\n<p><em>Also nicht vergessen: Halten Sie Ausschau nach echten norwegischen Cider von Obstbauernh\u00f6fen in S\u00fcd-Norwegen!<\/em><\/p>\n<p>&nbsp;<\/p>\n<h2>\n\t\tNorwegische Cidergeschichte\n\t<\/h2>\n\t<p>Cider und auch Obstwein hat eine 200 Jahre alte fast vergessene Geschichte in Norwegen. Zwei, die sich mit der Geschichte gut auskennen, sind Kasper Wrem Anderson und Bernt Bucher Johannessen. Wir haben die beiden gebeten, mit uns die vergessene Cidergeschichte zu teilen, welche Sie hier lesen k\u00f6nnen, aufgeteilt in <a href=\"https:\/\/www.siderlandet.no\/de\/nyere-siderhistorie\/\"><em>&laquo;Nyere&raquo; siderhistorie<\/em><\/a> und <a href=\"https:\/\/www.siderlandet.no\/de\/norsk-siderhistorie\/\"><em>-<\/em> <em>\u201eDie \u00e4ltere Cidergeschichte\u201c.<\/em><\/a><\/p>","protected":false},"excerpt":{"rendered":"<p>Om Sider De norske siderne som presenteres p\u00e5 dette nettstedet er ekte sider som er basert p\u00e5 kun gj\u00e6ret eplemost av norske epler. Dette er langt fra de produktene som mange kjenner fra dagligvarebutikkene og som ofte best\u00e5r av i hovedsak vann, litt gj\u00e6ret eplejuice og mye sukker. Ekte norsk sider er i dag et&hellip;<\/p>","protected":false},"author":1,"featured_media":0,"parent":0,"menu_order":0,"comment_status":"closed","ping_status":"closed","template":"","meta":{"_acf_changed":false,"footnotes":""},"class_list":["post-769","page","type-page","status-publish","hentry"],"acf":[],"yoast_head":"<!-- This site is optimized with the Yoast SEO plugin v25.9 - https:\/\/yoast.com\/wordpress\/plugins\/seo\/ -->\n<title>Om Sider - Siderlandet<\/title>\n<meta name=\"robots\" content=\"index, follow, max-snippet:-1, max-image-preview:large, max-video-preview:-1\" \/>\n<link rel=\"canonical\" href=\"https:\/\/www.siderlandet.no\/de\/om-sider\/\" \/>\n<meta property=\"og:locale\" content=\"de_DE\" \/>\n<meta property=\"og:type\" content=\"article\" \/>\n<meta property=\"og:title\" content=\"Om Sider - Siderlandet\" \/>\n<meta property=\"og:description\" content=\"Om Sider De norske siderne som presenteres p\u00e5 dette nettstedet er ekte sider som er basert p\u00e5 kun gj\u00e6ret eplemost av norske epler. Dette er langt fra de produktene som mange kjenner fra dagligvarebutikkene og som ofte best\u00e5r av i hovedsak vann, litt gj\u00e6ret eplejuice og mye sukker. Ekte norsk sider er i dag et&hellip;\" \/>\n<meta property=\"og:url\" content=\"https:\/\/www.siderlandet.no\/de\/om-sider\/\" \/>\n<meta property=\"og:site_name\" content=\"Siderlandet\" \/>\n<meta property=\"article:publisher\" content=\"https:\/\/www.facebook.com\/siderlandetnorge\/\" \/>\n<meta property=\"article:modified_time\" content=\"2024-03-06T09:42:40+00:00\" \/>\n<meta property=\"og:image\" content=\"https:\/\/www.siderlandet.no\/wp-content\/uploads\/2022\/05\/Hanen_NorskSider_0321_50407-1024x608.jpg\" \/>\n<meta name=\"twitter:card\" content=\"summary_large_image\" \/>\n<meta name=\"twitter:label1\" content=\"Gesch\u00e4tzte Lesezeit\" \/>\n\t<meta name=\"twitter:data1\" content=\"1\u00a0Minute\" \/>\n<script type=\"application\/ld+json\" class=\"yoast-schema-graph\">{\"@context\":\"https:\/\/schema.org\",\"@graph\":[{\"@type\":\"WebPage\",\"@id\":\"https:\/\/www.siderlandet.no\/om-sider\/\",\"url\":\"https:\/\/www.siderlandet.no\/om-sider\/\",\"name\":\"Om Sider - Siderlandet\",\"isPartOf\":{\"@id\":\"https:\/\/www.siderlandet.no\/#website\"},\"primaryImageOfPage\":{\"@id\":\"https:\/\/www.siderlandet.no\/om-sider\/#primaryimage\"},\"image\":{\"@id\":\"https:\/\/www.siderlandet.no\/om-sider\/#primaryimage\"},\"thumbnailUrl\":\"https:\/\/www.siderlandet.no\/wp-content\/uploads\/2022\/05\/Hanen_NorskSider_0321_50407-1024x608.jpg\",\"datePublished\":\"2022-04-06T13:34:52+00:00\",\"dateModified\":\"2024-03-06T09:42:40+00:00\",\"breadcrumb\":{\"@id\":\"https:\/\/www.siderlandet.no\/om-sider\/#breadcrumb\"},\"inLanguage\":\"de\",\"potentialAction\":[{\"@type\":\"ReadAction\",\"target\":[\"https:\/\/www.siderlandet.no\/om-sider\/\"]}]},{\"@type\":\"ImageObject\",\"inLanguage\":\"de\",\"@id\":\"https:\/\/www.siderlandet.no\/om-sider\/#primaryimage\",\"url\":\"https:\/\/www.siderlandet.no\/wp-content\/uploads\/2022\/05\/Hanen_NorskSider_0321_50407-1024x608.jpg\",\"contentUrl\":\"https:\/\/www.siderlandet.no\/wp-content\/uploads\/2022\/05\/Hanen_NorskSider_0321_50407-1024x608.jpg\"},{\"@type\":\"BreadcrumbList\",\"@id\":\"https:\/\/www.siderlandet.no\/om-sider\/#breadcrumb\",\"itemListElement\":[{\"@type\":\"ListItem\",\"position\":1,\"name\":\"Hjem\",\"item\":\"https:\/\/www.siderlandet.no\/\"},{\"@type\":\"ListItem\",\"position\":2,\"name\":\"Om Sider\"}]},{\"@type\":\"WebSite\",\"@id\":\"https:\/\/www.siderlandet.no\/#website\",\"url\":\"https:\/\/www.siderlandet.no\/\",\"name\":\"Siderlandet Norge\",\"description\":\"All norsk sider p\u00e5 ett sted\",\"publisher\":{\"@id\":\"https:\/\/www.siderlandet.no\/#organization\"},\"potentialAction\":[{\"@type\":\"SearchAction\",\"target\":{\"@type\":\"EntryPoint\",\"urlTemplate\":\"https:\/\/www.siderlandet.no\/?s={search_term_string}\"},\"query-input\":{\"@type\":\"PropertyValueSpecification\",\"valueRequired\":true,\"valueName\":\"search_term_string\"}}],\"inLanguage\":\"de\"},{\"@type\":\"Organization\",\"@id\":\"https:\/\/www.siderlandet.no\/#organization\",\"name\":\"Siderlandet Norge\",\"url\":\"https:\/\/www.siderlandet.no\/\",\"logo\":{\"@type\":\"ImageObject\",\"inLanguage\":\"de\",\"@id\":\"https:\/\/www.siderlandet.no\/#\/schema\/logo\/image\/\",\"url\":\"https:\/\/www.siderlandet.no\/wp-content\/uploads\/2023\/02\/Siderlandet_Staende_sort.png\",\"contentUrl\":\"https:\/\/www.siderlandet.no\/wp-content\/uploads\/2023\/02\/Siderlandet_Staende_sort.png\",\"width\":1867,\"height\":1372,\"caption\":\"Siderlandet Norge\"},\"image\":{\"@id\":\"https:\/\/www.siderlandet.no\/#\/schema\/logo\/image\/\"},\"sameAs\":[\"https:\/\/www.facebook.com\/siderlandetnorge\/\",\"https:\/\/www.instagram.com\/siderlandet\/\"]}]}<\/script>\n<!-- \/ Yoast SEO plugin. -->","yoast_head_json":{"title":"Om Sider - Siderlandet","robots":{"index":"index","follow":"follow","max-snippet":"max-snippet:-1","max-image-preview":"max-image-preview:large","max-video-preview":"max-video-preview:-1"},"canonical":"https:\/\/www.siderlandet.no\/de\/om-sider\/","og_locale":"de_DE","og_type":"article","og_title":"Om Sider - Siderlandet","og_description":"Om Sider De norske siderne som presenteres p\u00e5 dette nettstedet er ekte sider som er basert p\u00e5 kun gj\u00e6ret eplemost av norske epler. Dette er langt fra de produktene som mange kjenner fra dagligvarebutikkene og som ofte best\u00e5r av i hovedsak vann, litt gj\u00e6ret eplejuice og mye sukker. Ekte norsk sider er i dag et&hellip;","og_url":"https:\/\/www.siderlandet.no\/de\/om-sider\/","og_site_name":"Siderlandet","article_publisher":"https:\/\/www.facebook.com\/siderlandetnorge\/","article_modified_time":"2024-03-06T09:42:40+00:00","og_image":[{"url":"https:\/\/www.siderlandet.no\/wp-content\/uploads\/2022\/05\/Hanen_NorskSider_0321_50407-1024x608.jpg","type":"","width":"","height":""}],"twitter_card":"summary_large_image","twitter_misc":{"Gesch\u00e4tzte Lesezeit":"1\u00a0Minute"},"schema":{"@context":"https:\/\/schema.org","@graph":[{"@type":"WebPage","@id":"https:\/\/www.siderlandet.no\/om-sider\/","url":"https:\/\/www.siderlandet.no\/om-sider\/","name":"Om Sider - Siderlandet","isPartOf":{"@id":"https:\/\/www.siderlandet.no\/#website"},"primaryImageOfPage":{"@id":"https:\/\/www.siderlandet.no\/om-sider\/#primaryimage"},"image":{"@id":"https:\/\/www.siderlandet.no\/om-sider\/#primaryimage"},"thumbnailUrl":"https:\/\/www.siderlandet.no\/wp-content\/uploads\/2022\/05\/Hanen_NorskSider_0321_50407-1024x608.jpg","datePublished":"2022-04-06T13:34:52+00:00","dateModified":"2024-03-06T09:42:40+00:00","breadcrumb":{"@id":"https:\/\/www.siderlandet.no\/om-sider\/#breadcrumb"},"inLanguage":"de","potentialAction":[{"@type":"ReadAction","target":["https:\/\/www.siderlandet.no\/om-sider\/"]}]},{"@type":"ImageObject","inLanguage":"de","@id":"https:\/\/www.siderlandet.no\/om-sider\/#primaryimage","url":"https:\/\/www.siderlandet.no\/wp-content\/uploads\/2022\/05\/Hanen_NorskSider_0321_50407-1024x608.jpg","contentUrl":"https:\/\/www.siderlandet.no\/wp-content\/uploads\/2022\/05\/Hanen_NorskSider_0321_50407-1024x608.jpg"},{"@type":"BreadcrumbList","@id":"https:\/\/www.siderlandet.no\/om-sider\/#breadcrumb","itemListElement":[{"@type":"ListItem","position":1,"name":"Hjem","item":"https:\/\/www.siderlandet.no\/"},{"@type":"ListItem","position":2,"name":"Om Sider"}]},{"@type":"WebSite","@id":"https:\/\/www.siderlandet.no\/#website","url":"https:\/\/www.siderlandet.no\/","name":"Siderlandet Norge","description":"Alle norwegischen Seiten an einem Ort","publisher":{"@id":"https:\/\/www.siderlandet.no\/#organization"},"potentialAction":[{"@type":"SearchAction","target":{"@type":"EntryPoint","urlTemplate":"https:\/\/www.siderlandet.no\/?s={search_term_string}"},"query-input":{"@type":"PropertyValueSpecification","valueRequired":true,"valueName":"search_term_string"}}],"inLanguage":"de"},{"@type":"Organization","@id":"https:\/\/www.siderlandet.no\/#organization","name":"Siderlandet Norge","url":"https:\/\/www.siderlandet.no\/","logo":{"@type":"ImageObject","inLanguage":"de","@id":"https:\/\/www.siderlandet.no\/#\/schema\/logo\/image\/","url":"https:\/\/www.siderlandet.no\/wp-content\/uploads\/2023\/02\/Siderlandet_Staende_sort.png","contentUrl":"https:\/\/www.siderlandet.no\/wp-content\/uploads\/2023\/02\/Siderlandet_Staende_sort.png","width":1867,"height":1372,"caption":"Siderlandet Norge"},"image":{"@id":"https:\/\/www.siderlandet.no\/#\/schema\/logo\/image\/"},"sameAs":["https:\/\/www.facebook.com\/siderlandetnorge\/","https:\/\/www.instagram.com\/siderlandet\/"]}]}},"_links":{"self":[{"href":"https:\/\/www.siderlandet.no\/de\/wp-json\/wp\/v2\/pages\/769","targetHints":{"allow":["GET"]}}],"collection":[{"href":"https:\/\/www.siderlandet.no\/de\/wp-json\/wp\/v2\/pages"}],"about":[{"href":"https:\/\/www.siderlandet.no\/de\/wp-json\/wp\/v2\/types\/page"}],"author":[{"embeddable":true,"href":"https:\/\/www.siderlandet.no\/de\/wp-json\/wp\/v2\/users\/1"}],"replies":[{"embeddable":true,"href":"https:\/\/www.siderlandet.no\/de\/wp-json\/wp\/v2\/comments?post=769"}],"version-history":[{"count":11,"href":"https:\/\/www.siderlandet.no\/de\/wp-json\/wp\/v2\/pages\/769\/revisions"}],"predecessor-version":[{"id":6736,"href":"https:\/\/www.siderlandet.no\/de\/wp-json\/wp\/v2\/pages\/769\/revisions\/6736"}],"wp:attachment":[{"href":"https:\/\/www.siderlandet.no\/de\/wp-json\/wp\/v2\/media?parent=769"}],"curies":[{"name":"wp","href":"https:\/\/api.w.org\/{rel}","templated":true}]}}