{"id":1163,"date":"2022-04-13T15:07:10","date_gmt":"2022-04-13T15:07:10","guid":{"rendered":"https:\/\/www.siderlandet.no\/?page_id=1163"},"modified":"2023-09-15T10:06:10","modified_gmt":"2023-09-15T10:06:10","slug":"nordic-international-cider-awards","status":"publish","type":"page","link":"https:\/\/www.siderlandet.no\/de\/nordic-international-cider-awards\/","title":{"rendered":"NORDIC INTERNATIONAL CIDER AWARDS"},"content":{"rendered":"<img loading=\"lazy\" decoding=\"async\" src=\"https:\/\/www.siderlandet.no\/wp-content\/uploads\/2023\/09\/Tall-Ship.jpg\" alt=\"Wood or Barrel-AgedTall Ship Craft Cider \/ Fjordfolk Mikrobryggeri  vant gull i kategorienmed sideren Dabinett Barrel-Aged Cider \" itemprop=\"image\" height=\"683\" width=\"1024\" title=\"Tall Ship\" onerror=\"this.style.display='none'\"  \/>\n\t\tWood or Barrel-Aged\nTall Ship Craft Cider \/ Fjordfolk Mikrobryggeri  vant gull i kategorien\nmed sideren Dabinett Barrel-Aged Cider \n<h3>\n\t\tTre VM-gull til norsk sider under mesterskapet i Riga\n\t<\/h3>\n\t<p>Flere norske siderprodusenter kunne sikre seg topplassering under Sider VM i Bergen denne fredagen. B\u00e5de Tall Ship Craft Cider fra Fjordfolk Mikrobryggeri, Store Naa Siderkompani og Aga Sideri sikret seg VM-gull. Til tross for hard konkurranse fra flere kontinenter, imponerte nordmennene stort blant dommerne.<\/p>\n<h3>\n\t\t<a href=\"https:\/\/www.celotajs.lv\/lv\/conf\/NICA\/results\" title=\"Vinnerne Sider-VM\/NICA 2023\" target=\"_self\" rel=\"noopener\">\n\t\tVinnerne Sider-VM\/NICA 2023\n\t\t<\/a>\n\t<\/h3>\n<h3>\n\t\t<a href=\"https:\/\/drive.google.com\/file\/d\/1x-bQ9aAse21CyLXa_8TKgtyTD6p_362G\/view\" title=\"Die Gewinner Cider-VM\/NICA 2022\" target=\"_self\" rel=\"noopener\">\n\t\tDie Gewinner Cider-VM\/NICA 2022\n\t\t<\/a>\n\t<\/h3>\n\t<p>&nbsp;<\/p>\n<p><a href=\"http:\/\/award.cider-world.com\">CLICK HERE TO ACCESS INDIVIDUAL RESULTS AS A PRODUCER<\/a><\/p>\n<p>Verwenden Sie den Benutzernamen, den Sie bei der Registrierung Ihrer Seiten erstellt haben.<\/p>\n<h3>\n\t\tTilbakeblikk p\u00e5 Sider-VM I BERGEN 2022\n\t<\/h3>\n\t<p>WIR HABEN SCH\u00d6NE TAGE IN DEN BERGEN<\/p>\n\n<h2>\n\t\tNORDIC INTERNATIONAL CIDER AWARDS\n\t<\/h2>\n\t<p>NICA er en konkurranse og feiring av sider med et regionalt fokus, men en internasjonal appell. V\u00e5rt m\u00e5l er \u00e5 skape en unik plattform for produsenter, distribut\u00f8rer, import\u00f8rer, eksport\u00f8rer og publikum gjennom en internasjonal konkurranse, en bransjekonferanse og en siderfestival. Konkurransen ble for f\u00f8rste gang avholdt i Bergen i 2022. I 2023 ble den arrangert i Riga.<\/p>\n<p>NICA skal bel\u00f8nne og feire mangfoldet og utvalget av forskjellige stiler av nordisk og annen internasjonal sider. Sider p\u00e5meldes konkurransen i forskjellige kategorier og vil blindsmakes av et ekspertpanel av uavhengige dommere og vurderes i henhold til smak, utseende og aroma.<\/p>\n\t<iframe loading=\"lazy\" title=\"Nordic International Cider Awards 2022\" width=\"500\" height=\"281\" src=\"https:\/\/www.youtube.com\/embed\/T5KCCgWoX38?feature=oembed\" frameborder=\"0\" allow=\"accelerometer; autoplay; clipboard-write; encrypted-media; gyroscope; picture-in-picture\" allowfullscreen><\/iframe>\n<h2>\n\t\tUNSERE PARTNER\n\t<\/h2>\n\t\t\t\t<a href=\"https:\/\/www.agendavestlandet.no\/\" target=\"_self\" itemprop=\"url\" rel=\"noopener\">\n\t\t\t\t<img loading=\"lazy\" decoding=\"async\" src=\"https:\/\/www.siderlandet.no\/wp-content\/uploads\/2022\/04\/Design-uten-navn-20.png\" alt=\"Design uten navn (20)\" itemprop=\"image\" height=\"1080\" width=\"1080\" title=\"Design ohne Namen (20)\" onerror=\"this.style.display='none'\"  \/>\n\t\t\t\t<\/a>\n\t\t\t\t<a href=\"https:\/\/www.innovasjonnorge.no\/\" target=\"_self\" itemprop=\"url\" rel=\"noopener\">\n\t\t\t\t<img loading=\"lazy\" decoding=\"async\" src=\"https:\/\/www.siderlandet.no\/wp-content\/uploads\/2022\/04\/Design-uten-navn-17.png\" alt=\"Design uten navn (17)\" itemprop=\"image\" height=\"1080\" width=\"1080\" title=\"Design ohne Namen (17)\" onerror=\"this.style.display='none'\"  \/>\n\t\t\t\t<\/a>\n\t\t\t\t<a href=\"https:\/\/meny.no\/\" target=\"_self\" itemprop=\"url\" rel=\"noopener\">\n\t\t\t\t<img loading=\"lazy\" decoding=\"async\" src=\"https:\/\/www.siderlandet.no\/wp-content\/uploads\/2022\/04\/Design-uten-navn-16.png\" alt=\"Design uten navn (16)\" itemprop=\"image\" height=\"1080\" width=\"1080\" title=\"Design ohne Namen (16)\" onerror=\"this.style.display='none'\"  \/>\n\t\t\t\t<\/a>\n\t\t\t\t<a href=\"https:\/\/www.vestlandfylke.no\/\" target=\"_self\" itemprop=\"url\" rel=\"noopener\">\n\t\t\t\t<img loading=\"lazy\" decoding=\"async\" src=\"https:\/\/www.siderlandet.no\/wp-content\/uploads\/2022\/04\/Design-uten-navn-15.png\" alt=\"Design uten navn (15)\" itemprop=\"image\" height=\"1080\" width=\"1080\" title=\"Design ohne Namen (15)\" onerror=\"this.style.display='none'\"  \/>\n\t\t\t\t<\/a>\n\t\t\t\t<a href=\"https:\/\/www.nordicpack.no\/\" target=\"_self\" itemprop=\"url\" rel=\"noopener\">\n\t\t\t\t<img loading=\"lazy\" decoding=\"async\" src=\"https:\/\/www.siderlandet.no\/wp-content\/uploads\/2022\/04\/Design-uten-navn-21.png\" alt=\"Design uten navn (21)\" itemprop=\"image\" height=\"1080\" width=\"1080\" title=\"Design ohne Namen (21)\" onerror=\"this.style.display='none'\"  \/>\n\t\t\t\t<\/a>\n\t\t\t\t<a href=\"https:\/\/digitaletikett.no\/\" target=\"_self\" itemprop=\"url\" rel=\"noopener\">\n\t\t\t\t<img loading=\"lazy\" decoding=\"async\" src=\"https:\/\/www.siderlandet.no\/wp-content\/uploads\/2022\/04\/Design-uten-navn-22.png\" alt=\"Design uten navn (22)\" itemprop=\"image\" height=\"1080\" width=\"1080\" title=\"Design ohne Namen (22)\" onerror=\"this.style.display='none'\"  \/>\n\t\t\t\t<\/a>\n\t\t\t\t<a href=\"https:\/\/www.bergen.kommune.no\/\" target=\"_self\" itemprop=\"url\" rel=\"noopener\">\n\t\t\t\t<img loading=\"lazy\" decoding=\"async\" src=\"https:\/\/www.siderlandet.no\/wp-content\/uploads\/2022\/04\/Design-uten-navn-23.png\" alt=\"Design uten navn (23)\" itemprop=\"image\" height=\"1080\" width=\"1080\" title=\"Design ohne Namen (23)\" onerror=\"this.style.display='none'\"  \/>\n\t\t\t\t<\/a>\n\t\t\t\t<a href=\"https:\/\/foodtech.no\/\" target=\"_self\" itemprop=\"url\" rel=\"noopener\">\n\t\t\t\t<img loading=\"lazy\" decoding=\"async\" src=\"https:\/\/www.siderlandet.no\/wp-content\/uploads\/2022\/04\/Design-uten-navn-25.png\" alt=\"Design uten navn (25)\" itemprop=\"image\" height=\"1080\" width=\"1080\" title=\"Design ohne Namen (25)\" onerror=\"this.style.display='none'\"  \/>\n\t\t\t\t<\/a>\n\t\t\t\t<a href=\"https:\/\/www.bared.it\/\" target=\"_self\" itemprop=\"url\" rel=\"noopener\">\n\t\t\t\t<img loading=\"lazy\" decoding=\"async\" src=\"https:\/\/www.siderlandet.no\/wp-content\/uploads\/2022\/06\/Design-uten-navn-49.png\" alt=\"Design uten navn (49)\" itemprop=\"image\" height=\"1080\" width=\"1080\" title=\"Unbenanntes Design (49)\" onerror=\"this.style.display='none'\"  \/>\n\t\t\t\t<\/a>\n\t\t\t\t<a href=\"https:\/\/www.debergenske.no\/\" target=\"_self\" itemprop=\"url\" rel=\"noopener\">\n\t\t\t\t<img loading=\"lazy\" decoding=\"async\" src=\"https:\/\/www.siderlandet.no\/wp-content\/uploads\/2022\/08\/Design-uten-navn-66.png\" alt=\"Design uten navn (66)\" itemprop=\"image\" height=\"1080\" width=\"1080\" title=\"Unbenanntes Design (66)\" onerror=\"this.style.display='none'\"  \/>\n\t\t\t\t<\/a>\n\t\t\t\t<a href=\"https:\/\/matarena.no\/\" target=\"_self\" itemprop=\"url\" rel=\"noopener\">\n\t\t\t\t<img loading=\"lazy\" decoding=\"async\" src=\"https:\/\/www.siderlandet.no\/wp-content\/uploads\/2022\/06\/Design-uten-navn-47.png\" alt=\"Design uten navn (47)\" itemprop=\"image\" height=\"1080\" width=\"1080\" title=\"Unbenanntes Design (47)\" onerror=\"this.style.display='none'\"  \/>\n\t\t\t\t<\/a>\n\t\t\t\t<a href=\"https:\/\/moestue.com\/\" target=\"_self\" itemprop=\"url\" rel=\"noopener\">\n\t\t\t\t<img loading=\"lazy\" decoding=\"async\" src=\"https:\/\/www.siderlandet.no\/wp-content\/uploads\/2022\/08\/Design-uten-navn-67.png\" alt=\"Design uten navn (67)\" itemprop=\"image\" height=\"1080\" width=\"1080\" title=\"Unbenanntes Design (67)\" onerror=\"this.style.display='none'\"  \/>\n\t\t\t\t<\/a>\n\t\t\t\t<a href=\"https:\/\/www.siderklynga.no\/\" target=\"_self\" itemprop=\"url\" rel=\"noopener\">\n\t\t\t\t<img loading=\"lazy\" decoding=\"async\" src=\"https:\/\/www.siderlandet.no\/wp-content\/uploads\/2022\/06\/Design-uten-navn-48.png\" alt=\"Design uten navn (48)\" itemprop=\"image\" height=\"1080\" width=\"1080\" title=\"Unbenanntes Design (48)\" onerror=\"this.style.display='none'\"  \/>\n\t\t\t\t<\/a>\n\t\t\t\t<a href=\"https:\/\/www.nibio.no\/\" target=\"_self\" itemprop=\"url\" rel=\"noopener\">\n\t\t\t\t<img loading=\"lazy\" decoding=\"async\" src=\"https:\/\/www.siderlandet.no\/wp-content\/uploads\/2022\/08\/Design-uten-navn-69.png\" alt=\"Design uten navn (69)\" itemprop=\"image\" height=\"1080\" width=\"1080\" title=\"Unbenanntes Design (69)\" onerror=\"this.style.display='none'\"  \/>\n\t\t\t\t<\/a>\n\t\t\t\t<a href=\"https:\/\/fermentis.com\/en\/\" target=\"_self\" itemprop=\"url\" rel=\"noopener\">\n\t\t\t\t<img loading=\"lazy\" decoding=\"async\" src=\"https:\/\/www.siderlandet.no\/wp-content\/uploads\/2022\/08\/Design-uten-navn-51.png\" alt=\"Design uten navn (51)\" itemprop=\"image\" height=\"1080\" width=\"1080\" title=\"Unbenanntes Design (51)\" onerror=\"this.style.display='none'\"  \/>\n\t\t\t\t<\/a>\n\t\t\t\t<a href=\"https:\/\/cider-world.de\/en\/start\/\" target=\"_self\" itemprop=\"url\" rel=\"noopener\">\n\t\t\t\t<img loading=\"lazy\" decoding=\"async\" src=\"https:\/\/www.siderlandet.no\/wp-content\/uploads\/2022\/09\/Design-uten-navn-76.png\" alt=\"Design uten navn (76)\" itemprop=\"image\" height=\"1080\" width=\"1080\" title=\"Unbetiteltes Design (76)\" onerror=\"this.style.display='none'\"  \/>\n\t\t\t\t<\/a>\n<h2>\n\t\tUNSERE BOTSCHAFTER\n\t<\/h2>\n\t\t\t\t<a href=\"https:\/\/www.siderlandet.no\/de\/aaron-brownie-lepola-drinks-finsk-forening-for-ekte-siderprodusenter\/\" target=\"_self\" itemprop=\"url\" rel=\"noopener\">\n\t\t\t\t<img loading=\"lazy\" decoding=\"async\" src=\"https:\/\/www.siderlandet.no\/wp-content\/uploads\/2022\/06\/Design-uten-navn-40-150x150.png\" alt=\"Design uten navn (40)\" itemprop=\"image\" height=\"150\" width=\"150\" title=\"Design ohne Namen (40)\" onerror=\"this.style.display='none'\"  \/>\n\t\t\t\t<\/a>\n\t\t\t\t<a href=\"https:\/\/www.siderlandet.no\/de\/johan-sjostedt-pomologik-sverige\/\" target=\"_self\" itemprop=\"url\" rel=\"noopener\">\n\t\t\t\t<img loading=\"lazy\" decoding=\"async\" src=\"https:\/\/www.siderlandet.no\/wp-content\/uploads\/2022\/06\/Design-uten-navn-41-150x150.png\" alt=\"Design uten navn (41)\" itemprop=\"image\" height=\"150\" width=\"150\" title=\"Design ohne Namen (41)\" onerror=\"this.style.display='none'\"  \/>\n\t\t\t\t<\/a>\n\t\t\t\t<a href=\"https:\/\/www.siderlandet.no\/de\/haritz-rodriguez-ciderzale\/\" target=\"_self\" itemprop=\"url\" rel=\"noopener\">\n\t\t\t\t<img loading=\"lazy\" decoding=\"async\" src=\"https:\/\/www.siderlandet.no\/wp-content\/uploads\/2022\/06\/Design-uten-navn-42-150x150.png\" alt=\"Design uten navn (42)\" itemprop=\"image\" height=\"150\" width=\"150\" title=\"Design ohne Namen (42)\" onerror=\"this.style.display='none'\"  \/>\n\t\t\t\t<\/a>\n\t\t\t\t<a href=\"https:\/\/www.siderlandet.no\/de\/gabe-cook-the-ciderologist\/\" target=\"_self\" itemprop=\"url\" rel=\"noopener\">\n\t\t\t\t<img loading=\"lazy\" decoding=\"async\" src=\"https:\/\/www.siderlandet.no\/wp-content\/uploads\/2022\/06\/Design-uten-navn-43-150x150.png\" alt=\"Design uten navn (43)\" itemprop=\"image\" height=\"150\" width=\"150\" title=\"Design ohne Namen (43)\" onerror=\"this.style.display='none'\"  \/>\n\t\t\t\t<\/a>\n\t\t\t\t<a href=\"https:\/\/www.siderlandet.no\/de\/asnate-ziemele-latvian-country-tourism-association-baltic-cider-network\/\" target=\"_self\" itemprop=\"url\" rel=\"noopener\">\n\t\t\t\t<img loading=\"lazy\" decoding=\"async\" src=\"https:\/\/www.siderlandet.no\/wp-content\/uploads\/2022\/06\/Design-uten-navn-45-150x150.png\" alt=\"Design uten navn (45)\" itemprop=\"image\" height=\"150\" width=\"150\" title=\"Design ohne Namen (45)\" onerror=\"this.style.display='none'\"  \/>\n\t\t\t\t<\/a>","protected":false},"excerpt":{"rendered":"<p>Wood or Barrel-Aged Tall Ship Craft Cider \/ Fjordfolk Mikrobryggeri vant gull i kategorien med sideren Dabinett Barrel-Aged Cider Tre VM-gull til norsk sider under mesterskapet i Riga Flere norske siderprodusenter kunne sikre seg topplassering under Sider VM i Bergen denne fredagen. B\u00e5de Tall Ship Craft Cider fra Fjordfolk Mikrobryggeri, Store Naa Siderkompani og Aga&hellip;<\/p>","protected":false},"author":1,"featured_media":2103,"parent":0,"menu_order":0,"comment_status":"closed","ping_status":"closed","template":"","meta":{"_acf_changed":false,"footnotes":""},"class_list":["post-1163","page","type-page","status-publish","has-post-thumbnail","hentry"],"acf":[],"yoast_head":"<!-- This site is optimized with the Yoast SEO plugin v25.9 - https:\/\/yoast.com\/wordpress\/plugins\/seo\/ -->\n<title>NORDIC INTERNATIONAL CIDER AWARDS - Siderlandet<\/title>\n<meta name=\"robots\" content=\"index, follow, max-snippet:-1, max-image-preview:large, max-video-preview:-1\" \/>\n<link rel=\"canonical\" href=\"http:\/\/www.siderlandet.no\/de\/nordic-international-cider-awards\/\" \/>\n<meta property=\"og:locale\" content=\"de_DE\" \/>\n<meta property=\"og:type\" content=\"article\" \/>\n<meta property=\"og:title\" content=\"NORDIC INTERNATIONAL CIDER AWARDS - Siderlandet\" \/>\n<meta property=\"og:description\" content=\"Wood or Barrel-Aged Tall Ship Craft Cider \/ Fjordfolk Mikrobryggeri vant gull i kategorien med sideren Dabinett Barrel-Aged Cider Tre VM-gull til norsk sider under mesterskapet i Riga Flere norske siderprodusenter kunne sikre seg topplassering under Sider VM i Bergen denne fredagen. B\u00e5de Tall Ship Craft Cider fra Fjordfolk Mikrobryggeri, Store Naa Siderkompani og Aga&hellip;\" \/>\n<meta property=\"og:url\" content=\"http:\/\/www.siderlandet.no\/de\/nordic-international-cider-awards\/\" \/>\n<meta property=\"og:site_name\" content=\"Siderlandet\" \/>\n<meta property=\"article:publisher\" content=\"https:\/\/www.facebook.com\/siderlandetnorge\/\" \/>\n<meta property=\"article:modified_time\" content=\"2023-09-15T10:06:10+00:00\" \/>\n<meta property=\"og:image\" content=\"https:\/\/www.siderlandet.no\/wp-content\/uploads\/2022\/04\/4-1.png\" \/>\n\t<meta property=\"og:image:width\" content=\"500\" \/>\n\t<meta property=\"og:image:height\" content=\"500\" \/>\n\t<meta property=\"og:image:type\" content=\"image\/png\" \/>\n<meta name=\"twitter:card\" content=\"summary_large_image\" \/>\n<meta name=\"twitter:label1\" content=\"Gesch\u00e4tzte Lesezeit\" \/>\n\t<meta name=\"twitter:data1\" content=\"1\u00a0Minute\" \/>\n<script type=\"application\/ld+json\" class=\"yoast-schema-graph\">{\"@context\":\"https:\/\/schema.org\",\"@graph\":[{\"@type\":\"WebPage\",\"@id\":\"http:\/\/www.siderlandet.no\/en\/nordic-international-cider-awards\/\",\"url\":\"http:\/\/www.siderlandet.no\/en\/nordic-international-cider-awards\/\",\"name\":\"NORDIC INTERNATIONAL CIDER AWARDS - Siderlandet\",\"isPartOf\":{\"@id\":\"https:\/\/www.siderlandet.no\/#website\"},\"primaryImageOfPage\":{\"@id\":\"http:\/\/www.siderlandet.no\/en\/nordic-international-cider-awards\/#primaryimage\"},\"image\":{\"@id\":\"http:\/\/www.siderlandet.no\/en\/nordic-international-cider-awards\/#primaryimage\"},\"thumbnailUrl\":\"https:\/\/www.siderlandet.no\/wp-content\/uploads\/2022\/04\/4-1.png\",\"datePublished\":\"2022-04-13T15:07:10+00:00\",\"dateModified\":\"2023-09-15T10:06:10+00:00\",\"breadcrumb\":{\"@id\":\"http:\/\/www.siderlandet.no\/en\/nordic-international-cider-awards\/#breadcrumb\"},\"inLanguage\":\"de\",\"potentialAction\":[{\"@type\":\"ReadAction\",\"target\":[\"http:\/\/www.siderlandet.no\/en\/nordic-international-cider-awards\/\"]}]},{\"@type\":\"ImageObject\",\"inLanguage\":\"de\",\"@id\":\"http:\/\/www.siderlandet.no\/en\/nordic-international-cider-awards\/#primaryimage\",\"url\":\"https:\/\/www.siderlandet.no\/wp-content\/uploads\/2022\/04\/4-1.png\",\"contentUrl\":\"https:\/\/www.siderlandet.no\/wp-content\/uploads\/2022\/04\/4-1.png\",\"width\":500,\"height\":500},{\"@type\":\"BreadcrumbList\",\"@id\":\"http:\/\/www.siderlandet.no\/en\/nordic-international-cider-awards\/#breadcrumb\",\"itemListElement\":[{\"@type\":\"ListItem\",\"position\":1,\"name\":\"Hjem\",\"item\":\"https:\/\/www.siderlandet.no\/\"},{\"@type\":\"ListItem\",\"position\":2,\"name\":\"NORDIC INTERNATIONAL CIDER AWARDS\"}]},{\"@type\":\"WebSite\",\"@id\":\"https:\/\/www.siderlandet.no\/#website\",\"url\":\"https:\/\/www.siderlandet.no\/\",\"name\":\"Siderlandet Norge\",\"description\":\"All norsk sider p\u00e5 ett sted\",\"publisher\":{\"@id\":\"https:\/\/www.siderlandet.no\/#organization\"},\"potentialAction\":[{\"@type\":\"SearchAction\",\"target\":{\"@type\":\"EntryPoint\",\"urlTemplate\":\"https:\/\/www.siderlandet.no\/?s={search_term_string}\"},\"query-input\":{\"@type\":\"PropertyValueSpecification\",\"valueRequired\":true,\"valueName\":\"search_term_string\"}}],\"inLanguage\":\"de\"},{\"@type\":\"Organization\",\"@id\":\"https:\/\/www.siderlandet.no\/#organization\",\"name\":\"Siderlandet Norge\",\"url\":\"https:\/\/www.siderlandet.no\/\",\"logo\":{\"@type\":\"ImageObject\",\"inLanguage\":\"de\",\"@id\":\"https:\/\/www.siderlandet.no\/#\/schema\/logo\/image\/\",\"url\":\"https:\/\/www.siderlandet.no\/wp-content\/uploads\/2023\/02\/Siderlandet_Staende_sort.png\",\"contentUrl\":\"https:\/\/www.siderlandet.no\/wp-content\/uploads\/2023\/02\/Siderlandet_Staende_sort.png\",\"width\":1867,\"height\":1372,\"caption\":\"Siderlandet Norge\"},\"image\":{\"@id\":\"https:\/\/www.siderlandet.no\/#\/schema\/logo\/image\/\"},\"sameAs\":[\"https:\/\/www.facebook.com\/siderlandetnorge\/\",\"https:\/\/www.instagram.com\/siderlandet\/\"]}]}<\/script>\n<!-- \/ Yoast SEO plugin. -->","yoast_head_json":{"title":"NORDIC INTERNATIONAL CIDER AWARDS - Siderlandet","robots":{"index":"index","follow":"follow","max-snippet":"max-snippet:-1","max-image-preview":"max-image-preview:large","max-video-preview":"max-video-preview:-1"},"canonical":"http:\/\/www.siderlandet.no\/de\/nordic-international-cider-awards\/","og_locale":"de_DE","og_type":"article","og_title":"NORDIC INTERNATIONAL CIDER AWARDS - Siderlandet","og_description":"Wood or Barrel-Aged Tall Ship Craft Cider \/ Fjordfolk Mikrobryggeri vant gull i kategorien med sideren Dabinett Barrel-Aged Cider Tre VM-gull til norsk sider under mesterskapet i Riga Flere norske siderprodusenter kunne sikre seg topplassering under Sider VM i Bergen denne fredagen. B\u00e5de Tall Ship Craft Cider fra Fjordfolk Mikrobryggeri, Store Naa Siderkompani og Aga&hellip;","og_url":"http:\/\/www.siderlandet.no\/de\/nordic-international-cider-awards\/","og_site_name":"Siderlandet","article_publisher":"https:\/\/www.facebook.com\/siderlandetnorge\/","article_modified_time":"2023-09-15T10:06:10+00:00","og_image":[{"width":500,"height":500,"url":"https:\/\/www.siderlandet.no\/wp-content\/uploads\/2022\/04\/4-1.png","type":"image\/png"}],"twitter_card":"summary_large_image","twitter_misc":{"Gesch\u00e4tzte Lesezeit":"1\u00a0Minute"},"schema":{"@context":"https:\/\/schema.org","@graph":[{"@type":"WebPage","@id":"http:\/\/www.siderlandet.no\/en\/nordic-international-cider-awards\/","url":"http:\/\/www.siderlandet.no\/en\/nordic-international-cider-awards\/","name":"NORDIC INTERNATIONAL CIDER AWARDS - Siderlandet","isPartOf":{"@id":"https:\/\/www.siderlandet.no\/#website"},"primaryImageOfPage":{"@id":"http:\/\/www.siderlandet.no\/en\/nordic-international-cider-awards\/#primaryimage"},"image":{"@id":"http:\/\/www.siderlandet.no\/en\/nordic-international-cider-awards\/#primaryimage"},"thumbnailUrl":"https:\/\/www.siderlandet.no\/wp-content\/uploads\/2022\/04\/4-1.png","datePublished":"2022-04-13T15:07:10+00:00","dateModified":"2023-09-15T10:06:10+00:00","breadcrumb":{"@id":"http:\/\/www.siderlandet.no\/en\/nordic-international-cider-awards\/#breadcrumb"},"inLanguage":"de","potentialAction":[{"@type":"ReadAction","target":["http:\/\/www.siderlandet.no\/en\/nordic-international-cider-awards\/"]}]},{"@type":"ImageObject","inLanguage":"de","@id":"http:\/\/www.siderlandet.no\/en\/nordic-international-cider-awards\/#primaryimage","url":"https:\/\/www.siderlandet.no\/wp-content\/uploads\/2022\/04\/4-1.png","contentUrl":"https:\/\/www.siderlandet.no\/wp-content\/uploads\/2022\/04\/4-1.png","width":500,"height":500},{"@type":"BreadcrumbList","@id":"http:\/\/www.siderlandet.no\/en\/nordic-international-cider-awards\/#breadcrumb","itemListElement":[{"@type":"ListItem","position":1,"name":"Hjem","item":"https:\/\/www.siderlandet.no\/"},{"@type":"ListItem","position":2,"name":"NORDIC INTERNATIONAL CIDER AWARDS"}]},{"@type":"WebSite","@id":"https:\/\/www.siderlandet.no\/#website","url":"https:\/\/www.siderlandet.no\/","name":"Siderlandet Norge","description":"Alle norwegischen Seiten an einem Ort","publisher":{"@id":"https:\/\/www.siderlandet.no\/#organization"},"potentialAction":[{"@type":"SearchAction","target":{"@type":"EntryPoint","urlTemplate":"https:\/\/www.siderlandet.no\/?s={search_term_string}"},"query-input":{"@type":"PropertyValueSpecification","valueRequired":true,"valueName":"search_term_string"}}],"inLanguage":"de"},{"@type":"Organization","@id":"https:\/\/www.siderlandet.no\/#organization","name":"Siderlandet Norge","url":"https:\/\/www.siderlandet.no\/","logo":{"@type":"ImageObject","inLanguage":"de","@id":"https:\/\/www.siderlandet.no\/#\/schema\/logo\/image\/","url":"https:\/\/www.siderlandet.no\/wp-content\/uploads\/2023\/02\/Siderlandet_Staende_sort.png","contentUrl":"https:\/\/www.siderlandet.no\/wp-content\/uploads\/2023\/02\/Siderlandet_Staende_sort.png","width":1867,"height":1372,"caption":"Siderlandet Norge"},"image":{"@id":"https:\/\/www.siderlandet.no\/#\/schema\/logo\/image\/"},"sameAs":["https:\/\/www.facebook.com\/siderlandetnorge\/","https:\/\/www.instagram.com\/siderlandet\/"]}]}},"_links":{"self":[{"href":"https:\/\/www.siderlandet.no\/de\/wp-json\/wp\/v2\/pages\/1163","targetHints":{"allow":["GET"]}}],"collection":[{"href":"https:\/\/www.siderlandet.no\/de\/wp-json\/wp\/v2\/pages"}],"about":[{"href":"https:\/\/www.siderlandet.no\/de\/wp-json\/wp\/v2\/types\/page"}],"author":[{"embeddable":true,"href":"https:\/\/www.siderlandet.no\/de\/wp-json\/wp\/v2\/users\/1"}],"replies":[{"embeddable":true,"href":"https:\/\/www.siderlandet.no\/de\/wp-json\/wp\/v2\/comments?post=1163"}],"version-history":[{"count":78,"href":"https:\/\/www.siderlandet.no\/de\/wp-json\/wp\/v2\/pages\/1163\/revisions"}],"predecessor-version":[{"id":5805,"href":"https:\/\/www.siderlandet.no\/de\/wp-json\/wp\/v2\/pages\/1163\/revisions\/5805"}],"wp:featuredmedia":[{"embeddable":true,"href":"https:\/\/www.siderlandet.no\/de\/wp-json\/wp\/v2\/media\/2103"}],"wp:attachment":[{"href":"https:\/\/www.siderlandet.no\/de\/wp-json\/wp\/v2\/media?parent=1163"}],"curies":[{"name":"wp","href":"https:\/\/api.w.org\/{rel}","templated":true}]}}