{"id":1071,"date":"2022-04-12T12:41:44","date_gmt":"2022-04-12T12:41:44","guid":{"rendered":"https:\/\/www.siderlandet.no\/?page_id=1071"},"modified":"2023-05-05T07:28:08","modified_gmt":"2023-05-05T07:28:08","slug":"presse","status":"publish","type":"page","link":"https:\/\/www.siderlandet.no\/de\/presse\/","title":{"rendered":"PRESSE"},"content":{"rendered":"<img loading=\"lazy\" decoding=\"async\" src=\"https:\/\/www.siderlandet.no\/wp-content\/uploads\/2022\/04\/20180613_Balholm-Ciderhuset_02001-1024x684.jpg\" alt=\"Foto: Balholm-Ciderhuset\" itemprop=\"image\" height=\"684\" width=\"1024\" title=\"20180613_Balholm-Ciderhuset_0200[1]\" onerror=\"this.style.display='none'\"  \/>\n\t\tFoto: Balholm-Ciderhuset\n<h2>\n\t\tFAKTEN \u00dcBER DEN NORWEGISCHEN CIDER\n\t<\/h2>\n\t<ul>\n<li>Norwegischer Cider wird ausschlie\u00dflich aus reinem Apfelsaft hergestellt, der entweder nat\u00fcrlich g\u00e4rt oder mit zugesetzter Hefe.<\/li>\n<li>Zurzeit gibt es an die 50 Ciderproduzenten in Norwegen, wovon die H\u00e4lfte sich in der Hardangerregion befinden, aber es gibt auch Produzenten in Telemark, Ryfylke\/Rogaland, Sogn, Nordfjord, Sunnm\u00f8re\/M\u00f8re und Romsdal, sowie \u00d8stlandet\/Oslo und in Tr\u00f8ndelag.<\/li>\n<li>Die allermeisten verkaufen ihre Cider im Direktverkauf in den Hofl\u00e4den und via \u201eVinmonopolet\u201c. Im Moment findet man 135 verschiedene norwegische Cider im Vinmonopolet.<\/li>\n<li>Veksten p\u00e5 Vinmonopolet fra 2019 til 2022 er p\u00e5 hele 75 % fra 160 355 til 279 304 liter. Verdien av salget p\u00e5 Vinmonopolet i 2022 var p\u00e5 65 millioner og den\u00a0 totale salgsverdien av norsk sider passerte i 2022 hele 115 millioner.<\/li>\n<li>Es gibt eigene Qualit\u00e4tsstandards, um die Bezeichnung \u201eCider aus Hardanger\u201c zu sch\u00fctzen. Das G\u00fctesiegel \u201eSider fr\u00e5 Hardanger\u201c gibt es seit 2009.\u00a0<a href=\"https:\/\/beskyttedebetegnelser.no\/no\/godkjente-produkter\/sider-fra-hardanger\" target=\"_blank\" rel=\"noopener\" data-saferedirecturl=\"https:\/\/www.google.com\/url?q=https:\/\/beskyttedebetegnelser.no\/no\/godkjente-produkter\/sider-fra-hardanger&amp;source=gmail&amp;ust=1649853098903000&amp;usg=AOvVaw3zDa0EesVmEssOom3jWm7F\">&laquo;Sider fr\u00e5 Hardanger&raquo;<\/a>\u00a0die 2009 kam<\/li>\n<li>Es gibt lokale Ciderproduzentvereinigungen in allen gr\u00f6\u00dferen Ciderregionen in Norwegen.<\/li>\n<li class=\"translation-block\">Die Branchenorganisation HANEN repr\u00e4sentiert und organisiert die Ciderbranche in Norwegen.<\/li>\n<\/ul>\n<h2>\n\t\tNORWEGISCHE CIDER IN DEN MEDIEN\n\t<\/h2>\n\t<ul>\n<li><a href=\"https:\/\/matogmarked.no\/nyheter\/2022\/norsk-sider-vokser-i-fallende-polmarked?utm_source=DP%20Nyhetsbrev&amp;utm_campaign=f143c392cc-EMAIL_CAMPAIGN_2019_09_30_11_16_COPY_01&amp;utm_medium=email&amp;utm_term=0_21eb089c55-f143c392cc-99332005&amp;mc_cid=f143c392cc&amp;mc_eid=f1d275956b&amp;fbclid=IwAR20mWcPpVvZhwHkc4MNYA2RYojNCPz8uh31iuIxwHB1z0h0AGORzJA7lUg\">Norsk sider vokser i fallende polmarked &#8211; Mat og Marked 03.08.2022<\/a><\/li>\n<li><a href=\"https:\/\/www.dn.no\/smak\/brennevin\/sider\/vinmonopolet\/norske-epler\/server-sider-i-sommer\/2-1-1253833?fbclid=IwAR1odsy0MK9KYI341CHvlFLNCNL-MpvzvhD7ZfYmXgJEGYIXCCBCNEGLkRM\">Server sider i sommer &#8211; DN Smak 15.07.2022<\/a><\/li>\n<li><a href=\"https:\/\/www.aperitif.no\/artikler\/prisdryss-over-norsk-sider-i-internasjonal-konkurranse,517092\">Prisdryss over norsk sider i stor, internasjonal konkurranse &#8211; Aperitif 20.06.2022<\/a><\/li>\n<li><a href=\"https:\/\/www.aftenposten.no\/reise\/i\/eE3RbR\/fra-sidergaard-til-sidergaard-i-hardanger?utm_source=kopierlink&amp;utm_content=deleknapp&amp;utm_campaign=bunn&amp;fbclid=IwAR06GSdjBR4r3tbI2cSRoXNzYtFfifjrattwOhWQO21s0JR1xeCWwUthvH4\">Fra siderg\u00e5rd til siderg\u00e5rd i Hardanger &#8211; Aftenposten\u00a0<\/a><\/li>\n<li><a href=\"https:\/\/www.nationen.no\/naering\/norsk-sider-imponerte-under-ciderworld-i-frankfurt\/\">Norsk sider imponerte under Ciderworld i Frankfurt &#8211; Nationen 11.06.2022<\/a><\/li>\n<li><a href=\"https:\/\/radio.nrk.no\/serie\/ekko\/sesong\/202205\/MDFP02007922#t=58m6s\">Siderb\u00f8ndene i Gvarv &#8211; NRK Radio 18.05.2022<\/a><\/li>\n<li><a href=\"https:\/\/open.spotify.com\/show\/7FVGEIKbPOUdey6yjYZ02s\">Die Seitenwand<\/a><\/li>\n<li><a href=\"https:\/\/www.regjeringen.no\/no\/aktuelt\/siderlandet-norge\/id2923289\/?utm_source=regjeringen.no&amp;utm_medium=email&amp;utm_campaign=nyhetsvarsel20220804\">Siderlandet Norge &#8211; regjeringen.no 04.08.2022<\/a><\/li>\n<li><a href=\"https:\/\/boblad.no\/2022\/11\/04\/linda-renate-og-arild-stiller-for-midt-telemark-i-vm\/\">VM i sider med deltaking fr\u00e5 Midt-Telemark &#8211; B\u00f8 blad 04.11.2022<\/a><\/li>\n<li><a href=\"https:\/\/www.strandbuen.no\/dan-olav-er-klar-for-sider-vm-jeg-haper-pa-bra-plas-se-ring\/s\/5-107-322706\">Dan Olav er klar for sider-VM: &#8211; Jeg forventer h\u00f8y plassering &#8211; Strandbuen 04.11.2022<\/a><\/li>\n<li><a href=\"https:\/\/www.ba.no\/sider-bonanza-i-bergen-dette-gjor-du-lurt-i-a-styre-unna\/s\/5-8-2058606\">Sider-bonanza i Bergen &#8211; Bergensavisen 4.11.2022<\/a><\/li>\n<li><a href=\"https:\/\/www.isolor.no\/2022\/nyheter\/ole-albert-klar-for-sider-vm-veldig-mange-europeiske-produsenter-er-med\/?fbclid=IwAR3ruoi5DZaCvqQSdGf_KtZYWjoDwtMv-ZIeKBrYOBwnJBUdRFhUcpH3m4I\">Ole Albert klar for Sider-VM &#8211; isol\u00f8r.no 04.11.2022<\/a><\/li>\n<li><a href=\"https:\/\/www.oblad.no\/tar-med-seg-bringebarvinen-til-vm-alltid-viktig-a-male-seg-opp-mot-andre\/s\/5-68-1237675\">Tar med seg bringeb\u00e6rvinen til VM: &#8211; Alltid viktig \u00e5 m\u00e5le seg opp mot andre &#8211; oblad.no 05.11.2022<\/a><\/li>\n<li><a href=\"https:\/\/www.glomdalen.no\/ole-albert-til-vm-med-drikkevarer-av-epler-og-blabar\/s\/5-19-1216866\">Ole Albert til VM med drikkevarer av epler og bl\u00e5b\u00e6r &#8211; Gl\u00e5mdalen 07.11.2022<\/a><\/li>\n<li><a href=\"https:\/\/www.tk.no\/silje-38-doblet-siderproduksjonen-pa-ett-ar-na-skal-hun-delta-i-vm\/s\/5-51-1244620\">Silje (38) doblet siderproduksjonen p\u00e5 ett \u00e5r &#8211; n\u00e5 skal hun delta i VM &#8211; Tidens Krav 07.11.2022<\/a><\/li>\n<li><a href=\"https:\/\/www.bondebladet.no\/aktuelt\/silje-satset-pa-sider-i-2020-na-skal-hun-delta-i-vm\/\">Silje satset p\u00e5 sider i 2020 &#8211; n\u00e5 skal hun delta i VM &#8211; Bondebladet 09.11.2022<\/a><\/li>\n<li><a href=\"https:\/\/www.auraavis.no\/silje-38-bestemte-seg-for-a-satse-pa-sider-i-2020-na-skal-hun-delta-i-vm\/s\/5-5-423940\">Silje (38) bestemte seg for \u00e5 satse p\u00e5 sider i 2020 &#8211; n\u00e5 skal hun delta i VM &#8211; Aura Avis 09.11.2022<\/a><\/li>\n<li><a href=\"https:\/\/www.varden.no\/nyheter\/i\/LlM2LQ\/linda-renate-og-arild-vi-starta-paa-scratch\">Linda Renate og Arild: &#8211; Vi starta p\u00e5 scratch &#8211; varden.no 10.11.2022<\/a><\/li>\n<li><a href=\"https:\/\/www.tv2.no\/nyheter\/innenriks\/eplekjekk-vm-drom\/15248912\/\">Eplekjekk VM-dr\u00f8m &#8211; TV2.no 10.11.2022<\/a><\/li>\n<li><a href=\"https:\/\/www.google.com\/url?rct=j&amp;sa=t&amp;url=https:\/\/www.hardanger-folkeblad.no\/to-lokale-produsentar-sikra-seg-vm-gull\/s\/5-22-469118&amp;ct=ga&amp;cd=CAEYACoTODA2MTk1MDU2NTExMDYxMDQ0NjIZZmE0NDM0ODQxM2ZmYTQyODpubzpubzpOTw&amp;usg=AOvVaw16xHib13k3fS9le8I7Wm8z\" target=\"_blank\" rel=\"noopener\" data-saferedirecturl=\"https:\/\/www.google.com\/url?q=https:\/\/www.google.com\/url?rct%3Dj%26sa%3Dt%26url%3Dhttps:\/\/www.hardanger-folkeblad.no\/to-lokale-produsentar-sikra-seg-vm-gull\/s\/5-22-469118%26ct%3Dga%26cd%3DCAEYACoTODA2MTk1MDU2NTExMDYxMDQ0NjIZZmE0NDM0ODQxM2ZmYTQyODpubzpubzpOTw%26usg%3DAOvVaw16xHib13k3fS9le8I7Wm8z&amp;source=gmail&amp;ust=1668507546181000&amp;usg=AOvVaw1_664zzHtQeFtZUAvS8U7b\">To lokale produsentar sikra seg\u00a0<b>VM<\/b>-gull &#8211; Hardanger Folkeblad 11.11.2022<\/a><\/li>\n<li><a href=\"https:\/\/www.sb.no\/lokal-produsent-sikret-vm-gull\/s\/5-73-1582850\">Lokal produsent sikret VM-gull &#8211; Sandefjords Blad 11.11.2022<\/a><\/li>\n<li><a href=\"https:\/\/www.regjeringen.no\/no\/aktuelt\/tre-vm-gull-til-norsk-sider-under-mesterskapet-i-bergen2\/id2947092\/\">Tre VM-gull til norsk sider under mesterskapet i Bergen &#8211; regjerningen.no 11.11.2022<\/a><\/li>\n<li><a href=\"https:\/\/www.nationen.no\/nyhet\/tre-vm-gull-til-norsk-sider-under-mesterskapet-i-bergen\/\">Tre gull til norsk sider under VM i Bergen &#8211; Nationen 12.11.2022<\/a><\/li>\n<li><a href=\"https:\/\/www.nationen.no\/nyhet\/er-dommer-under-sider-vm-det-er-jevnt-over-hoyt-niva\/\">Er dommer under Sider-VM: &#8211; Det er jevnt over h\u00f8yt niv\u00e5 &#8211; Nationen 12.11.2022<\/a><\/li>\n<li><a href=\"https:\/\/www.amta.no\/bringebarlandet-blant-verdens-beste-na-skal-vi-feire-med-musserende\/s\/5-3-1335754\">Bringeb\u00e6rlandet blant verdens beste: &#8211; N\u00e5 skal vi feire med musserende &#8211; amta.no 13.11.2022<\/a><\/li>\n<li><a href=\"https:\/\/boblad.no\/2022\/11\/12\/internasjonal-anerkjenning-til-to-produsentar-fra-midt-telemark\/\">Internasjonal anerkjenning til to produsentar fr\u00e5 Midt-Telemark &#8211; B\u00f8 blad 12.11.2022<\/a><\/li>\n<li><a href=\"https:\/\/www.totenidag.no\/na-lanseres-sider-fra-toten-har-fatt-nasjonalt-skjenkeloyve\/s\/5-109-65827\">N\u00e5 lanseres sider fra Toten &#8211; Toten idag 01.01.2023<\/a><\/li>\n<li><a href=\"https:\/\/www.vg.no\/forbruker\/mat-og-drikke\/i\/0Q3exo\/norsk-sider-en-nasjonalskatt\">Norsk sider &#8211; en nasjonalskatt &#8211; VG 24.02.2023<\/a><\/li>\n<\/ul>\n<h2>\n\t\tCider WM-Informationen\n\t<\/h2>\n\t<p><a href=\"https:\/\/drive.google.com\/file\/d\/1JvzlVe0YftqfuGIrhaDY3Va43x1Oivok\/view?usp=sharing\">Fakten zum Cider WM<\/a><\/p>\n<p>&nbsp;<\/p>","protected":false},"excerpt":{"rendered":"<p>Foto: Balholm-Ciderhuset FAKTA OM NORSK SIDER Norsk sider produseres kun av ren eplemost som gj\u00e6res enten naturlig eller ved \u00e5 tilsette gj\u00e6r I dag finnes det n\u00e6rmere 50 sider produsenter i Norge hvorav nesten halvparten holder til i Hardanger, men det finnes ogs\u00e5 siderprodusenter\u00a0i Telemark,\u00a0 Ryfylke\/Rogaland, Sogn, Nordfjord, Sunnm\u00f8re\/M\u00f8re og Romsdal, \u00d8stlandet\/Oslo og i Tr\u00f8ndelag.&hellip;<\/p>","protected":false},"author":1,"featured_media":0,"parent":0,"menu_order":0,"comment_status":"closed","ping_status":"closed","template":"","meta":{"_acf_changed":false,"footnotes":""},"class_list":["post-1071","page","type-page","status-publish","hentry"],"acf":[],"yoast_head":"<!-- This site is optimized with the Yoast SEO plugin v25.9 - https:\/\/yoast.com\/wordpress\/plugins\/seo\/ -->\n<title>PRESSE - Siderlandet<\/title>\n<meta name=\"robots\" content=\"index, follow, max-snippet:-1, max-image-preview:large, max-video-preview:-1\" \/>\n<link rel=\"canonical\" href=\"https:\/\/www.siderlandet.no\/de\/presse\/\" \/>\n<meta property=\"og:locale\" content=\"de_DE\" \/>\n<meta property=\"og:type\" content=\"article\" \/>\n<meta property=\"og:title\" content=\"PRESSE - Siderlandet\" \/>\n<meta property=\"og:description\" content=\"Foto: Balholm-Ciderhuset FAKTA OM NORSK SIDER Norsk sider produseres kun av ren eplemost som gj\u00e6res enten naturlig eller ved \u00e5 tilsette gj\u00e6r I dag finnes det n\u00e6rmere 50 sider produsenter i Norge hvorav nesten halvparten holder til i Hardanger, men det finnes ogs\u00e5 siderprodusenter\u00a0i Telemark,\u00a0 Ryfylke\/Rogaland, Sogn, Nordfjord, Sunnm\u00f8re\/M\u00f8re og Romsdal, \u00d8stlandet\/Oslo og i Tr\u00f8ndelag.&hellip;\" \/>\n<meta property=\"og:url\" content=\"https:\/\/www.siderlandet.no\/de\/presse\/\" \/>\n<meta property=\"og:site_name\" content=\"Siderlandet\" \/>\n<meta property=\"article:publisher\" content=\"https:\/\/www.facebook.com\/siderlandetnorge\/\" \/>\n<meta property=\"article:modified_time\" content=\"2023-05-05T07:28:08+00:00\" \/>\n<meta property=\"og:image\" content=\"https:\/\/www.siderlandet.no\/wp-content\/uploads\/2022\/04\/20180613_Balholm-Ciderhuset_02001-1024x684.jpg\" \/>\n<meta name=\"twitter:card\" content=\"summary_large_image\" \/>\n<meta name=\"twitter:label1\" content=\"Gesch\u00e4tzte Lesezeit\" \/>\n\t<meta name=\"twitter:data1\" content=\"2\u00a0Minuten\" \/>\n<script type=\"application\/ld+json\" class=\"yoast-schema-graph\">{\"@context\":\"https:\/\/schema.org\",\"@graph\":[{\"@type\":\"WebPage\",\"@id\":\"https:\/\/www.siderlandet.no\/presse\/\",\"url\":\"https:\/\/www.siderlandet.no\/presse\/\",\"name\":\"PRESSE - Siderlandet\",\"isPartOf\":{\"@id\":\"https:\/\/www.siderlandet.no\/#website\"},\"primaryImageOfPage\":{\"@id\":\"https:\/\/www.siderlandet.no\/presse\/#primaryimage\"},\"image\":{\"@id\":\"https:\/\/www.siderlandet.no\/presse\/#primaryimage\"},\"thumbnailUrl\":\"https:\/\/www.siderlandet.no\/wp-content\/uploads\/2022\/04\/20180613_Balholm-Ciderhuset_02001-1024x684.jpg\",\"datePublished\":\"2022-04-12T12:41:44+00:00\",\"dateModified\":\"2023-05-05T07:28:08+00:00\",\"breadcrumb\":{\"@id\":\"https:\/\/www.siderlandet.no\/presse\/#breadcrumb\"},\"inLanguage\":\"de\",\"potentialAction\":[{\"@type\":\"ReadAction\",\"target\":[\"https:\/\/www.siderlandet.no\/presse\/\"]}]},{\"@type\":\"ImageObject\",\"inLanguage\":\"de\",\"@id\":\"https:\/\/www.siderlandet.no\/presse\/#primaryimage\",\"url\":\"https:\/\/www.siderlandet.no\/wp-content\/uploads\/2022\/04\/20180613_Balholm-Ciderhuset_02001-1024x684.jpg\",\"contentUrl\":\"https:\/\/www.siderlandet.no\/wp-content\/uploads\/2022\/04\/20180613_Balholm-Ciderhuset_02001-1024x684.jpg\"},{\"@type\":\"BreadcrumbList\",\"@id\":\"https:\/\/www.siderlandet.no\/presse\/#breadcrumb\",\"itemListElement\":[{\"@type\":\"ListItem\",\"position\":1,\"name\":\"Hjem\",\"item\":\"https:\/\/www.siderlandet.no\/\"},{\"@type\":\"ListItem\",\"position\":2,\"name\":\"PRESSE\"}]},{\"@type\":\"WebSite\",\"@id\":\"https:\/\/www.siderlandet.no\/#website\",\"url\":\"https:\/\/www.siderlandet.no\/\",\"name\":\"Siderlandet Norge\",\"description\":\"All norsk sider p\u00e5 ett sted\",\"publisher\":{\"@id\":\"https:\/\/www.siderlandet.no\/#organization\"},\"potentialAction\":[{\"@type\":\"SearchAction\",\"target\":{\"@type\":\"EntryPoint\",\"urlTemplate\":\"https:\/\/www.siderlandet.no\/?s={search_term_string}\"},\"query-input\":{\"@type\":\"PropertyValueSpecification\",\"valueRequired\":true,\"valueName\":\"search_term_string\"}}],\"inLanguage\":\"de\"},{\"@type\":\"Organization\",\"@id\":\"https:\/\/www.siderlandet.no\/#organization\",\"name\":\"Siderlandet Norge\",\"url\":\"https:\/\/www.siderlandet.no\/\",\"logo\":{\"@type\":\"ImageObject\",\"inLanguage\":\"de\",\"@id\":\"https:\/\/www.siderlandet.no\/#\/schema\/logo\/image\/\",\"url\":\"https:\/\/www.siderlandet.no\/wp-content\/uploads\/2023\/02\/Siderlandet_Staende_sort.png\",\"contentUrl\":\"https:\/\/www.siderlandet.no\/wp-content\/uploads\/2023\/02\/Siderlandet_Staende_sort.png\",\"width\":1867,\"height\":1372,\"caption\":\"Siderlandet Norge\"},\"image\":{\"@id\":\"https:\/\/www.siderlandet.no\/#\/schema\/logo\/image\/\"},\"sameAs\":[\"https:\/\/www.facebook.com\/siderlandetnorge\/\",\"https:\/\/www.instagram.com\/siderlandet\/\"]}]}<\/script>\n<!-- \/ Yoast SEO plugin. -->","yoast_head_json":{"title":"PRESSE - Siderlandet","robots":{"index":"index","follow":"follow","max-snippet":"max-snippet:-1","max-image-preview":"max-image-preview:large","max-video-preview":"max-video-preview:-1"},"canonical":"https:\/\/www.siderlandet.no\/de\/presse\/","og_locale":"de_DE","og_type":"article","og_title":"PRESSE - Siderlandet","og_description":"Foto: Balholm-Ciderhuset FAKTA OM NORSK SIDER Norsk sider produseres kun av ren eplemost som gj\u00e6res enten naturlig eller ved \u00e5 tilsette gj\u00e6r I dag finnes det n\u00e6rmere 50 sider produsenter i Norge hvorav nesten halvparten holder til i Hardanger, men det finnes ogs\u00e5 siderprodusenter\u00a0i Telemark,\u00a0 Ryfylke\/Rogaland, Sogn, Nordfjord, Sunnm\u00f8re\/M\u00f8re og Romsdal, \u00d8stlandet\/Oslo og i Tr\u00f8ndelag.&hellip;","og_url":"https:\/\/www.siderlandet.no\/de\/presse\/","og_site_name":"Siderlandet","article_publisher":"https:\/\/www.facebook.com\/siderlandetnorge\/","article_modified_time":"2023-05-05T07:28:08+00:00","og_image":[{"url":"https:\/\/www.siderlandet.no\/wp-content\/uploads\/2022\/04\/20180613_Balholm-Ciderhuset_02001-1024x684.jpg","type":"","width":"","height":""}],"twitter_card":"summary_large_image","twitter_misc":{"Gesch\u00e4tzte Lesezeit":"2\u00a0Minuten"},"schema":{"@context":"https:\/\/schema.org","@graph":[{"@type":"WebPage","@id":"https:\/\/www.siderlandet.no\/presse\/","url":"https:\/\/www.siderlandet.no\/presse\/","name":"PRESSE - Siderlandet","isPartOf":{"@id":"https:\/\/www.siderlandet.no\/#website"},"primaryImageOfPage":{"@id":"https:\/\/www.siderlandet.no\/presse\/#primaryimage"},"image":{"@id":"https:\/\/www.siderlandet.no\/presse\/#primaryimage"},"thumbnailUrl":"https:\/\/www.siderlandet.no\/wp-content\/uploads\/2022\/04\/20180613_Balholm-Ciderhuset_02001-1024x684.jpg","datePublished":"2022-04-12T12:41:44+00:00","dateModified":"2023-05-05T07:28:08+00:00","breadcrumb":{"@id":"https:\/\/www.siderlandet.no\/presse\/#breadcrumb"},"inLanguage":"de","potentialAction":[{"@type":"ReadAction","target":["https:\/\/www.siderlandet.no\/presse\/"]}]},{"@type":"ImageObject","inLanguage":"de","@id":"https:\/\/www.siderlandet.no\/presse\/#primaryimage","url":"https:\/\/www.siderlandet.no\/wp-content\/uploads\/2022\/04\/20180613_Balholm-Ciderhuset_02001-1024x684.jpg","contentUrl":"https:\/\/www.siderlandet.no\/wp-content\/uploads\/2022\/04\/20180613_Balholm-Ciderhuset_02001-1024x684.jpg"},{"@type":"BreadcrumbList","@id":"https:\/\/www.siderlandet.no\/presse\/#breadcrumb","itemListElement":[{"@type":"ListItem","position":1,"name":"Hjem","item":"https:\/\/www.siderlandet.no\/"},{"@type":"ListItem","position":2,"name":"PRESSE"}]},{"@type":"WebSite","@id":"https:\/\/www.siderlandet.no\/#website","url":"https:\/\/www.siderlandet.no\/","name":"Siderlandet Norge","description":"Alle norwegischen Seiten an einem Ort","publisher":{"@id":"https:\/\/www.siderlandet.no\/#organization"},"potentialAction":[{"@type":"SearchAction","target":{"@type":"EntryPoint","urlTemplate":"https:\/\/www.siderlandet.no\/?s={search_term_string}"},"query-input":{"@type":"PropertyValueSpecification","valueRequired":true,"valueName":"search_term_string"}}],"inLanguage":"de"},{"@type":"Organization","@id":"https:\/\/www.siderlandet.no\/#organization","name":"Siderlandet Norge","url":"https:\/\/www.siderlandet.no\/","logo":{"@type":"ImageObject","inLanguage":"de","@id":"https:\/\/www.siderlandet.no\/#\/schema\/logo\/image\/","url":"https:\/\/www.siderlandet.no\/wp-content\/uploads\/2023\/02\/Siderlandet_Staende_sort.png","contentUrl":"https:\/\/www.siderlandet.no\/wp-content\/uploads\/2023\/02\/Siderlandet_Staende_sort.png","width":1867,"height":1372,"caption":"Siderlandet Norge"},"image":{"@id":"https:\/\/www.siderlandet.no\/#\/schema\/logo\/image\/"},"sameAs":["https:\/\/www.facebook.com\/siderlandetnorge\/","https:\/\/www.instagram.com\/siderlandet\/"]}]}},"_links":{"self":[{"href":"https:\/\/www.siderlandet.no\/de\/wp-json\/wp\/v2\/pages\/1071","targetHints":{"allow":["GET"]}}],"collection":[{"href":"https:\/\/www.siderlandet.no\/de\/wp-json\/wp\/v2\/pages"}],"about":[{"href":"https:\/\/www.siderlandet.no\/de\/wp-json\/wp\/v2\/types\/page"}],"author":[{"embeddable":true,"href":"https:\/\/www.siderlandet.no\/de\/wp-json\/wp\/v2\/users\/1"}],"replies":[{"embeddable":true,"href":"https:\/\/www.siderlandet.no\/de\/wp-json\/wp\/v2\/comments?post=1071"}],"version-history":[{"count":17,"href":"https:\/\/www.siderlandet.no\/de\/wp-json\/wp\/v2\/pages\/1071\/revisions"}],"predecessor-version":[{"id":5408,"href":"https:\/\/www.siderlandet.no\/de\/wp-json\/wp\/v2\/pages\/1071\/revisions\/5408"}],"wp:attachment":[{"href":"https:\/\/www.siderlandet.no\/de\/wp-json\/wp\/v2\/media?parent=1071"}],"curies":[{"name":"wp","href":"https:\/\/api.w.org\/{rel}","templated":true}]}}